{"id":3883,"date":"2025-10-09T00:00:00","date_gmt":"2025-10-08T22:00:00","guid":{"rendered":"https:\/\/yotavis.ch\/product\/ws4khd-mso\/"},"modified":"2026-04-24T13:31:33","modified_gmt":"2026-04-24T11:31:33","slug":"ws4khd-mso","status":"publish","type":"product","link":"https:\/\/yotavis.ch\/de\/produkt\/ws4khd-mso\/","title":{"rendered":"WS4KHD-MSO"},"content":{"rendered":"<p>Das WS4KHD-MSO ist eine Mixed-Signal-Option f\u00fcr den WaveSurfer 4000HD und umfasst einen Tastkopf, Zubeh\u00f6r und eine Lizenz. Dieses Produkt wird von Teledyne Lecroy hergestellt. Es dient als Zusatzkomponente zur Erweiterung der F\u00e4higkeiten des WaveSurfer 4000HD-Systems durch die Bereitstellung von Mixed-Signal-Funktionalit\u00e4t. Mit der mitgelieferten Sonde und dem notwendigen Zubeh\u00f6r wird sichergestellt, dass der Benutzer \u00fcber die f\u00fcr den Betrieb erforderlichen Werkzeuge verf\u00fcgt. Dar\u00fcber hinaus berechtigt die im Lieferumfang enthaltene Lizenz zur Nutzung der Mixed-Signal-Option, die sich nahtlos in die vorhandene Hardware einf\u00fcgt. Diese Option ist auf die Bed\u00fcrfnisse von Anwendern zugeschnitten, die eine Mixed-Signal-Analyse innerhalb der WaveSurfer 4000HD-Plattform ben\u00f6tigen.<\/p>","protected":false},"excerpt":{"rendered":"<p>Mixed-Signal-Option f\u00fcr WaveSurfer 4000HD (einschlie\u00dflich Tastkopf, Zubeh\u00f6r und Lizenz)<\/p>","protected":false},"featured_media":6989,"comment_status":"closed","ping_status":"closed","template":"","meta":{"_acf_changed":false,"slim_seo":{"title":"WS4KHD-MSO - YOTAVIS AG","description":"Mixed-Signal-Option f\u00fcr WaveSurfer 4000HD (einschlie\u00dflich Tastkopf, Zubeh\u00f6r und Lizenz)"}},"product_brand":[542],"product_cat":[510,509],"product_tag":[],"class_list":{"0":"post-3883","1":"product","2":"type-product","3":"status-publish","4":"has-post-thumbnail","6":"product_brand-lecroy","7":"product_cat-others-en","8":"product_cat-probes-en","9":"pa_imax-ac-a-1019","11":"first","12":"instock","13":"taxable","14":"shipping-taxable","15":"purchasable","16":"product-type-simple"},"acf":[],"_links":{"self":[{"href":"https:\/\/yotavis.ch\/de\/wp-json\/wp\/v2\/product\/3883","targetHints":{"allow":["GET"]}}],"collection":[{"href":"https:\/\/yotavis.ch\/de\/wp-json\/wp\/v2\/product"}],"about":[{"href":"https:\/\/yotavis.ch\/de\/wp-json\/wp\/v2\/types\/product"}],"replies":[{"embeddable":true,"href":"https:\/\/yotavis.ch\/de\/wp-json\/wp\/v2\/comments?post=3883"}],"wp:featuredmedia":[{"embeddable":true,"href":"https:\/\/yotavis.ch\/de\/wp-json\/wp\/v2\/media\/6989"}],"wp:attachment":[{"href":"https:\/\/yotavis.ch\/de\/wp-json\/wp\/v2\/media?parent=3883"}],"wp:term":[{"taxonomy":"product_brand","embeddable":true,"href":"https:\/\/yotavis.ch\/de\/wp-json\/wp\/v2\/product_brand?post=3883"},{"taxonomy":"product_cat","embeddable":true,"href":"https:\/\/yotavis.ch\/de\/wp-json\/wp\/v2\/product_cat?post=3883"},{"taxonomy":"product_tag","embeddable":true,"href":"https:\/\/yotavis.ch\/de\/wp-json\/wp\/v2\/product_tag?post=3883"}],"curies":[{"name":"wp","href":"https:\/\/api.w.org\/{rel}","templated":true}]}}