{"id":3884,"date":"2025-10-09T00:00:00","date_gmt":"2025-10-08T22:00:00","guid":{"rendered":"https:\/\/yotavis.ch\/product\/hdo4104a\/"},"modified":"2026-04-24T13:31:35","modified_gmt":"2026-04-24T11:31:35","slug":"hdo4104a","status":"publish","type":"product","link":"https:\/\/yotavis.ch\/de\/produkt\/hdo4104a\/","title":{"rendered":"HDO4104A"},"content":{"rendered":"<p>Das HDO4104A von Teledyne Lecroy ist ein hochaufl\u00f6sendes Oszilloskop mit einer Bandbreite von 1 GHz und einer Abtastrate von 10 GS\/s \u00fcber seine vier Kan\u00e4le. Jeder Kanal ist mit einer Speichertiefe von 12,5 Millionen Punkten ausgestattet, was insgesamt 25 Millionen Punkte f\u00fcr alle Kan\u00e4le zusammen ergibt. Das Ger\u00e4t bietet eine vertikale Aufl\u00f6sung von 12 Bit und erm\u00f6glicht so eine detaillierte Signalanalyse. Es verf\u00fcgt \u00fcber ein 12,1-Zoll-WXGA-Farbdisplay mit Touchscreen-Funktionalit\u00e4t, die die Interaktion mit dem Benutzer und die Visualisierung der Daten verbessert. Das Oszilloskop unterst\u00fctzt keine digitalen Kan\u00e4le, bietet aber pr\u00e4zise analoge Signalmessfunktionen. Dieses Modell ist mit seiner hohen Abtastrate und umfangreichen Speichertiefe f\u00fcr die Analyse komplexer Wellenformen ausgelegt und eignet sich daher f\u00fcr verschiedene Pr\u00fcf- und Diagnoseanwendungen. Die Kombination dieser Funktionen erm\u00f6glicht eine detaillierte und genaue Signalerfassung und -analyse.<\/p>","protected":false},"excerpt":{"rendered":"<p>1 GHz, 10 GS\/s, 4 Ch, 12.5 Mpts\/Ch, 12-Bit HD Oscilloscope with 12.1&#8243; WXGA Color Display<\/p>","protected":false},"featured_media":7060,"comment_status":"closed","ping_status":"closed","template":"","meta":{"_acf_changed":false,"slim_seo":{"title":"HDO4104A - YOTAVIS AG","description":"1 GHz, 10 GS\/s, 4 Kan\u00e4le, 12,5 Mpts\/Ch, 12-Bit HD-Oszilloskop mit 12,1\" WXGA-Farbdisplay"}},"product_brand":[542],"product_cat":[508,507],"product_tag":[],"class_list":{"0":"post-3884","1":"product","2":"type-product","3":"status-publish","4":"has-post-thumbnail","6":"product_brand-lecroy","7":"product_cat-desktop-en","8":"product_cat-oscilloscope","9":"pa_bandwidth-mhz-84","10":"pa_channels-338","11":"pa_digital-channels-no","12":"pa_imax-ac-a-1019","13":"pa_memory-depht-mpts-295","14":"pa_sampling-rate-channels-ms-s-455","15":"pa_touch-screen-yes","16":"pa_vertical-resolution-bits-348","18":"first","19":"instock","20":"taxable","21":"shipping-taxable","22":"purchasable","23":"product-type-simple"},"acf":[],"_links":{"self":[{"href":"https:\/\/yotavis.ch\/de\/wp-json\/wp\/v2\/product\/3884","targetHints":{"allow":["GET"]}}],"collection":[{"href":"https:\/\/yotavis.ch\/de\/wp-json\/wp\/v2\/product"}],"about":[{"href":"https:\/\/yotavis.ch\/de\/wp-json\/wp\/v2\/types\/product"}],"replies":[{"embeddable":true,"href":"https:\/\/yotavis.ch\/de\/wp-json\/wp\/v2\/comments?post=3884"}],"wp:featuredmedia":[{"embeddable":true,"href":"https:\/\/yotavis.ch\/de\/wp-json\/wp\/v2\/media\/7060"}],"wp:attachment":[{"href":"https:\/\/yotavis.ch\/de\/wp-json\/wp\/v2\/media?parent=3884"}],"wp:term":[{"taxonomy":"product_brand","embeddable":true,"href":"https:\/\/yotavis.ch\/de\/wp-json\/wp\/v2\/product_brand?post=3884"},{"taxonomy":"product_cat","embeddable":true,"href":"https:\/\/yotavis.ch\/de\/wp-json\/wp\/v2\/product_cat?post=3884"},{"taxonomy":"product_tag","embeddable":true,"href":"https:\/\/yotavis.ch\/de\/wp-json\/wp\/v2\/product_tag?post=3884"}],"curies":[{"name":"wp","href":"https:\/\/api.w.org\/{rel}","templated":true}]}}