{"id":3885,"date":"2025-10-09T00:00:00","date_gmt":"2025-10-08T22:00:00","guid":{"rendered":"https:\/\/yotavis.ch\/product\/hdo4104a-ms\/"},"modified":"2026-04-24T13:31:35","modified_gmt":"2026-04-24T11:31:35","slug":"hdo4104a-ms","status":"publish","type":"product","link":"https:\/\/yotavis.ch\/de\/produkt\/hdo4104a-ms\/","title":{"rendered":"HDO4104A-MS"},"content":{"rendered":"<p>Das HDO4104A-MS von Teledyne Lecroy ist ein leistungsstarkes Mixed-Signal-Oszilloskop mit einer Bandbreite von 1 GHz und 4 analogen Kan\u00e4len, die durch 16 digitale Kan\u00e4le erg\u00e4nzt werden. Es bietet eine vertikale Aufl\u00f6sung von 12 Bit und eine maximale Abtastrate von 10 GS\/s pro Kanal, was eine detaillierte Signalanalyse erm\u00f6glicht. Jeder Kanal ist mit einer Speichertiefe von 12,5 Millionen Punkten ausgestattet, was eine umfangreiche Datenerfassung und -auswertung erm\u00f6glicht. Das Ger\u00e4t verf\u00fcgt \u00fcber ein 12,1-Zoll-WXGA-Farbdisplay, das Touchscreen-Funktionen unterst\u00fctzt und so die Interaktion mit dem Benutzer und die Benutzerfreundlichkeit verbessert. Mit einer Gesamtspeichertiefe von 25 Millionen Punkten ist das Oszilloskop in der Lage, komplexe Wellenformen und lange Erfassungszeiten zu verarbeiten. Durch die Kombination aus hoher Bandbreite, hoher Abtastrate und gro\u00dfem Speicher eignet sich dieses Ger\u00e4t f\u00fcr eine Vielzahl von elektronischen Test- und Debugging-Anwendungen. Die Einbeziehung digitaler Kan\u00e4le erweitert seine F\u00e4higkeiten f\u00fcr Mixed-Signal-Umgebungen und bietet umfassende Signalvisualisierungs- und -analyseoptionen.<\/p>","protected":false},"excerpt":{"rendered":"<p>1 GHz, 4+16 Ch, 12-Bit, 10 GS\/s, 12.5 Mpts\/Ch HD Mixed-Signal Oscilloscope with 12.1&#8243; WXGA Color Dis<\/p>","protected":false},"featured_media":7064,"comment_status":"closed","ping_status":"closed","template":"","meta":{"_acf_changed":false,"slim_seo":{"title":"HDO4104A-MS - YOTAVIS AG","description":"1 GHz, 4+16 Kan\u00e4le, 12-Bit, 10 GS\/s, 12,5 Mpts\/Ch HD Mixed-Signal Oszilloskop mit 12,1\" WXGA Farbdisplay"}},"product_brand":[542],"product_cat":[508,507],"product_tag":[],"class_list":{"0":"post-3885","1":"product","2":"type-product","3":"status-publish","4":"has-post-thumbnail","6":"product_brand-lecroy","7":"product_cat-desktop-en","8":"product_cat-oscilloscope","9":"pa_bandwidth-mhz-84","10":"pa_channels-338","11":"pa_digital-channels-yes","12":"pa_imax-ac-a-1019","13":"pa_memory-depht-mpts-295","14":"pa_sampling-rate-channels-ms-s-455","15":"pa_touch-screen-yes","16":"pa_vertical-resolution-bits-348","18":"first","19":"instock","20":"taxable","21":"shipping-taxable","22":"purchasable","23":"product-type-simple"},"acf":[],"_links":{"self":[{"href":"https:\/\/yotavis.ch\/de\/wp-json\/wp\/v2\/product\/3885","targetHints":{"allow":["GET"]}}],"collection":[{"href":"https:\/\/yotavis.ch\/de\/wp-json\/wp\/v2\/product"}],"about":[{"href":"https:\/\/yotavis.ch\/de\/wp-json\/wp\/v2\/types\/product"}],"replies":[{"embeddable":true,"href":"https:\/\/yotavis.ch\/de\/wp-json\/wp\/v2\/comments?post=3885"}],"wp:featuredmedia":[{"embeddable":true,"href":"https:\/\/yotavis.ch\/de\/wp-json\/wp\/v2\/media\/7064"}],"wp:attachment":[{"href":"https:\/\/yotavis.ch\/de\/wp-json\/wp\/v2\/media?parent=3885"}],"wp:term":[{"taxonomy":"product_brand","embeddable":true,"href":"https:\/\/yotavis.ch\/de\/wp-json\/wp\/v2\/product_brand?post=3885"},{"taxonomy":"product_cat","embeddable":true,"href":"https:\/\/yotavis.ch\/de\/wp-json\/wp\/v2\/product_cat?post=3885"},{"taxonomy":"product_tag","embeddable":true,"href":"https:\/\/yotavis.ch\/de\/wp-json\/wp\/v2\/product_tag?post=3885"}],"curies":[{"name":"wp","href":"https:\/\/api.w.org\/{rel}","templated":true}]}}