{"id":3887,"date":"2025-10-09T00:00:00","date_gmt":"2025-10-08T22:00:00","guid":{"rendered":"https:\/\/yotavis.ch\/product\/hdo4054a-ms\/"},"modified":"2026-04-24T13:31:36","modified_gmt":"2026-04-24T11:31:36","slug":"hdo4054a-ms","status":"publish","type":"product","link":"https:\/\/yotavis.ch\/de\/produkt\/hdo4054a-ms\/","title":{"rendered":"HDO4054A-MS"},"content":{"rendered":"<p>Das HDO4054A-MS von Teledyne Lecroy ist ein leistungsstarkes Mixed-Signal-Oszilloskop mit einer Bandbreite von 500 MHz und vier analogen Kan\u00e4len. Es bietet eine Abtastrate von 10 GS\/s pro Kanal und erm\u00f6glicht eine detaillierte Signalanalyse mit einer vertikalen Aufl\u00f6sung von 12 Bit. Jeder Kanal ist mit einer Speichertiefe von 12,5 Millionen Punkten ausgestattet, was umfangreiche Datenerfassungsm\u00f6glichkeiten bietet. Das Ger\u00e4t verf\u00fcgt au\u00dferdem \u00fcber 16 digitale Kan\u00e4le, die seine Mixed-Signal-Funktionalit\u00e4t erweitern. Das Oszilloskop ist mit einem 12,1-Zoll-WXGA-Farbdisplay ausgestattet, das Touchscreen-Bedienung unterst\u00fctzt und so eine intuitive Benutzerinteraktion erm\u00f6glicht. Mit einer Gesamtspeichertiefe von 25 Millionen Punkten unterst\u00fctzt es die Erfassung und Analyse komplexer Wellenformen. Dieses Modell ist f\u00fcr eine Vielzahl von Pr\u00fcfszenarien ausgelegt, die pr\u00e4zise Timing- und Signalintegrit\u00e4tsmessungen erfordern.<\/p>","protected":false},"excerpt":{"rendered":"<p>500 MHz, 4+16 Ch, 12-Bit, 10 GS\/s, 12.5 Mpts\/Ch HD Mixed-Signal Oscilloscope with 12.1&#8243; WXGA Color D<\/p>","protected":false},"featured_media":7070,"comment_status":"closed","ping_status":"closed","template":"","meta":{"_acf_changed":false,"slim_seo":{"title":"HDO4054A-MS - YOTAVIS AG","description":"500 MHz, 4+16 Kan\u00e4le, 12-Bit, 10 GS\/s, 12,5 Mpts\/Ch HD Mixed-Signal Oszilloskop mit 12,1\" WXGA Farbdisplay"}},"product_brand":[542],"product_cat":[508,507],"product_tag":[],"class_list":{"0":"post-3887","1":"product","2":"type-product","3":"status-publish","4":"has-post-thumbnail","6":"product_brand-lecroy","7":"product_cat-desktop-en","8":"product_cat-oscilloscope","9":"pa_bandwidth-mhz-83","10":"pa_channels-338","11":"pa_digital-channels-yes","12":"pa_imax-ac-a-1019","13":"pa_memory-depht-mpts-295","14":"pa_sampling-rate-channels-ms-s-455","15":"pa_touch-screen-yes","16":"pa_vertical-resolution-bits-348","18":"first","19":"instock","20":"taxable","21":"shipping-taxable","22":"purchasable","23":"product-type-simple"},"acf":[],"_links":{"self":[{"href":"https:\/\/yotavis.ch\/de\/wp-json\/wp\/v2\/product\/3887","targetHints":{"allow":["GET"]}}],"collection":[{"href":"https:\/\/yotavis.ch\/de\/wp-json\/wp\/v2\/product"}],"about":[{"href":"https:\/\/yotavis.ch\/de\/wp-json\/wp\/v2\/types\/product"}],"replies":[{"embeddable":true,"href":"https:\/\/yotavis.ch\/de\/wp-json\/wp\/v2\/comments?post=3887"}],"wp:featuredmedia":[{"embeddable":true,"href":"https:\/\/yotavis.ch\/de\/wp-json\/wp\/v2\/media\/7070"}],"wp:attachment":[{"href":"https:\/\/yotavis.ch\/de\/wp-json\/wp\/v2\/media?parent=3887"}],"wp:term":[{"taxonomy":"product_brand","embeddable":true,"href":"https:\/\/yotavis.ch\/de\/wp-json\/wp\/v2\/product_brand?post=3887"},{"taxonomy":"product_cat","embeddable":true,"href":"https:\/\/yotavis.ch\/de\/wp-json\/wp\/v2\/product_cat?post=3887"},{"taxonomy":"product_tag","embeddable":true,"href":"https:\/\/yotavis.ch\/de\/wp-json\/wp\/v2\/product_tag?post=3887"}],"curies":[{"name":"wp","href":"https:\/\/api.w.org\/{rel}","templated":true}]}}