{"id":3889,"date":"2025-10-09T00:00:00","date_gmt":"2025-10-08T22:00:00","guid":{"rendered":"https:\/\/yotavis.ch\/product\/hdo4034a-ms\/"},"modified":"2026-04-24T13:31:37","modified_gmt":"2026-04-24T11:31:37","slug":"hdo4034a-ms","status":"publish","type":"product","link":"https:\/\/yotavis.ch\/de\/produkt\/hdo4034a-ms\/","title":{"rendered":"HDO4034A-MS"},"content":{"rendered":"<p>Das HDO4034A-MS von Teledyne Lecroy ist ein hochaufl\u00f6sendes Mixed-Signal-Oszilloskop mit einer Bandbreite von 350 MHz und vier analogen Kan\u00e4len, die durch sechzehn digitale Kan\u00e4le erg\u00e4nzt werden. Es bietet eine vertikale Aufl\u00f6sung von 12 Bit und eine maximale Abtastrate von 10 GS\/s pro Kanal, was eine detaillierte Signalanalyse erm\u00f6glicht. Jeder Kanal ist mit einer Speichertiefe von 12,5 Millionen Punkten ausgestattet, insgesamt 25 Millionen Punkte \u00fcber alle Kan\u00e4le, was eine umfangreiche Datenerfassung f\u00fcr komplexe Wellenformen erm\u00f6glicht. Das Ger\u00e4t verf\u00fcgt \u00fcber ein 12,1-Zoll-WXGA-Farbdisplay mit Touchscreen-Funktionalit\u00e4t, das eine intuitive Bedienung und klare Visualisierung von Signalen erm\u00f6glicht. Dieses Oszilloskop ist f\u00fcr pr\u00e4zise Hochgeschwindigkeitsmessungen ausgelegt und eignet sich daher f\u00fcr verschiedene Test- und Diagnoseanwendungen. Seine Mixed-Signal-F\u00e4higkeit erm\u00f6glicht die gleichzeitige Analyse von analogen und digitalen Signalen, was die Vielseitigkeit bei der Signaluntersuchung erh\u00f6ht. Die Kombination aus hoher Abtastrate, gro\u00dfem Speicher und mehreren Kan\u00e4len erm\u00f6glicht einen umfassenden Einblick in das Signalverhalten im Zeitverlauf.<\/p>","protected":false},"excerpt":{"rendered":"<p>350 MHz, 4+16 Ch, 12-Bit, 10 GS\/s, 12.5 Mpts\/Ch HD Mixed-Signal Oscilloscope with 12.1&#8243; WXGA Color D<\/p>","protected":false},"featured_media":7075,"comment_status":"closed","ping_status":"closed","template":"","meta":{"_acf_changed":false,"slim_seo":{"title":"HDO4034A-MS - YOTAVIS AG","description":"350 MHz, 4+16 Kan\u00e4le, 12-Bit, 10 GS\/s, 12,5 Mpts\/Ch HD Mixed-Signal Oszilloskop mit 12,1\" WXGA Farbdisplay"}},"product_brand":[542],"product_cat":[508,507],"product_tag":[],"class_list":{"0":"post-3889","1":"product","2":"type-product","3":"status-publish","4":"has-post-thumbnail","6":"product_brand-lecroy","7":"product_cat-desktop-en","8":"product_cat-oscilloscope","9":"pa_bandwidth-mhz-76","10":"pa_channels-338","11":"pa_digital-channels-yes","12":"pa_imax-ac-a-1019","13":"pa_memory-depht-mpts-295","14":"pa_sampling-rate-channels-ms-s-455","15":"pa_touch-screen-yes","16":"pa_vertical-resolution-bits-348","18":"first","19":"instock","20":"taxable","21":"shipping-taxable","22":"purchasable","23":"product-type-simple"},"acf":[],"_links":{"self":[{"href":"https:\/\/yotavis.ch\/de\/wp-json\/wp\/v2\/product\/3889","targetHints":{"allow":["GET"]}}],"collection":[{"href":"https:\/\/yotavis.ch\/de\/wp-json\/wp\/v2\/product"}],"about":[{"href":"https:\/\/yotavis.ch\/de\/wp-json\/wp\/v2\/types\/product"}],"replies":[{"embeddable":true,"href":"https:\/\/yotavis.ch\/de\/wp-json\/wp\/v2\/comments?post=3889"}],"wp:featuredmedia":[{"embeddable":true,"href":"https:\/\/yotavis.ch\/de\/wp-json\/wp\/v2\/media\/7075"}],"wp:attachment":[{"href":"https:\/\/yotavis.ch\/de\/wp-json\/wp\/v2\/media?parent=3889"}],"wp:term":[{"taxonomy":"product_brand","embeddable":true,"href":"https:\/\/yotavis.ch\/de\/wp-json\/wp\/v2\/product_brand?post=3889"},{"taxonomy":"product_cat","embeddable":true,"href":"https:\/\/yotavis.ch\/de\/wp-json\/wp\/v2\/product_cat?post=3889"},{"taxonomy":"product_tag","embeddable":true,"href":"https:\/\/yotavis.ch\/de\/wp-json\/wp\/v2\/product_tag?post=3889"}],"curies":[{"name":"wp","href":"https:\/\/api.w.org\/{rel}","templated":true}]}}