{"id":3890,"date":"2025-10-09T00:00:00","date_gmt":"2025-10-08T22:00:00","guid":{"rendered":"https:\/\/yotavis.ch\/product\/hdo4024a\/"},"modified":"2026-04-24T13:31:37","modified_gmt":"2026-04-24T11:31:37","slug":"hdo4024a","status":"publish","type":"product","link":"https:\/\/yotavis.ch\/de\/produkt\/hdo4024a\/","title":{"rendered":"HDO4024A"},"content":{"rendered":"<p>Das HDO4024A von Teledyne Lecroy ist ein hochaufl\u00f6sendes Oszilloskop mit einer Bandbreite von 200 MHz und einer Abtastrate von 10 GS\/s \u00fcber seine vier Kan\u00e4le. Jeder Kanal ist mit einer Speichertiefe von 12,5 Millionen Punkten ausgestattet, was eine detaillierte Signalanalyse und Datenerfassung erm\u00f6glicht. Das Ger\u00e4t bietet eine vertikale Aufl\u00f6sung von 12 Bit, was die Pr\u00e4zision der Wellenformmessungen erh\u00f6ht. Es verf\u00fcgt \u00fcber ein 12,1-Zoll-WXGA-Farbdisplay mit Touchscreen-Funktionalit\u00e4t, das dem Benutzer eine interaktive und \u00fcbersichtliche Schnittstelle bietet. Die verf\u00fcgbare Gesamt-Speichertiefe betr\u00e4gt 25 Millionen Punkte, was eine erweiterte Datenerfassung erm\u00f6glicht. Dieses Oszilloskop verf\u00fcgt \u00fcber keine digitalen Kan\u00e4le und konzentriert sich ausschlie\u00dflich auf die analoge Signalverarbeitung. Durch die Kombination aus hoher Abtastrate, gro\u00dfer Speichertiefe und fortschrittlichen Anzeigefunktionen eignet sich das Ger\u00e4t f\u00fcr verschiedene detaillierte elektronische Pr\u00fcf- und Messanwendungen.<\/p>","protected":false},"excerpt":{"rendered":"<p>200 MHz, 10 GS\/s, 4 Ch, 12.5 Mpts\/Ch, 12-Bit HD Oscilloscope with 12.1&#8243; WXGA Color Display<\/p>","protected":false},"featured_media":7076,"comment_status":"closed","ping_status":"closed","template":"","meta":{"_acf_changed":false,"slim_seo":{"title":"HDO4024A - YOTAVIS AG","description":"200 MHz, 10 GS\/s, 4 Kan\u00e4le, 12,5 Mpts\/Ch, 12-Bit HD Oszilloskop mit 12,1\" WXGA Farbdisplay"}},"product_brand":[542],"product_cat":[508,507],"product_tag":[],"class_list":{"0":"post-3890","1":"product","2":"type-product","3":"status-publish","4":"has-post-thumbnail","6":"product_brand-lecroy","7":"product_cat-desktop-en","8":"product_cat-oscilloscope","9":"pa_bandwidth-mhz-92","10":"pa_channels-338","11":"pa_digital-channels-no","12":"pa_imax-ac-a-1019","13":"pa_memory-depht-mpts-295","14":"pa_sampling-rate-channels-ms-s-455","15":"pa_touch-screen-yes","16":"pa_vertical-resolution-bits-348","18":"first","19":"instock","20":"taxable","21":"shipping-taxable","22":"purchasable","23":"product-type-simple"},"acf":[],"_links":{"self":[{"href":"https:\/\/yotavis.ch\/de\/wp-json\/wp\/v2\/product\/3890","targetHints":{"allow":["GET"]}}],"collection":[{"href":"https:\/\/yotavis.ch\/de\/wp-json\/wp\/v2\/product"}],"about":[{"href":"https:\/\/yotavis.ch\/de\/wp-json\/wp\/v2\/types\/product"}],"replies":[{"embeddable":true,"href":"https:\/\/yotavis.ch\/de\/wp-json\/wp\/v2\/comments?post=3890"}],"wp:featuredmedia":[{"embeddable":true,"href":"https:\/\/yotavis.ch\/de\/wp-json\/wp\/v2\/media\/7076"}],"wp:attachment":[{"href":"https:\/\/yotavis.ch\/de\/wp-json\/wp\/v2\/media?parent=3890"}],"wp:term":[{"taxonomy":"product_brand","embeddable":true,"href":"https:\/\/yotavis.ch\/de\/wp-json\/wp\/v2\/product_brand?post=3890"},{"taxonomy":"product_cat","embeddable":true,"href":"https:\/\/yotavis.ch\/de\/wp-json\/wp\/v2\/product_cat?post=3890"},{"taxonomy":"product_tag","embeddable":true,"href":"https:\/\/yotavis.ch\/de\/wp-json\/wp\/v2\/product_tag?post=3890"}],"curies":[{"name":"wp","href":"https:\/\/api.w.org\/{rel}","templated":true}]}}