{"id":3891,"date":"2025-10-09T00:00:00","date_gmt":"2025-10-08T22:00:00","guid":{"rendered":"https:\/\/yotavis.ch\/product\/t3afg30\/"},"modified":"2026-04-24T13:31:37","modified_gmt":"2026-04-24T11:31:37","slug":"t3afg30","status":"publish","type":"product","link":"https:\/\/yotavis.ch\/de\/produkt\/t3afg30\/","title":{"rendered":"T3AFG30"},"content":{"rendered":"<p>Der Teledyne Lecroy T3AFG30 ist ein Funktions-\/Arbitr\u00e4rsignalgenerator mit einer maximalen Frequenz von 30 MHz und einer Abtastrate von 150 MS\/s. Er verf\u00fcgt \u00fcber eine Speichertiefe von 16 kpts, was eine detaillierte Wellenformerzeugung erm\u00f6glicht. Das Ger\u00e4t unterst\u00fctzt zwei Kan\u00e4le und bietet eine Amplitude von 10 V Spitze-Spitze. Er verf\u00fcgt \u00fcber Sweep- und Burst-Funktionen, die seine Vielseitigkeit f\u00fcr verschiedene Aufgaben der Signalerzeugung erh\u00f6hen. Die minimale \u00dcbergangszeit betr\u00e4gt 16,8 ns und die minimale Impulsbreite 32,6 ns, was eine pr\u00e4zise Steuerung des Wellenform-Timings erm\u00f6glicht. Die Speicherkapazit\u00e4t betr\u00e4gt 0,016 MPts und unterst\u00fctzt die Speicherung und Wiedergabe komplexer Wellenformen. Dieser Generator wurde entwickelt, um die Anforderungen von Anwendungen zu erf\u00fcllen, die eine genaue und flexible Signalausgabe erfordern.<\/p>","protected":false},"excerpt":{"rendered":"<p>30 MHz, 150 MS\/s, 16 kpts, 2 Kan\u00e4le, 20 Vpp Funktions-\/Arbitr\u00e4rwellenformgenerator<\/p>","protected":false},"featured_media":7080,"comment_status":"closed","ping_status":"closed","template":"","meta":{"_acf_changed":false,"slim_seo":{"title":"T3AFG30 - YOTAVIS AG","description":"30 MHz, 150 MS\/s, 16 kpts, 2 Kan\u00e4le, 20 Vpp Funktions-\/Arbitr\u00e4rwellenformgenerator"}},"product_brand":[542],"product_cat":[1189,541,513],"product_tag":[],"class_list":{"0":"post-3891","1":"product","2":"type-product","3":"status-publish","4":"has-post-thumbnail","6":"product_brand-lecroy","7":"product_cat-afg","8":"product_cat-awg","9":"product_cat-generator","10":"pa_amplitude-v-106","11":"pa_burst-yes","12":"pa_channels-350","13":"pa_frequency-mhz-116","14":"pa_imax-ac-a-1019","15":"pa_memory-mpts-0-016","16":"pa_pulse-width-min-ns-32-6","17":"pa_sampling-rate-ms-s-117","18":"pa_sweep-yes","19":"pa_transition-time-min-ns-16-8","20":"pa_vertical-resolution-bits-113","22":"first","23":"instock","24":"taxable","25":"shipping-taxable","26":"purchasable","27":"product-type-simple"},"acf":[],"_links":{"self":[{"href":"https:\/\/yotavis.ch\/de\/wp-json\/wp\/v2\/product\/3891","targetHints":{"allow":["GET"]}}],"collection":[{"href":"https:\/\/yotavis.ch\/de\/wp-json\/wp\/v2\/product"}],"about":[{"href":"https:\/\/yotavis.ch\/de\/wp-json\/wp\/v2\/types\/product"}],"replies":[{"embeddable":true,"href":"https:\/\/yotavis.ch\/de\/wp-json\/wp\/v2\/comments?post=3891"}],"wp:featuredmedia":[{"embeddable":true,"href":"https:\/\/yotavis.ch\/de\/wp-json\/wp\/v2\/media\/7080"}],"wp:attachment":[{"href":"https:\/\/yotavis.ch\/de\/wp-json\/wp\/v2\/media?parent=3891"}],"wp:term":[{"taxonomy":"product_brand","embeddable":true,"href":"https:\/\/yotavis.ch\/de\/wp-json\/wp\/v2\/product_brand?post=3891"},{"taxonomy":"product_cat","embeddable":true,"href":"https:\/\/yotavis.ch\/de\/wp-json\/wp\/v2\/product_cat?post=3891"},{"taxonomy":"product_tag","embeddable":true,"href":"https:\/\/yotavis.ch\/de\/wp-json\/wp\/v2\/product_tag?post=3891"}],"curies":[{"name":"wp","href":"https:\/\/api.w.org\/{rel}","templated":true}]}}