{"id":3892,"date":"2025-10-09T00:00:00","date_gmt":"2025-10-08T22:00:00","guid":{"rendered":"https:\/\/yotavis.ch\/product\/t3afg40\/"},"modified":"2026-04-24T13:31:39","modified_gmt":"2026-04-24T11:31:39","slug":"t3afg40","status":"publish","type":"product","link":"https:\/\/yotavis.ch\/de\/produkt\/t3afg40\/","title":{"rendered":"T3AFG40"},"content":{"rendered":"<p>Der T3AFG40 von Teledyne Lecroy ist ein Funktions- und Arbitr\u00e4rwellenformgenerator mit einer maximalen Frequenz von 40 MHz und einer Abtastrate von 1,2 GS\/s. Er bietet zwei Kan\u00e4le f\u00fcr die Signalausgabe und verf\u00fcgt \u00fcber eine Speichertiefe von 8 Millionen Punkten, was eine umfangreiche Speicherung und Erzeugung von Wellenformen erm\u00f6glicht. Der Baustein unterst\u00fctzt Sweep- und Burst-Modi und bietet damit vielseitige M\u00f6glichkeiten der Signalmodulation. Seine Amplitude erreicht bis zu 10 V Spitze-Spitze, mit einer minimalen Pulsbreite von 16,3 Nanosekunden und einer \u00dcbergangszeit von nur 8,4 Nanosekunden. Diese Spezifikationen erm\u00f6glichen eine pr\u00e4zise Kontrolle der Wellenformeigenschaften f\u00fcr verschiedene Pr\u00fcf- und Messanwendungen. Der T3AFG40 ist so konzipiert, dass er \u00fcber seine beiden Ausgangskan\u00e4le hinweg eine zuverl\u00e4ssige Leistung mit detaillierten Funktionen zur Erzeugung von Wellenformen bietet.<\/p>","protected":false},"excerpt":{"rendered":"<p>40 MHz, 1,2 GS\/s, 8 Mpts, 2 Kan\u00e4le, 20 Vpp Funktions-\/Arbitr\u00e4rwellenformgenerator<\/p>","protected":false},"featured_media":7086,"comment_status":"closed","ping_status":"closed","template":"","meta":{"_acf_changed":false,"slim_seo":{"title":"T3AFG40 - YOTAVIS AG","description":"40 MHz, 1,2 GS\/s, 8 Mpts, 2 Kan\u00e4le, 20 Vpp Funktions-\/Arbitr\u00e4rwellenformgenerator"}},"product_brand":[542],"product_cat":[1189,541,513],"product_tag":[],"class_list":{"0":"post-3892","1":"product","2":"type-product","3":"status-publish","4":"has-post-thumbnail","6":"product_brand-lecroy","7":"product_cat-afg","8":"product_cat-awg","9":"product_cat-generator","10":"pa_amplitude-v-106","11":"pa_burst-yes","12":"pa_channels-350","13":"pa_frequency-mhz-126","14":"pa_imax-ac-a-1019","15":"pa_memory-mpts-128","16":"pa_pulse-width-min-ns-16-3","17":"pa_sampling-rate-ms-s-297","18":"pa_sweep-yes","19":"pa_transition-time-min-ns-8-4","20":"pa_vertical-resolution-bits-125","22":"first","23":"instock","24":"taxable","25":"shipping-taxable","26":"purchasable","27":"product-type-simple"},"acf":[],"_links":{"self":[{"href":"https:\/\/yotavis.ch\/de\/wp-json\/wp\/v2\/product\/3892","targetHints":{"allow":["GET"]}}],"collection":[{"href":"https:\/\/yotavis.ch\/de\/wp-json\/wp\/v2\/product"}],"about":[{"href":"https:\/\/yotavis.ch\/de\/wp-json\/wp\/v2\/types\/product"}],"replies":[{"embeddable":true,"href":"https:\/\/yotavis.ch\/de\/wp-json\/wp\/v2\/comments?post=3892"}],"wp:featuredmedia":[{"embeddable":true,"href":"https:\/\/yotavis.ch\/de\/wp-json\/wp\/v2\/media\/7086"}],"wp:attachment":[{"href":"https:\/\/yotavis.ch\/de\/wp-json\/wp\/v2\/media?parent=3892"}],"wp:term":[{"taxonomy":"product_brand","embeddable":true,"href":"https:\/\/yotavis.ch\/de\/wp-json\/wp\/v2\/product_brand?post=3892"},{"taxonomy":"product_cat","embeddable":true,"href":"https:\/\/yotavis.ch\/de\/wp-json\/wp\/v2\/product_cat?post=3892"},{"taxonomy":"product_tag","embeddable":true,"href":"https:\/\/yotavis.ch\/de\/wp-json\/wp\/v2\/product_tag?post=3892"}],"curies":[{"name":"wp","href":"https:\/\/api.w.org\/{rel}","templated":true}]}}