{"id":3893,"date":"2025-10-09T00:00:00","date_gmt":"2025-10-08T22:00:00","guid":{"rendered":"https:\/\/yotavis.ch\/product\/t3afg60\/"},"modified":"2026-04-24T13:31:40","modified_gmt":"2026-04-24T11:31:40","slug":"t3afg60","status":"publish","type":"product","link":"https:\/\/yotavis.ch\/de\/produkt\/t3afg60\/","title":{"rendered":"T3AFG60"},"content":{"rendered":"<p>Der T3AFG60 von Teledyne Lecroy ist ein Funktions-\/Arbitr\u00e4rwellenformgenerator mit einer maximalen Frequenz von 60 MHz und einer Abtastrate von 150 MS\/s. Er bietet zwei Kan\u00e4le und eine Speichertiefe von 16 kpts, was eine detaillierte Wellenformerzeugung und -manipulation erm\u00f6glicht. Das Ger\u00e4t unterst\u00fctzt Sweep- und Burst-Modi und bietet damit Flexibilit\u00e4t bei der Signalausgabe. Seine Amplitude erreicht bis zu 10 V, mit einer Spitze-Spitze-Spannung von 20 Vpp. Die minimale \u00dcbergangszeit betr\u00e4gt 16,8 ns und die minimale Pulsbreite 32,6 ns, was eine pr\u00e4zise Zeitsteuerung f\u00fcr verschiedene Anwendungen erm\u00f6glicht. Dieser Wellenformgenerator ist so konzipiert, dass er genaue und stabile Signale f\u00fcr Test- und Entwicklungszwecke liefert.<\/p>","protected":false},"excerpt":{"rendered":"<p>60 MHz, 150 MS\/s, 16 kpts, 2 Kan\u00e4le, 20 Vpp Funktions-\/Arbitr\u00e4rwellenformgenerator<\/p>","protected":false},"featured_media":7084,"comment_status":"closed","ping_status":"closed","template":"","meta":{"_acf_changed":false,"slim_seo":{"title":"T3AFG60 - YOTAVIS AG","description":"60 MHz, 150 MS\/s, 16 kpts, 2 Kan\u00e4le, 20 Vpp Funktions-\/Arbitr\u00e4rwellenformgenerator"}},"product_brand":[542],"product_cat":[1189,541,513],"product_tag":[],"class_list":{"0":"post-3893","1":"product","2":"type-product","3":"status-publish","4":"has-post-thumbnail","6":"product_brand-lecroy","7":"product_cat-afg","8":"product_cat-awg","9":"product_cat-generator","10":"pa_amplitude-v-106","11":"pa_burst-yes","12":"pa_channels-350","13":"pa_frequency-mhz-120","14":"pa_imax-ac-a-1019","15":"pa_memory-mpts-0-016","16":"pa_pulse-width-min-ns-32-6","17":"pa_sampling-rate-ms-s-117","18":"pa_sweep-yes","19":"pa_transition-time-min-ns-16-8","20":"pa_vertical-resolution-bits-113","22":"first","23":"instock","24":"taxable","25":"shipping-taxable","26":"purchasable","27":"product-type-simple"},"acf":[],"_links":{"self":[{"href":"https:\/\/yotavis.ch\/de\/wp-json\/wp\/v2\/product\/3893","targetHints":{"allow":["GET"]}}],"collection":[{"href":"https:\/\/yotavis.ch\/de\/wp-json\/wp\/v2\/product"}],"about":[{"href":"https:\/\/yotavis.ch\/de\/wp-json\/wp\/v2\/types\/product"}],"replies":[{"embeddable":true,"href":"https:\/\/yotavis.ch\/de\/wp-json\/wp\/v2\/comments?post=3893"}],"wp:featuredmedia":[{"embeddable":true,"href":"https:\/\/yotavis.ch\/de\/wp-json\/wp\/v2\/media\/7084"}],"wp:attachment":[{"href":"https:\/\/yotavis.ch\/de\/wp-json\/wp\/v2\/media?parent=3893"}],"wp:term":[{"taxonomy":"product_brand","embeddable":true,"href":"https:\/\/yotavis.ch\/de\/wp-json\/wp\/v2\/product_brand?post=3893"},{"taxonomy":"product_cat","embeddable":true,"href":"https:\/\/yotavis.ch\/de\/wp-json\/wp\/v2\/product_cat?post=3893"},{"taxonomy":"product_tag","embeddable":true,"href":"https:\/\/yotavis.ch\/de\/wp-json\/wp\/v2\/product_tag?post=3893"}],"curies":[{"name":"wp","href":"https:\/\/api.w.org\/{rel}","templated":true}]}}