{"id":3894,"date":"2025-10-09T00:00:00","date_gmt":"2025-10-08T22:00:00","guid":{"rendered":"https:\/\/yotavis.ch\/product\/t3afg80\/"},"modified":"2026-04-24T13:31:40","modified_gmt":"2026-04-24T11:31:40","slug":"t3afg80","status":"publish","type":"product","link":"https:\/\/yotavis.ch\/de\/produkt\/t3afg80\/","title":{"rendered":"T3AFG80"},"content":{"rendered":"<p>Der T3AFG80 von Teledyne Lecroy ist ein Funktions- und Arbitr\u00e4rwellenformgenerator mit einer maximalen Frequenz von 80 MHz und einer Abtastrate von 1,2 GS\/s. Er bietet zwei Kan\u00e4le und eine Speichertiefe von 8 Millionen Punkten, was eine detaillierte Wellenformerzeugung und -speicherung erm\u00f6glicht. Das Ger\u00e4t unterst\u00fctzt Sweep- und Burst-Modi und bietet damit Flexibilit\u00e4t bei der Signalausgabe. Er hat eine minimale \u00dcbergangszeit von 8,4 Nanosekunden und eine minimale Impulsbreite von 16,3 Nanosekunden, was eine pr\u00e4zise Zeitsteuerung erm\u00f6glicht. Die Amplitude des Ausgangssignals kann bis zu 10 Volt Spitze\/Spitze erreichen. Dieser Wellenformgenerator wurde entwickelt, um eine genaue und vielseitige Signalerzeugung f\u00fcr verschiedene Pr\u00fcf- und Messanwendungen zu erm\u00f6glichen.<\/p>","protected":false},"excerpt":{"rendered":"<p>80 MHz, 1,2 GS\/s, 8 Mpts, 2 Kan\u00e4le, 20 Vpp Funktions-\/Arbitr\u00e4rwellenformgenerator<\/p>","protected":false},"featured_media":7089,"comment_status":"closed","ping_status":"closed","template":"","meta":{"_acf_changed":false,"slim_seo":{"title":"T3AFG80 - YOTAVIS AG","description":"80 MHz, 1,2 GS\/s, 8 Mpts, 2 Kan\u00e4le, 20 Vpp Funktions-\/Arbitr\u00e4rwellenformgenerator"}},"product_brand":[542],"product_cat":[1189,541,513],"product_tag":[],"class_list":{"0":"post-3894","1":"product","2":"type-product","3":"status-publish","4":"has-post-thumbnail","6":"product_brand-lecroy","7":"product_cat-afg","8":"product_cat-awg","9":"product_cat-generator","10":"pa_amplitude-v-106","11":"pa_burst-yes","12":"pa_channels-350","13":"pa_frequency-mhz-131","14":"pa_imax-ac-a-1019","15":"pa_memory-mpts-128","16":"pa_pulse-width-min-ns-16-3","17":"pa_sampling-rate-ms-s-297","18":"pa_sweep-yes","19":"pa_transition-time-min-ns-8-4","20":"pa_vertical-resolution-bits-125","22":"first","23":"instock","24":"taxable","25":"shipping-taxable","26":"purchasable","27":"product-type-simple"},"acf":[],"_links":{"self":[{"href":"https:\/\/yotavis.ch\/de\/wp-json\/wp\/v2\/product\/3894","targetHints":{"allow":["GET"]}}],"collection":[{"href":"https:\/\/yotavis.ch\/de\/wp-json\/wp\/v2\/product"}],"about":[{"href":"https:\/\/yotavis.ch\/de\/wp-json\/wp\/v2\/types\/product"}],"replies":[{"embeddable":true,"href":"https:\/\/yotavis.ch\/de\/wp-json\/wp\/v2\/comments?post=3894"}],"wp:featuredmedia":[{"embeddable":true,"href":"https:\/\/yotavis.ch\/de\/wp-json\/wp\/v2\/media\/7089"}],"wp:attachment":[{"href":"https:\/\/yotavis.ch\/de\/wp-json\/wp\/v2\/media?parent=3894"}],"wp:term":[{"taxonomy":"product_brand","embeddable":true,"href":"https:\/\/yotavis.ch\/de\/wp-json\/wp\/v2\/product_brand?post=3894"},{"taxonomy":"product_cat","embeddable":true,"href":"https:\/\/yotavis.ch\/de\/wp-json\/wp\/v2\/product_cat?post=3894"},{"taxonomy":"product_tag","embeddable":true,"href":"https:\/\/yotavis.ch\/de\/wp-json\/wp\/v2\/product_tag?post=3894"}],"curies":[{"name":"wp","href":"https:\/\/api.w.org\/{rel}","templated":true}]}}