{"id":3896,"date":"2025-10-09T00:00:00","date_gmt":"2025-10-08T22:00:00","guid":{"rendered":"https:\/\/yotavis.ch\/product\/t3afg200\/"},"modified":"2026-04-24T13:31:41","modified_gmt":"2026-04-24T11:31:41","slug":"t3afg200","status":"publish","type":"product","link":"https:\/\/yotavis.ch\/de\/produkt\/t3afg200\/","title":{"rendered":"T3AFG200"},"content":{"rendered":"<p>Der T3AFG200 von Teledyne Lecroy ist ein Funktions-\/Arbitr\u00e4rwellenformgenerator mit einer maximalen Frequenz von 200 MHz und einer Abtastrate von 2,4 GS\/s. Er bietet zwei Kan\u00e4le und eine Speichertiefe von 20 Mpts, was eine detaillierte Wellenformerzeugung und -speicherung erm\u00f6glicht. Der Baustein unterst\u00fctzt eine Amplitude von bis zu 10 V und bietet Sweep- und Burst-Funktionen f\u00fcr eine vielseitige Signalausgabe. Die minimale \u00dcbergangszeit von 2 ns und die minimale Impulsbreite von 3,4 ns erm\u00f6glichen eine pr\u00e4zise Steuerung der Wellenformeigenschaften. Die Kombination aus hoher Abtastrate und gro\u00dfer Speichertiefe macht ihn f\u00fcr komplexe Signalerzeugungsaufgaben geeignet. Dieser Kurvenformgenerator ist so konzipiert, dass er f\u00fcr verschiedene Pr\u00fcf- und Messanwendungen eine zuverl\u00e4ssige Leistung bietet.<\/p>","protected":false},"excerpt":{"rendered":"<p>200 MHz, 2,4 GS\/s, 20 Mpts, 2 Kan\u00e4le, 20 Vpp Funktions-\/Arbitr\u00e4rwellenformgenerator<\/p>","protected":false},"featured_media":7093,"comment_status":"closed","ping_status":"closed","template":"","meta":{"_acf_changed":false,"slim_seo":{"title":"T3AFG200 - YOTAVIS AG","description":"200 MHz, 2,4 GS\/s, 20 Mpts, 2 Kan\u00e4le, 20 Vpp Funktions-\/Arbitr\u00e4rwellenformgenerator"}},"product_brand":[542],"product_cat":[1189,541,513],"product_tag":[],"class_list":{"0":"post-3896","1":"product","2":"type-product","3":"status-publish","4":"has-post-thumbnail","6":"product_brand-lecroy","7":"product_cat-afg","8":"product_cat-awg","9":"product_cat-generator","10":"pa_amplitude-v-106","11":"pa_burst-yes","12":"pa_channels-350","13":"pa_frequency-mhz-132","14":"pa_imax-ac-a-1019","15":"pa_memory-mpts-133","16":"pa_pulse-width-min-ns-3-4","17":"pa_sampling-rate-ms-s-298","18":"pa_sweep-yes","19":"pa_transition-time-min-ns-134","20":"pa_vertical-resolution-bits-125","22":"first","23":"instock","24":"taxable","25":"shipping-taxable","26":"purchasable","27":"product-type-simple"},"acf":[],"_links":{"self":[{"href":"https:\/\/yotavis.ch\/de\/wp-json\/wp\/v2\/product\/3896","targetHints":{"allow":["GET"]}}],"collection":[{"href":"https:\/\/yotavis.ch\/de\/wp-json\/wp\/v2\/product"}],"about":[{"href":"https:\/\/yotavis.ch\/de\/wp-json\/wp\/v2\/types\/product"}],"replies":[{"embeddable":true,"href":"https:\/\/yotavis.ch\/de\/wp-json\/wp\/v2\/comments?post=3896"}],"wp:featuredmedia":[{"embeddable":true,"href":"https:\/\/yotavis.ch\/de\/wp-json\/wp\/v2\/media\/7093"}],"wp:attachment":[{"href":"https:\/\/yotavis.ch\/de\/wp-json\/wp\/v2\/media?parent=3896"}],"wp:term":[{"taxonomy":"product_brand","embeddable":true,"href":"https:\/\/yotavis.ch\/de\/wp-json\/wp\/v2\/product_brand?post=3896"},{"taxonomy":"product_cat","embeddable":true,"href":"https:\/\/yotavis.ch\/de\/wp-json\/wp\/v2\/product_cat?post=3896"},{"taxonomy":"product_tag","embeddable":true,"href":"https:\/\/yotavis.ch\/de\/wp-json\/wp\/v2\/product_tag?post=3896"}],"curies":[{"name":"wp","href":"https:\/\/api.w.org\/{rel}","templated":true}]}}