{"id":3897,"date":"2025-10-09T00:00:00","date_gmt":"2025-10-08T22:00:00","guid":{"rendered":"https:\/\/yotavis.ch\/product\/t3afg350\/"},"modified":"2026-04-24T13:31:41","modified_gmt":"2026-04-24T11:31:41","slug":"t3afg350","status":"publish","type":"product","link":"https:\/\/yotavis.ch\/de\/produkt\/t3afg350\/","title":{"rendered":"T3AFG350"},"content":{"rendered":"<p>Der T3AFG350 von Teledyne Lecroy ist ein Funktions- und Arbitr\u00e4rwellenformgenerator mit einer maximalen Frequenz von 350 MHz und einer Abtastrate von 2,4 GS\/s. Er bietet zwei Kan\u00e4le und eine Speichertiefe von 20 Millionen Punkten, was eine detaillierte Wellenformerstellung und -manipulation erm\u00f6glicht. Der Baustein unterst\u00fctzt die Modi Sweep und Burst und bietet damit Flexibilit\u00e4t bei der Signalerzeugung. Er hat eine minimale \u00dcbergangszeit von 1 Nanosekunde und eine minimale Impulsbreite von 3,3 Nanosekunden, was eine pr\u00e4zise Zeitsteuerung erm\u00f6glicht. Der Amplitudenausgang ist auf 10 Volt Spitze-Spitze ausgelegt und eignet sich f\u00fcr eine Vielzahl von Testanwendungen. Dieser Wellenformgenerator ist so konzipiert, dass er \u00fcber seinen gesamten Betriebsbereich genaue und stabile Signale liefert.<\/p>","protected":false},"excerpt":{"rendered":"<p>350 MHz, 2,4 GS\/s, 20 Mpts, 2 Kan\u00e4le, 20 Vpp Funktions-\/Arbitr\u00e4rwellenformgenerator<\/p>","protected":false},"featured_media":7093,"comment_status":"closed","ping_status":"closed","template":"","meta":{"_acf_changed":false,"slim_seo":{"title":"T3AFG350 - YOTAVIS AG","description":"350 MHz, 2,4 GS\/s, 20 Mpts, 2 Kan\u00e4le, 20 Vpp Funktions-\/Arbitr\u00e4rwellenformgenerator"}},"product_brand":[542],"product_cat":[1189,541,513],"product_tag":[],"class_list":{"0":"post-3897","1":"product","2":"type-product","3":"status-publish","4":"has-post-thumbnail","6":"product_brand-lecroy","7":"product_cat-afg","8":"product_cat-awg","9":"product_cat-generator","10":"pa_amplitude-v-106","11":"pa_burst-yes","12":"pa_channels-350","13":"pa_frequency-mhz-136","14":"pa_imax-ac-a-1019","15":"pa_memory-mpts-133","16":"pa_pulse-width-min-ns-3-3","17":"pa_sampling-rate-ms-s-298","18":"pa_sweep-yes","19":"pa_transition-time-min-ns-137","20":"pa_vertical-resolution-bits-125","22":"first","23":"instock","24":"taxable","25":"shipping-taxable","26":"purchasable","27":"product-type-simple"},"acf":[],"_links":{"self":[{"href":"https:\/\/yotavis.ch\/de\/wp-json\/wp\/v2\/product\/3897","targetHints":{"allow":["GET"]}}],"collection":[{"href":"https:\/\/yotavis.ch\/de\/wp-json\/wp\/v2\/product"}],"about":[{"href":"https:\/\/yotavis.ch\/de\/wp-json\/wp\/v2\/types\/product"}],"replies":[{"embeddable":true,"href":"https:\/\/yotavis.ch\/de\/wp-json\/wp\/v2\/comments?post=3897"}],"wp:featuredmedia":[{"embeddable":true,"href":"https:\/\/yotavis.ch\/de\/wp-json\/wp\/v2\/media\/7093"}],"wp:attachment":[{"href":"https:\/\/yotavis.ch\/de\/wp-json\/wp\/v2\/media?parent=3897"}],"wp:term":[{"taxonomy":"product_brand","embeddable":true,"href":"https:\/\/yotavis.ch\/de\/wp-json\/wp\/v2\/product_brand?post=3897"},{"taxonomy":"product_cat","embeddable":true,"href":"https:\/\/yotavis.ch\/de\/wp-json\/wp\/v2\/product_cat?post=3897"},{"taxonomy":"product_tag","embeddable":true,"href":"https:\/\/yotavis.ch\/de\/wp-json\/wp\/v2\/product_tag?post=3897"}],"curies":[{"name":"wp","href":"https:\/\/api.w.org\/{rel}","templated":true}]}}