{"id":3898,"date":"2025-10-09T00:00:00","date_gmt":"2025-10-08T22:00:00","guid":{"rendered":"https:\/\/yotavis.ch\/product\/t3afg500\/"},"modified":"2026-04-24T13:31:41","modified_gmt":"2026-04-24T11:31:41","slug":"t3afg500","status":"publish","type":"product","link":"https:\/\/yotavis.ch\/de\/produkt\/t3afg500\/","title":{"rendered":"T3AFG500"},"content":{"rendered":"<p>Der T3AFG500 von Teledyne Lecroy ist ein Funktions- und Arbitr\u00e4rwellenformgenerator mit einer maximalen Frequenz von 500 MHz und einer Abtastrate von 2,4 GS\/s. Er bietet zwei Kan\u00e4le und eine Speichertiefe von 20 Millionen Punkten, was eine detaillierte Wellenformerzeugung und -speicherung erm\u00f6glicht. Das Ger\u00e4t unterst\u00fctzt Sweep- und Burst-Modi und bietet damit Flexibilit\u00e4t bei der Signalausgabe. Mit einer minimalen \u00dcbergangszeit von 1 Nanosekunde und einer minimalen Impulsbreite von 3,3 Nanosekunden l\u00e4sst sich das Timing des Signals pr\u00e4zise steuern. Die Amplitude des Ausgangssignals kann bis zu 10 Volt Spitze\/Spitze erreichen. Dieser Wellenformgenerator ist f\u00fcr eine schnelle und hochaufl\u00f6sende Signalerzeugung ausgelegt und eignet sich f\u00fcr verschiedene Pr\u00fcf- und Messanwendungen.<\/p>","protected":false},"excerpt":{"rendered":"<p>500 MHz, 2,4 GS\/s, 20 Mpts, 2 Kan\u00e4le, 20 Vpp Funktions-\/Arbitr\u00e4rwellenformgenerator<\/p>","protected":false},"featured_media":7093,"comment_status":"closed","ping_status":"closed","template":"","meta":{"_acf_changed":false,"slim_seo":{"title":"T3AFG500 - YOTAVIS AG","description":"500 MHz, 2,4 GS\/s, 20 Mpts, 2 Kan\u00e4le, 20 Vpp Funktions-\/Arbitr\u00e4rwellenformgenerator"}},"product_brand":[542],"product_cat":[1189,541,513],"product_tag":[],"class_list":{"0":"post-3898","1":"product","2":"type-product","3":"status-publish","4":"has-post-thumbnail","6":"product_brand-lecroy","7":"product_cat-afg","8":"product_cat-awg","9":"product_cat-generator","10":"pa_amplitude-v-106","11":"pa_burst-yes","12":"pa_channels-350","13":"pa_frequency-mhz-139","14":"pa_imax-ac-a-1019","15":"pa_memory-mpts-133","16":"pa_pulse-width-min-ns-3-3","17":"pa_sampling-rate-ms-s-298","18":"pa_sweep-yes","19":"pa_transition-time-min-ns-137","20":"pa_vertical-resolution-bits-125","22":"first","23":"instock","24":"taxable","25":"shipping-taxable","26":"purchasable","27":"product-type-simple"},"acf":[],"_links":{"self":[{"href":"https:\/\/yotavis.ch\/de\/wp-json\/wp\/v2\/product\/3898","targetHints":{"allow":["GET"]}}],"collection":[{"href":"https:\/\/yotavis.ch\/de\/wp-json\/wp\/v2\/product"}],"about":[{"href":"https:\/\/yotavis.ch\/de\/wp-json\/wp\/v2\/types\/product"}],"replies":[{"embeddable":true,"href":"https:\/\/yotavis.ch\/de\/wp-json\/wp\/v2\/comments?post=3898"}],"wp:featuredmedia":[{"embeddable":true,"href":"https:\/\/yotavis.ch\/de\/wp-json\/wp\/v2\/media\/7093"}],"wp:attachment":[{"href":"https:\/\/yotavis.ch\/de\/wp-json\/wp\/v2\/media?parent=3898"}],"wp:term":[{"taxonomy":"product_brand","embeddable":true,"href":"https:\/\/yotavis.ch\/de\/wp-json\/wp\/v2\/product_brand?post=3898"},{"taxonomy":"product_cat","embeddable":true,"href":"https:\/\/yotavis.ch\/de\/wp-json\/wp\/v2\/product_cat?post=3898"},{"taxonomy":"product_tag","embeddable":true,"href":"https:\/\/yotavis.ch\/de\/wp-json\/wp\/v2\/product_tag?post=3898"}],"curies":[{"name":"wp","href":"https:\/\/api.w.org\/{rel}","templated":true}]}}