{"id":3899,"date":"2025-10-09T00:00:00","date_gmt":"2025-10-08T22:00:00","guid":{"rendered":"https:\/\/yotavis.ch\/product\/t3dsoh1102\/"},"modified":"2026-04-24T13:31:42","modified_gmt":"2026-04-24T11:31:42","slug":"t3dsoh1102","status":"publish","type":"product","link":"https:\/\/yotavis.ch\/de\/produkt\/t3dsoh1102\/","title":{"rendered":"T3DSOH1102"},"content":{"rendered":"<p>Das Teledyne Lecroy T3DSOH1102 ist ein tragbares digitales Speicheroszilloskop mit einem 5,6-Zoll-Farbdisplay. Es bietet zwei Kan\u00e4le mit einer Bandbreite von 100 MHz und einer Abtastrate von 500 MS\/s pro Kanal. Jeder Kanal ist mit einer Speichertiefe von 12 Millionen Punkten ausgestattet, was eine detaillierte Signalerfassung und -analyse erm\u00f6glicht. Das Ger\u00e4t bietet eine vertikale Aufl\u00f6sung von 8 Bit, die eine pr\u00e4zise Messung der Signalamplituden gew\u00e4hrleistet. Es ist f\u00fcr den einkanaligen Betrieb bei 1 GS\/s ausgelegt und unterst\u00fctzt eine maximale Abtastrate von 500 MS\/s pro Kanal \u00fcber seine beiden Kan\u00e4le. Das Oszilloskop verf\u00fcgt weder \u00fcber digitale Kan\u00e4le noch \u00fcber eine Touchscreen-Schnittstelle. Dieses Modell eignet sich f\u00fcr Anwendungen, die eine tragbare und detaillierte Wellenformanalyse mit gro\u00dfer Speicherkapazit\u00e4t und moderater Bandbreite erfordern.<\/p>","protected":false},"excerpt":{"rendered":"<p>100 MHz, 1 GS\/s Single Channel, 2 CH, 12 Mpts\/Ch, HH DSO, 5.6&#8243; Color Display<\/p>","protected":false},"featured_media":7099,"comment_status":"closed","ping_status":"closed","template":"","meta":{"_acf_changed":false,"slim_seo":{"title":"T3DSOH1102 - YOTAVIS AG","description":"100 MHz, 1 GS\/s Einzelkanal, 2 CH, 12 Mpts\/Ch, HH DSO, 5,6\" Farbdisplay"}},"product_brand":[542],"product_cat":[512,507],"product_tag":[],"class_list":{"0":"post-3899","1":"product","2":"type-product","3":"status-publish","4":"has-post-thumbnail","6":"product_brand-lecroy","7":"product_cat-handheld-en","8":"product_cat-oscilloscope","9":"pa_bandwidth-mhz-90","10":"pa_channels-350","11":"pa_digital-channels-no","12":"pa_imax-ac-a-1019","13":"pa_memory-depht-mpts-103","14":"pa_sampling-rate-channels-ms-s-351","15":"pa_touch-screen-no","16":"pa_vertical-resolution-bits-340","18":"first","19":"instock","20":"taxable","21":"shipping-taxable","22":"purchasable","23":"product-type-simple"},"acf":[],"_links":{"self":[{"href":"https:\/\/yotavis.ch\/de\/wp-json\/wp\/v2\/product\/3899","targetHints":{"allow":["GET"]}}],"collection":[{"href":"https:\/\/yotavis.ch\/de\/wp-json\/wp\/v2\/product"}],"about":[{"href":"https:\/\/yotavis.ch\/de\/wp-json\/wp\/v2\/types\/product"}],"replies":[{"embeddable":true,"href":"https:\/\/yotavis.ch\/de\/wp-json\/wp\/v2\/comments?post=3899"}],"wp:featuredmedia":[{"embeddable":true,"href":"https:\/\/yotavis.ch\/de\/wp-json\/wp\/v2\/media\/7099"}],"wp:attachment":[{"href":"https:\/\/yotavis.ch\/de\/wp-json\/wp\/v2\/media?parent=3899"}],"wp:term":[{"taxonomy":"product_brand","embeddable":true,"href":"https:\/\/yotavis.ch\/de\/wp-json\/wp\/v2\/product_brand?post=3899"},{"taxonomy":"product_cat","embeddable":true,"href":"https:\/\/yotavis.ch\/de\/wp-json\/wp\/v2\/product_cat?post=3899"},{"taxonomy":"product_tag","embeddable":true,"href":"https:\/\/yotavis.ch\/de\/wp-json\/wp\/v2\/product_tag?post=3899"}],"curies":[{"name":"wp","href":"https:\/\/api.w.org\/{rel}","templated":true}]}}