{"id":3903,"date":"2025-10-09T00:00:00","date_gmt":"2025-10-08T22:00:00","guid":{"rendered":"https:\/\/yotavis.ch\/product\/t3dso4058l-hd\/"},"modified":"2026-04-24T13:31:43","modified_gmt":"2026-04-24T11:31:43","slug":"t3dso4058l-hd","status":"publish","type":"product","link":"https:\/\/yotavis.ch\/de\/produkt\/t3dso4058l-hd\/","title":{"rendered":"T3DSO4058L-HD"},"content":{"rendered":"<p>Das Oszilloskop T3DSO4058L-HD von Teledyne Lecroy hat eine Bandbreite von 500 MHz und unterst\u00fctzt eine Abtastrate von 10 GS\/s pro Kanal. Es ist mit 8 Kan\u00e4len ausgestattet, von denen jeder eine Speichertiefe von bis zu 500 Millionen Punkten verarbeiten kann, was eine detaillierte Signalanalyse erm\u00f6glicht. Das Ger\u00e4t bietet eine vertikale Aufl\u00f6sung von 12 Bit und damit eine hochaufl\u00f6sende Signaldarstellung. Dieses flache Oszilloskop ist f\u00fcr die pr\u00e4zise Erfassung und Analyse von Signalen ausgelegt und unterst\u00fctzt eine Speichertiefe von 125 Millionen Punkten. Es verf\u00fcgt nicht \u00fcber eine Touchscreen-Schnittstelle. Durch die Kombination aus hoher Abtastrate und gro\u00dfer Speichertiefe eignet es sich f\u00fcr die Erfassung und Analyse komplexer Signalformen \u00fcber mehrere Kan\u00e4le hinweg.<\/p>","protected":false},"excerpt":{"rendered":"<p>500 MHz, 10 GS\/s ESR, 8 CH, 500 Mpts\/Ch (Einzelkanal), 12-Bit HD Low Profile Oszilloskop<\/p>","protected":false},"featured_media":7113,"comment_status":"closed","ping_status":"closed","template":"","meta":{"_acf_changed":false,"slim_seo":{"title":"T3DSO4058L-HD - YOTAVIS AG","description":"500 MHz, 10 GS\/s ESR, 8 CH, 500 Mpts\/Ch (Einzelkanal), 12-Bit HD Low Profile Oszilloskop"}},"product_brand":[542],"product_cat":[507,539],"product_tag":[],"class_list":{"0":"post-3903","1":"product","2":"type-product","3":"status-publish","4":"has-post-thumbnail","6":"product_brand-lecroy","7":"product_cat-oscilloscope","8":"product_cat-without-screen-en","9":"pa_bandwidth-mhz-83","10":"pa_channels-459","11":"pa_digital-channels-opt","12":"pa_imax-ac-a-1019","13":"pa_memory-depht-mpts-299","14":"pa_sampling-rate-channels-ms-s-455","15":"pa_touch-screen-no","16":"pa_vertical-resolution-bits-348","18":"first","19":"instock","20":"taxable","21":"shipping-taxable","22":"purchasable","23":"product-type-simple"},"acf":[],"_links":{"self":[{"href":"https:\/\/yotavis.ch\/de\/wp-json\/wp\/v2\/product\/3903","targetHints":{"allow":["GET"]}}],"collection":[{"href":"https:\/\/yotavis.ch\/de\/wp-json\/wp\/v2\/product"}],"about":[{"href":"https:\/\/yotavis.ch\/de\/wp-json\/wp\/v2\/types\/product"}],"replies":[{"embeddable":true,"href":"https:\/\/yotavis.ch\/de\/wp-json\/wp\/v2\/comments?post=3903"}],"wp:featuredmedia":[{"embeddable":true,"href":"https:\/\/yotavis.ch\/de\/wp-json\/wp\/v2\/media\/7113"}],"wp:attachment":[{"href":"https:\/\/yotavis.ch\/de\/wp-json\/wp\/v2\/media?parent=3903"}],"wp:term":[{"taxonomy":"product_brand","embeddable":true,"href":"https:\/\/yotavis.ch\/de\/wp-json\/wp\/v2\/product_brand?post=3903"},{"taxonomy":"product_cat","embeddable":true,"href":"https:\/\/yotavis.ch\/de\/wp-json\/wp\/v2\/product_cat?post=3903"},{"taxonomy":"product_tag","embeddable":true,"href":"https:\/\/yotavis.ch\/de\/wp-json\/wp\/v2\/product_tag?post=3903"}],"curies":[{"name":"wp","href":"https:\/\/api.w.org\/{rel}","templated":true}]}}