{"id":3904,"date":"2025-10-09T00:00:00","date_gmt":"2025-10-08T22:00:00","guid":{"rendered":"https:\/\/yotavis.ch\/product\/t3dso4108l-hd\/"},"modified":"2026-04-24T13:31:43","modified_gmt":"2026-04-24T11:31:43","slug":"t3dso4108l-hd","status":"publish","type":"product","link":"https:\/\/yotavis.ch\/de\/produkt\/t3dso4108l-hd\/","title":{"rendered":"T3DSO4108L-HD"},"content":{"rendered":"<p>Das Teledyne Lecroy T3DSO4108L-HD ist ein hochaufl\u00f6sendes Oszilloskop mit einer Bandbreite von 1 GHz und einer Abtastrate von 10 GS\/s pro Kanal. Es unterst\u00fctzt acht Kan\u00e4le und erm\u00f6glicht so eine umfassende Signalanalyse \u00fcber mehrere Eing\u00e4nge gleichzeitig. Jeder Kanal ist mit einer Speichertiefe von 500 Millionen Punkten ausgestattet, was eine detaillierte Wellenformerfassung und -analyse erm\u00f6glicht. Das Ger\u00e4t bietet eine vertikale Aufl\u00f6sung von 12 Bit und damit pr\u00e4zise Messm\u00f6glichkeiten. Dieses flache Oszilloskop ist mit seiner gro\u00dfen Speichertiefe von 125 Millionen Punkten pro Kanal f\u00fcr komplexe Pr\u00fcfszenarien ausgelegt. Es verf\u00fcgt nicht \u00fcber eine Touchscreen-Oberfl\u00e4che und konzentriert sich stattdessen auf die Kernfunktionen der Messung. Das T3DSO4108L-HD ist f\u00fcr Anwendungen geeignet, die eine schnelle Datenerfassung und eine detaillierte Signalaufl\u00f6sung erfordern.<\/p>","protected":false},"excerpt":{"rendered":"<p>1GHz, 10 GS\/s ESR, 8 CH, 500 Mpts\/Ch (Einzelkanal), 12-Bit HD Low Profile Oszilloskop<\/p>","protected":false},"featured_media":7112,"comment_status":"closed","ping_status":"closed","template":"","meta":{"_acf_changed":false,"slim_seo":{"title":"T3DSO4108L-HD - YOTAVIS AG","description":"1GHz, 10 GS\/s ESR, 8 CH, 500 Mpts\/Ch (Einzelkanal), 12-Bit HD Low Profile Oszilloskop"}},"product_brand":[542],"product_cat":[507,539],"product_tag":[],"class_list":{"0":"post-3904","1":"product","2":"type-product","3":"status-publish","4":"has-post-thumbnail","6":"product_brand-lecroy","7":"product_cat-oscilloscope","8":"product_cat-without-screen-en","9":"pa_bandwidth-mhz-84","10":"pa_channels-459","11":"pa_digital-channels-opt","12":"pa_imax-ac-a-1019","13":"pa_memory-depht-mpts-299","14":"pa_sampling-rate-channels-ms-s-455","15":"pa_touch-screen-no","16":"pa_vertical-resolution-bits-348","18":"first","19":"instock","20":"taxable","21":"shipping-taxable","22":"purchasable","23":"product-type-simple"},"acf":[],"_links":{"self":[{"href":"https:\/\/yotavis.ch\/de\/wp-json\/wp\/v2\/product\/3904","targetHints":{"allow":["GET"]}}],"collection":[{"href":"https:\/\/yotavis.ch\/de\/wp-json\/wp\/v2\/product"}],"about":[{"href":"https:\/\/yotavis.ch\/de\/wp-json\/wp\/v2\/types\/product"}],"replies":[{"embeddable":true,"href":"https:\/\/yotavis.ch\/de\/wp-json\/wp\/v2\/comments?post=3904"}],"wp:featuredmedia":[{"embeddable":true,"href":"https:\/\/yotavis.ch\/de\/wp-json\/wp\/v2\/media\/7112"}],"wp:attachment":[{"href":"https:\/\/yotavis.ch\/de\/wp-json\/wp\/v2\/media?parent=3904"}],"wp:term":[{"taxonomy":"product_brand","embeddable":true,"href":"https:\/\/yotavis.ch\/de\/wp-json\/wp\/v2\/product_brand?post=3904"},{"taxonomy":"product_cat","embeddable":true,"href":"https:\/\/yotavis.ch\/de\/wp-json\/wp\/v2\/product_cat?post=3904"},{"taxonomy":"product_tag","embeddable":true,"href":"https:\/\/yotavis.ch\/de\/wp-json\/wp\/v2\/product_tag?post=3904"}],"curies":[{"name":"wp","href":"https:\/\/api.w.org\/{rel}","templated":true}]}}