{"id":3905,"date":"2025-10-09T00:00:00","date_gmt":"2025-10-08T22:00:00","guid":{"rendered":"https:\/\/yotavis.ch\/product\/t3dso4208l-hd\/"},"modified":"2026-04-24T13:31:44","modified_gmt":"2026-04-24T11:31:44","slug":"t3dso4208l-hd","status":"publish","type":"product","link":"https:\/\/yotavis.ch\/de\/produkt\/t3dso4208l-hd\/","title":{"rendered":"T3DSO4208L-HD"},"content":{"rendered":"<p>Das Teledyne Lecroy T3DSO4208L-HD ist ein hochaufl\u00f6sendes Oszilloskop mit einer 8-Kanal-Konfiguration und einer Bandbreite von 2 GHz. Es bietet eine Abtastrate von 10 GS\/s pro Kanal, was eine detaillierte Signalanalyse erm\u00f6glicht. Jeder Kanal ist mit einer Speichertiefe von 500 Mpts ausgestattet, was eine umfangreiche Datenerfassung und -auswertung erm\u00f6glicht. Das Ger\u00e4t bietet eine vertikale Aufl\u00f6sung von 12 Bit, was zu einer pr\u00e4zisen Messgenauigkeit beitr\u00e4gt. Dieses flache Oszilloskop unterst\u00fctzt den Einkanalbetrieb mit einer Speichertiefe von 125 Mpts. Es verf\u00fcgt nicht \u00fcber eine Touchscreen-Schnittstelle. Durch die Kombination dieser Spezifikationen eignet sich das T3DSO4208L-HD f\u00fcr Anwendungen, die eine Hochgeschwindigkeitsdatenerfassung und eine detaillierte Wellenformanalyse erfordern.<\/p>","protected":false},"excerpt":{"rendered":"<p>2GHz, 10 GS\/s ESR, 8 CH, 500 Mpts\/Ch (Einzelkanal), 12-Bit HD Low Profile Oszilloskop<\/p>","protected":false},"featured_media":7109,"comment_status":"closed","ping_status":"closed","template":"","meta":{"_acf_changed":false,"slim_seo":{"title":"T3DSO4208L-HD - YOTAVIS AG","description":"2GHz, 10 GS\/s ESR, 8 CH, 500 Mpts\/Ch (Einzelkanal), 12-Bit HD Low Profile Oszilloskop"}},"product_brand":[542],"product_cat":[507,539],"product_tag":[],"class_list":{"0":"post-3905","1":"product","2":"type-product","3":"status-publish","4":"has-post-thumbnail","6":"product_brand-lecroy","7":"product_cat-oscilloscope","8":"product_cat-without-screen-en","9":"pa_bandwidth-mhz-238","10":"pa_channels-459","11":"pa_digital-channels-opt","12":"pa_imax-ac-a-1019","13":"pa_memory-depht-mpts-299","14":"pa_sampling-rate-channels-ms-s-455","15":"pa_touch-screen-no","16":"pa_vertical-resolution-bits-348","18":"first","19":"instock","20":"taxable","21":"shipping-taxable","22":"purchasable","23":"product-type-simple"},"acf":[],"_links":{"self":[{"href":"https:\/\/yotavis.ch\/de\/wp-json\/wp\/v2\/product\/3905","targetHints":{"allow":["GET"]}}],"collection":[{"href":"https:\/\/yotavis.ch\/de\/wp-json\/wp\/v2\/product"}],"about":[{"href":"https:\/\/yotavis.ch\/de\/wp-json\/wp\/v2\/types\/product"}],"replies":[{"embeddable":true,"href":"https:\/\/yotavis.ch\/de\/wp-json\/wp\/v2\/comments?post=3905"}],"wp:featuredmedia":[{"embeddable":true,"href":"https:\/\/yotavis.ch\/de\/wp-json\/wp\/v2\/media\/7109"}],"wp:attachment":[{"href":"https:\/\/yotavis.ch\/de\/wp-json\/wp\/v2\/media?parent=3905"}],"wp:term":[{"taxonomy":"product_brand","embeddable":true,"href":"https:\/\/yotavis.ch\/de\/wp-json\/wp\/v2\/product_brand?post=3905"},{"taxonomy":"product_cat","embeddable":true,"href":"https:\/\/yotavis.ch\/de\/wp-json\/wp\/v2\/product_cat?post=3905"},{"taxonomy":"product_tag","embeddable":true,"href":"https:\/\/yotavis.ch\/de\/wp-json\/wp\/v2\/product_tag?post=3905"}],"curies":[{"name":"wp","href":"https:\/\/api.w.org\/{rel}","templated":true}]}}