{"id":3907,"date":"2025-10-09T00:00:00","date_gmt":"2025-10-08T22:00:00","guid":{"rendered":"https:\/\/yotavis.ch\/product\/t3dso2000-ls\/"},"modified":"2026-04-24T13:31:44","modified_gmt":"2026-04-24T11:31:44","slug":"t3dso2000-ls","status":"publish","type":"product","link":"https:\/\/yotavis.ch\/de\/produkt\/t3dso2000-ls\/","title":{"rendered":"T3DSO2000-LS"},"content":{"rendered":"<p>Das T3DSO2000-LS ist ein von Teledyne Lecroy entwickeltes Logiktastsystem mit 16 Kan\u00e4len und einer Abtastrate von 500 MSa\/s. Es verf\u00fcgt \u00fcber eine Speichertiefe von 14 Mpts, was eine umfangreiche Datenerfassung w\u00e4hrend der Pr\u00fcfung und Analyse erm\u00f6glicht. Dieses Sondenset erfordert die MSO-Option f\u00fcr die T3DSO2000A-Serie, um ordnungsgem\u00e4\u00df zu funktionieren. Das Ger\u00e4t ist auf die Verwendung mit Mixed-Signal-Oszilloskopen zugeschnitten und bietet detaillierte Logikanalysefunktionen. Seine 16-Kanal-Konfiguration unterst\u00fctzt eine umfassende Signal\u00fcberwachung \u00fcber mehrere Leitungen gleichzeitig. Die hohe Abtastrate gew\u00e4hrleistet genaue Timing-Messungen und Signalintegrit\u00e4t. Die Speichertiefe unterst\u00fctzt lange Erfassungszeiten, was f\u00fcr die Erfassung komplexer Signalverl\u00e4ufe \u00fcber l\u00e4ngere Zeitr\u00e4ume unerl\u00e4sslich ist. Dieses Logiksonden-Set ist ein spezielles Werkzeug f\u00fcr die erweiterte elektronische Diagnose und Fehlersuche.<\/p>","protected":false},"excerpt":{"rendered":"<p>MSO Logic Probe Set, 16 Kan\u00e4le, 500 MSa\/s, 14 Mpts (Erfordert MSO-Option f\u00fcr T3DSO2000A-Serie)<\/p>","protected":false},"featured_media":7117,"comment_status":"closed","ping_status":"closed","template":"","meta":{"_acf_changed":false,"slim_seo":{"title":"T3DSO2000-LS - YOTAVIS AG","description":"MSO Logic Probe Set, 16 Kan\u00e4le, 500 MSa\/s, 14 Mpts (Erfordert MSO-Option f\u00fcr T3DSO2000A-Serie)"}},"product_brand":[542],"product_cat":[510,509],"product_tag":[],"class_list":{"0":"post-3907","1":"product","2":"type-product","3":"status-publish","4":"has-post-thumbnail","6":"product_brand-lecroy","7":"product_cat-others-en","8":"product_cat-probes-en","9":"pa_imax-ac-a-1019","11":"first","12":"instock","13":"taxable","14":"shipping-taxable","15":"purchasable","16":"product-type-simple"},"acf":[],"_links":{"self":[{"href":"https:\/\/yotavis.ch\/de\/wp-json\/wp\/v2\/product\/3907","targetHints":{"allow":["GET"]}}],"collection":[{"href":"https:\/\/yotavis.ch\/de\/wp-json\/wp\/v2\/product"}],"about":[{"href":"https:\/\/yotavis.ch\/de\/wp-json\/wp\/v2\/types\/product"}],"replies":[{"embeddable":true,"href":"https:\/\/yotavis.ch\/de\/wp-json\/wp\/v2\/comments?post=3907"}],"wp:featuredmedia":[{"embeddable":true,"href":"https:\/\/yotavis.ch\/de\/wp-json\/wp\/v2\/media\/7117"}],"wp:attachment":[{"href":"https:\/\/yotavis.ch\/de\/wp-json\/wp\/v2\/media?parent=3907"}],"wp:term":[{"taxonomy":"product_brand","embeddable":true,"href":"https:\/\/yotavis.ch\/de\/wp-json\/wp\/v2\/product_brand?post=3907"},{"taxonomy":"product_cat","embeddable":true,"href":"https:\/\/yotavis.ch\/de\/wp-json\/wp\/v2\/product_cat?post=3907"},{"taxonomy":"product_tag","embeddable":true,"href":"https:\/\/yotavis.ch\/de\/wp-json\/wp\/v2\/product_tag?post=3907"}],"curies":[{"name":"wp","href":"https:\/\/api.w.org\/{rel}","templated":true}]}}