{"id":3908,"date":"2025-10-09T00:00:00","date_gmt":"2025-10-08T22:00:00","guid":{"rendered":"https:\/\/yotavis.ch\/product\/t3dso4054l-hd\/"},"modified":"2026-04-24T13:31:45","modified_gmt":"2026-04-24T11:31:45","slug":"t3dso4054l-hd","status":"publish","type":"product","link":"https:\/\/yotavis.ch\/de\/produkt\/t3dso4054l-hd\/","title":{"rendered":"T3DSO4054L-HD"},"content":{"rendered":"<p>Das Oszilloskop T3DSO4054L-HD von Teledyne Lecroy verf\u00fcgt \u00fcber eine Bandbreite von 500 MHz und bietet eine Abtastrate von 10 GS\/s pro Kanal \u00fcber seine vier Kan\u00e4le. Jeder Kanal ist mit einer Speichertiefe von 500 Mpts ausgestattet, was eine umfangreiche Datenerfassung und -analyse erm\u00f6glicht. Das Ger\u00e4t bietet eine vertikale Aufl\u00f6sung von 12 Bit und unterst\u00fctzt damit die Darstellung hochaufl\u00f6sender Signale. Es hat ein flaches Design und verf\u00fcgt nicht \u00fcber eine Touchscreen-Schnittstelle. Die Speichertiefe pro Kanal ist mit 125 Mpts angegeben, was zu seiner F\u00e4higkeit beitr\u00e4gt, detaillierte Wellenformdaten zu verarbeiten. Dieses Oszilloskop wurde entwickelt, um mit seiner vertikalen 12-Bit-Aufl\u00f6sung und hohen Abtastrate pr\u00e4zise Messungen zu liefern, wodurch es sich f\u00fcr verschiedene Signalanalyseanwendungen eignet.<\/p>","protected":false},"excerpt":{"rendered":"<p>500 MHz, 10 GS\/s ESR, 4 CH, 500 Mpts\/Ch (Einzelkanal), 12-Bit HD Low Profile Oszilloskop<\/p>","protected":false},"featured_media":7118,"comment_status":"closed","ping_status":"closed","template":"","meta":{"_acf_changed":false,"slim_seo":{"title":"T3DSO4054L-HD - YOTAVIS AG","description":"500 MHz, 10 GS\/s ESR, 4 CH, 500 Mpts\/Ch (Einzelkanal), 12-Bit HD Low Profile Oszilloskop"}},"product_brand":[542],"product_cat":[507,539],"product_tag":[],"class_list":{"0":"post-3908","1":"product","2":"type-product","3":"status-publish","4":"has-post-thumbnail","6":"product_brand-lecroy","7":"product_cat-oscilloscope","8":"product_cat-without-screen-en","9":"pa_bandwidth-mhz-83","10":"pa_channels-338","11":"pa_digital-channels-opt","12":"pa_imax-ac-a-1019","13":"pa_memory-depht-mpts-299","14":"pa_sampling-rate-channels-ms-s-455","15":"pa_touch-screen-no","16":"pa_vertical-resolution-bits-348","18":"first","19":"instock","20":"taxable","21":"shipping-taxable","22":"purchasable","23":"product-type-simple"},"acf":[],"_links":{"self":[{"href":"https:\/\/yotavis.ch\/de\/wp-json\/wp\/v2\/product\/3908","targetHints":{"allow":["GET"]}}],"collection":[{"href":"https:\/\/yotavis.ch\/de\/wp-json\/wp\/v2\/product"}],"about":[{"href":"https:\/\/yotavis.ch\/de\/wp-json\/wp\/v2\/types\/product"}],"replies":[{"embeddable":true,"href":"https:\/\/yotavis.ch\/de\/wp-json\/wp\/v2\/comments?post=3908"}],"wp:featuredmedia":[{"embeddable":true,"href":"https:\/\/yotavis.ch\/de\/wp-json\/wp\/v2\/media\/7118"}],"wp:attachment":[{"href":"https:\/\/yotavis.ch\/de\/wp-json\/wp\/v2\/media?parent=3908"}],"wp:term":[{"taxonomy":"product_brand","embeddable":true,"href":"https:\/\/yotavis.ch\/de\/wp-json\/wp\/v2\/product_brand?post=3908"},{"taxonomy":"product_cat","embeddable":true,"href":"https:\/\/yotavis.ch\/de\/wp-json\/wp\/v2\/product_cat?post=3908"},{"taxonomy":"product_tag","embeddable":true,"href":"https:\/\/yotavis.ch\/de\/wp-json\/wp\/v2\/product_tag?post=3908"}],"curies":[{"name":"wp","href":"https:\/\/api.w.org\/{rel}","templated":true}]}}