{"id":3909,"date":"2025-10-09T00:00:00","date_gmt":"2025-10-08T22:00:00","guid":{"rendered":"https:\/\/yotavis.ch\/product\/t3dso4104l-hd\/"},"modified":"2026-04-24T13:31:45","modified_gmt":"2026-04-24T11:31:45","slug":"t3dso4104l-hd","status":"publish","type":"product","link":"https:\/\/yotavis.ch\/de\/produkt\/t3dso4104l-hd\/","title":{"rendered":"T3DSO4104L-HD"},"content":{"rendered":"<p>Das Oszilloskop T3DSO4104L-HD von Teledyne Lecroy bietet eine Bandbreite von 1000 MHz und unterst\u00fctzt vier Kan\u00e4le, was eine umfassende Signalanalyse erm\u00f6glicht. Es bietet eine hohe Abtastrate von 10 GS\/s pro Kanal, die eine detaillierte Wellenformerfassung und genaue Signaldarstellung gew\u00e4hrleistet. Jeder Kanal ist mit einer Speichertiefe von 500 Mpts ausgestattet, wobei die Speichertiefe eines einzelnen Kanals 125 Mpts betr\u00e4gt, was ausreichend Speicherplatz f\u00fcr die Erfassung von Signalen \u00fcber lange Zeitr\u00e4ume bietet. Das Ger\u00e4t verf\u00fcgt \u00fcber eine vertikale Aufl\u00f6sung von 12 Bit, was die Pr\u00e4zision der Messungen und die Klarheit der Signale erh\u00f6ht. Dieses flache Oszilloskop ist ohne Touchscreen-Schnittstelle konzipiert. Es ist in der Lage, Frequenzen bis zu 1 GHz zu verarbeiten und eignet sich damit f\u00fcr eine Vielzahl von Hochgeschwindigkeits-Elektronikpr\u00fcfanwendungen. Die Kombination aus hoher Bandbreite, mehreren Kan\u00e4len und gro\u00dfer Speichertiefe macht dieses Instrument zu einem vielseitigen Werkzeug f\u00fcr die detaillierte Analyse elektronischer Signale.<\/p>","protected":false},"excerpt":{"rendered":"<p>1GHz, 10 GS\/s ESR, 4 CH, 500 Mpts\/Ch (Einzelkanal), 12-Bit HD Low Profile Oszilloskop<\/p>","protected":false},"featured_media":7119,"comment_status":"closed","ping_status":"closed","template":"","meta":{"_acf_changed":false,"slim_seo":{"title":"T3DSO4104L-HD - YOTAVIS AG","description":"1GHz, 10 GS\/s ESR, 4 CH, 500 Mpts\/Ch (Einzelkanal), 12-Bit HD Low Profile Oszilloskop"}},"product_brand":[542],"product_cat":[507,539],"product_tag":[],"class_list":{"0":"post-3909","1":"product","2":"type-product","3":"status-publish","4":"has-post-thumbnail","6":"product_brand-lecroy","7":"product_cat-oscilloscope","8":"product_cat-without-screen-en","9":"pa_bandwidth-mhz-84","10":"pa_channels-338","11":"pa_digital-channels-opt","12":"pa_imax-ac-a-1019","13":"pa_memory-depht-mpts-299","14":"pa_sampling-rate-channels-ms-s-455","15":"pa_touch-screen-no","16":"pa_vertical-resolution-bits-348","18":"first","19":"instock","20":"taxable","21":"shipping-taxable","22":"purchasable","23":"product-type-simple"},"acf":[],"_links":{"self":[{"href":"https:\/\/yotavis.ch\/de\/wp-json\/wp\/v2\/product\/3909","targetHints":{"allow":["GET"]}}],"collection":[{"href":"https:\/\/yotavis.ch\/de\/wp-json\/wp\/v2\/product"}],"about":[{"href":"https:\/\/yotavis.ch\/de\/wp-json\/wp\/v2\/types\/product"}],"replies":[{"embeddable":true,"href":"https:\/\/yotavis.ch\/de\/wp-json\/wp\/v2\/comments?post=3909"}],"wp:featuredmedia":[{"embeddable":true,"href":"https:\/\/yotavis.ch\/de\/wp-json\/wp\/v2\/media\/7119"}],"wp:attachment":[{"href":"https:\/\/yotavis.ch\/de\/wp-json\/wp\/v2\/media?parent=3909"}],"wp:term":[{"taxonomy":"product_brand","embeddable":true,"href":"https:\/\/yotavis.ch\/de\/wp-json\/wp\/v2\/product_brand?post=3909"},{"taxonomy":"product_cat","embeddable":true,"href":"https:\/\/yotavis.ch\/de\/wp-json\/wp\/v2\/product_cat?post=3909"},{"taxonomy":"product_tag","embeddable":true,"href":"https:\/\/yotavis.ch\/de\/wp-json\/wp\/v2\/product_tag?post=3909"}],"curies":[{"name":"wp","href":"https:\/\/api.w.org\/{rel}","templated":true}]}}