{"id":3910,"date":"2025-10-09T00:00:00","date_gmt":"2025-10-08T22:00:00","guid":{"rendered":"https:\/\/yotavis.ch\/product\/t3dso4204l-hd\/"},"modified":"2026-04-24T13:31:45","modified_gmt":"2026-04-24T11:31:45","slug":"t3dso4204l-hd","status":"publish","type":"product","link":"https:\/\/yotavis.ch\/de\/produkt\/t3dso4204l-hd\/","title":{"rendered":"T3DSO4204L-HD"},"content":{"rendered":"<p>Das Oszilloskop T3DSO4204L-HD von Teledyne Lecroy hat eine Bandbreite von 2000 MHz und unterst\u00fctzt eine maximale Abtastrate von 10 GS\/s pro Kanal. Es ist mit vier Kan\u00e4len ausgestattet, von denen jeder bis zu 500 Millionen Datenpunkte speichern kann, was eine umfangreiche Speichertiefe f\u00fcr detaillierte Signalanalysen erm\u00f6glicht. Das Ger\u00e4t bietet eine vertikale Aufl\u00f6sung von 12 Bit, die eine pr\u00e4zise Messung und hochaufl\u00f6sende Wellenformerfassung erm\u00f6glicht. Dieses flache Oszilloskop ist f\u00fcr Frequenzen bis zu 2 GHz ausgelegt und eignet sich damit f\u00fcr eine Vielzahl von Hochgeschwindigkeitsanwendungen. Die Speichertiefe pro Kanal betr\u00e4gt 125 Millionen Punkte und bietet damit ausreichend Speicherplatz f\u00fcr die Erfassung von Signalen \u00fcber einen langen Zeitraum. Das Ger\u00e4t verf\u00fcgt nicht \u00fcber eine Touchscreen-Oberfl\u00e4che und konzentriert sich stattdessen auf die wichtigsten Messfunktionen. Seine Kombination aus hoher Bandbreite, schneller Abtastrate und gro\u00dfem Speicher macht es zu einem vielseitigen Werkzeug f\u00fcr die detaillierte Untersuchung elektronischer Signale.<\/p>","protected":false},"excerpt":{"rendered":"<p>2GHz, 10 GS\/s ESR, 4 CH, 500 Mpts\/Ch (Einzelkanal), 12-Bit HD Low Profile Oszilloskop<\/p>","protected":false},"featured_media":7120,"comment_status":"closed","ping_status":"closed","template":"","meta":{"_acf_changed":false,"slim_seo":{"title":"T3DSO4204L-HD - YOTAVIS AG","description":"2GHz, 10 GS\/s ESR, 4 CH, 500 Mpts\/Ch (Einzelkanal), 12-Bit HD Low Profile Oszilloskop"}},"product_brand":[542],"product_cat":[507,539],"product_tag":[],"class_list":{"0":"post-3910","1":"product","2":"type-product","3":"status-publish","4":"has-post-thumbnail","6":"product_brand-lecroy","7":"product_cat-oscilloscope","8":"product_cat-without-screen-en","9":"pa_bandwidth-mhz-238","10":"pa_channels-338","11":"pa_digital-channels-opt","12":"pa_imax-ac-a-1019","13":"pa_memory-depht-mpts-299","14":"pa_sampling-rate-channels-ms-s-455","15":"pa_touch-screen-no","16":"pa_vertical-resolution-bits-348","18":"first","19":"instock","20":"taxable","21":"shipping-taxable","22":"purchasable","23":"product-type-simple"},"acf":[],"_links":{"self":[{"href":"https:\/\/yotavis.ch\/de\/wp-json\/wp\/v2\/product\/3910","targetHints":{"allow":["GET"]}}],"collection":[{"href":"https:\/\/yotavis.ch\/de\/wp-json\/wp\/v2\/product"}],"about":[{"href":"https:\/\/yotavis.ch\/de\/wp-json\/wp\/v2\/types\/product"}],"replies":[{"embeddable":true,"href":"https:\/\/yotavis.ch\/de\/wp-json\/wp\/v2\/comments?post=3910"}],"wp:featuredmedia":[{"embeddable":true,"href":"https:\/\/yotavis.ch\/de\/wp-json\/wp\/v2\/media\/7120"}],"wp:attachment":[{"href":"https:\/\/yotavis.ch\/de\/wp-json\/wp\/v2\/media?parent=3910"}],"wp:term":[{"taxonomy":"product_brand","embeddable":true,"href":"https:\/\/yotavis.ch\/de\/wp-json\/wp\/v2\/product_brand?post=3910"},{"taxonomy":"product_cat","embeddable":true,"href":"https:\/\/yotavis.ch\/de\/wp-json\/wp\/v2\/product_cat?post=3910"},{"taxonomy":"product_tag","embeddable":true,"href":"https:\/\/yotavis.ch\/de\/wp-json\/wp\/v2\/product_tag?post=3910"}],"curies":[{"name":"wp","href":"https:\/\/api.w.org\/{rel}","templated":true}]}}