{"id":3911,"date":"2025-10-09T00:00:00","date_gmt":"2025-10-08T22:00:00","guid":{"rendered":"https:\/\/yotavis.ch\/product\/t3dso3024hd\/"},"modified":"2026-04-24T13:31:46","modified_gmt":"2026-04-24T11:31:46","slug":"t3dso3024hd","status":"publish","type":"product","link":"https:\/\/yotavis.ch\/de\/produkt\/t3dso3024hd\/","title":{"rendered":"T3DSO3024HD"},"content":{"rendered":"<p>Das Teledyne Lecroy T3DSO3024HD ist ein digitales Speicheroszilloskop mit einer Bandbreite von 200 MHz und einer maximalen Abtastrate von 4 GS\/s durch verschachtelte Kan\u00e4le. Es bietet vier Kan\u00e4le mit einer Abtastrate von jeweils 2000 MS\/s und einer Speichertiefe von 100 Mpts. Bei verschachtelten Kan\u00e4len bietet das Ger\u00e4t 400 Mpts pro Kanal und erm\u00f6glicht so eine detaillierte Signalanalyse. Es verf\u00fcgt \u00fcber eine vertikale Aufl\u00f6sung von 12 Bit, die pr\u00e4zise Messm\u00f6glichkeiten unterst\u00fctzt. Das Oszilloskop verf\u00fcgt \u00fcber eine Touchscreen-Schnittstelle f\u00fcr die Benutzerinteraktion. Dieses Modell ist mit seiner hohen Abtastrate und der gro\u00dfen Speichertiefe pro Kanal f\u00fcr die Erfassung komplexer Signale ausgelegt.<\/p>","protected":false},"excerpt":{"rendered":"<p>200 MHz, 4 GS\/s interleaved, 4 CH, 400 Mpts\/Ch interleaved, DSO<\/p>","protected":false},"featured_media":7127,"comment_status":"closed","ping_status":"closed","template":"","meta":{"_acf_changed":false,"slim_seo":{"title":"T3DSO3024HD - YOTAVIS AG","description":"200 MHz, 4 GS\/s interleaved, 4 CH, 400 Mpts\/Ch interleaved, DSO"}},"product_brand":[542],"product_cat":[508,507],"product_tag":[],"class_list":{"0":"post-3911","1":"product","2":"type-product","3":"status-publish","4":"has-post-thumbnail","6":"product_brand-lecroy","7":"product_cat-desktop-en","8":"product_cat-oscilloscope","9":"pa_bandwidth-mhz-92","10":"pa_channels-338","11":"pa_digital-channels-opt","12":"pa_imax-ac-a-1019","13":"pa_memory-depht-mpts-93","14":"pa_sampling-rate-channels-ms-s-347","15":"pa_touch-screen-yes","16":"pa_vertical-resolution-bits-348","18":"first","19":"instock","20":"taxable","21":"shipping-taxable","22":"purchasable","23":"product-type-simple"},"acf":[],"_links":{"self":[{"href":"https:\/\/yotavis.ch\/de\/wp-json\/wp\/v2\/product\/3911","targetHints":{"allow":["GET"]}}],"collection":[{"href":"https:\/\/yotavis.ch\/de\/wp-json\/wp\/v2\/product"}],"about":[{"href":"https:\/\/yotavis.ch\/de\/wp-json\/wp\/v2\/types\/product"}],"replies":[{"embeddable":true,"href":"https:\/\/yotavis.ch\/de\/wp-json\/wp\/v2\/comments?post=3911"}],"wp:featuredmedia":[{"embeddable":true,"href":"https:\/\/yotavis.ch\/de\/wp-json\/wp\/v2\/media\/7127"}],"wp:attachment":[{"href":"https:\/\/yotavis.ch\/de\/wp-json\/wp\/v2\/media?parent=3911"}],"wp:term":[{"taxonomy":"product_brand","embeddable":true,"href":"https:\/\/yotavis.ch\/de\/wp-json\/wp\/v2\/product_brand?post=3911"},{"taxonomy":"product_cat","embeddable":true,"href":"https:\/\/yotavis.ch\/de\/wp-json\/wp\/v2\/product_cat?post=3911"},{"taxonomy":"product_tag","embeddable":true,"href":"https:\/\/yotavis.ch\/de\/wp-json\/wp\/v2\/product_tag?post=3911"}],"curies":[{"name":"wp","href":"https:\/\/api.w.org\/{rel}","templated":true}]}}