{"id":3912,"date":"2025-10-09T00:00:00","date_gmt":"2025-10-08T22:00:00","guid":{"rendered":"https:\/\/yotavis.ch\/product\/t3dso3034hd\/"},"modified":"2026-04-24T13:31:48","modified_gmt":"2026-04-24T11:31:48","slug":"t3dso3034hd","status":"publish","type":"product","link":"https:\/\/yotavis.ch\/de\/produkt\/t3dso3034hd\/","title":{"rendered":"T3DSO3034HD"},"content":{"rendered":"<p>Das Teledyne Lecroy T3DSO3034HD ist ein digitales Speicheroszilloskop mit einer Bandbreite von 350 MHz und vier Kan\u00e4len. Es bietet eine verschachtelte Abtastrate von 4 GS\/s und eine Abtastrate pro Kanal von 2000 MS\/s. Jeder Kanal ist mit einer Speichertiefe von 100 Mpts ausgestattet, was eine detaillierte Signalerfassung und -analyse erm\u00f6glicht. Das Ger\u00e4t bietet eine vertikale Aufl\u00f6sung von 12 Bit, was die Pr\u00e4zision der Wellenformmessungen erh\u00f6ht. Es unterst\u00fctzt eine maximale Speichertiefe von 400 Mpts, wenn die Kan\u00e4le verschachtelt sind. Das Oszilloskop verf\u00fcgt \u00fcber eine Touchscreen-Schnittstelle f\u00fcr die Benutzerinteraktion. Dieses Modell ist mit seiner Kombination aus hoher Bandbreite, Abtastrate und Speicherkapazit\u00e4t f\u00fcr die komplexe Signalanalyse ausgelegt.<\/p>","protected":false},"excerpt":{"rendered":"<p>350 MHz, 4 GS\/s interleaved, 4 CH, 400 Mpts\/Ch interleaved, DSO<\/p>","protected":false},"featured_media":7127,"comment_status":"closed","ping_status":"closed","template":"","meta":{"_acf_changed":false,"slim_seo":{"title":"T3DSO3034HD - YOTAVIS AG","description":"350 MHz, 4 GS\/s interleaved, 4 CH, 400 Mpts\/Ch interleaved, DSO"}},"product_brand":[542],"product_cat":[508,507],"product_tag":[],"class_list":{"0":"post-3912","1":"product","2":"type-product","3":"status-publish","4":"has-post-thumbnail","6":"product_brand-lecroy","7":"product_cat-desktop-en","8":"product_cat-oscilloscope","9":"pa_bandwidth-mhz-76","10":"pa_channels-338","11":"pa_digital-channels-opt","12":"pa_imax-ac-a-1019","13":"pa_memory-depht-mpts-93","14":"pa_sampling-rate-channels-ms-s-347","15":"pa_touch-screen-yes","16":"pa_vertical-resolution-bits-348","18":"first","19":"instock","20":"taxable","21":"shipping-taxable","22":"purchasable","23":"product-type-simple"},"acf":[],"_links":{"self":[{"href":"https:\/\/yotavis.ch\/de\/wp-json\/wp\/v2\/product\/3912","targetHints":{"allow":["GET"]}}],"collection":[{"href":"https:\/\/yotavis.ch\/de\/wp-json\/wp\/v2\/product"}],"about":[{"href":"https:\/\/yotavis.ch\/de\/wp-json\/wp\/v2\/types\/product"}],"replies":[{"embeddable":true,"href":"https:\/\/yotavis.ch\/de\/wp-json\/wp\/v2\/comments?post=3912"}],"wp:featuredmedia":[{"embeddable":true,"href":"https:\/\/yotavis.ch\/de\/wp-json\/wp\/v2\/media\/7127"}],"wp:attachment":[{"href":"https:\/\/yotavis.ch\/de\/wp-json\/wp\/v2\/media?parent=3912"}],"wp:term":[{"taxonomy":"product_brand","embeddable":true,"href":"https:\/\/yotavis.ch\/de\/wp-json\/wp\/v2\/product_brand?post=3912"},{"taxonomy":"product_cat","embeddable":true,"href":"https:\/\/yotavis.ch\/de\/wp-json\/wp\/v2\/product_cat?post=3912"},{"taxonomy":"product_tag","embeddable":true,"href":"https:\/\/yotavis.ch\/de\/wp-json\/wp\/v2\/product_tag?post=3912"}],"curies":[{"name":"wp","href":"https:\/\/api.w.org\/{rel}","templated":true}]}}