{"id":3913,"date":"2025-10-09T00:00:00","date_gmt":"2025-10-08T22:00:00","guid":{"rendered":"https:\/\/yotavis.ch\/product\/t3dso3054hd\/"},"modified":"2026-04-24T13:31:48","modified_gmt":"2026-04-24T11:31:48","slug":"t3dso3054hd","status":"publish","type":"product","link":"https:\/\/yotavis.ch\/de\/produkt\/t3dso3054hd\/","title":{"rendered":"T3DSO3054HD"},"content":{"rendered":"<p>Das Teledyne Lecroy T3DSO3054HD ist ein digitales Speicheroszilloskop mit einer Bandbreite von 500 MHz und einer maximalen Abtastrate von 4 GS\/s im Interleaved-Modus \u00fcber seine vier Kan\u00e4le. Jeder Kanal bietet eine Speichertiefe von 400 Mpts im Interleaved-Modus, mit einer Standardspeichertiefe von 100 Mpts pro Kanal. Das Ger\u00e4t bietet eine vertikale Aufl\u00f6sung von 12 Bit und erm\u00f6glicht so eine detaillierte Signalanalyse. Es unterst\u00fctzt vier Eingangskan\u00e4le, die jeweils mit 2000 MS\/s abtasten k\u00f6nnen. Das Oszilloskop verf\u00fcgt \u00fcber eine Touchscreen-Schnittstelle f\u00fcr die Benutzerinteraktion. Dieses Modell ist mit seiner Kombination aus Bandbreite, Abtastrate und Speicherkapazit\u00e4t f\u00fcr die Erfassung und Analyse von Hochgeschwindigkeitssignalen ausgelegt.<\/p>","protected":false},"excerpt":{"rendered":"<p>500 MHz, 4 GS\/s interleaved, 4 CH, 400 Mpts\/Ch interleaved, DSO<\/p>","protected":false},"featured_media":7127,"comment_status":"closed","ping_status":"closed","template":"","meta":{"_acf_changed":false,"slim_seo":{"title":"T3DSO3054HD - YOTAVIS AG","description":"500 MHz, 4 GS\/s interleaved, 4 CH, 400 Mpts\/Ch interleaved, DSO"}},"product_brand":[542],"product_cat":[508,507],"product_tag":[],"class_list":{"0":"post-3913","1":"product","2":"type-product","3":"status-publish","4":"has-post-thumbnail","6":"product_brand-lecroy","7":"product_cat-desktop-en","8":"product_cat-oscilloscope","9":"pa_bandwidth-mhz-83","10":"pa_channels-338","11":"pa_digital-channels-opt","12":"pa_imax-ac-a-1019","13":"pa_memory-depht-mpts-93","14":"pa_sampling-rate-channels-ms-s-347","15":"pa_touch-screen-yes","16":"pa_vertical-resolution-bits-348","18":"first","19":"instock","20":"taxable","21":"shipping-taxable","22":"purchasable","23":"product-type-simple"},"acf":[],"_links":{"self":[{"href":"https:\/\/yotavis.ch\/de\/wp-json\/wp\/v2\/product\/3913","targetHints":{"allow":["GET"]}}],"collection":[{"href":"https:\/\/yotavis.ch\/de\/wp-json\/wp\/v2\/product"}],"about":[{"href":"https:\/\/yotavis.ch\/de\/wp-json\/wp\/v2\/types\/product"}],"replies":[{"embeddable":true,"href":"https:\/\/yotavis.ch\/de\/wp-json\/wp\/v2\/comments?post=3913"}],"wp:featuredmedia":[{"embeddable":true,"href":"https:\/\/yotavis.ch\/de\/wp-json\/wp\/v2\/media\/7127"}],"wp:attachment":[{"href":"https:\/\/yotavis.ch\/de\/wp-json\/wp\/v2\/media?parent=3913"}],"wp:term":[{"taxonomy":"product_brand","embeddable":true,"href":"https:\/\/yotavis.ch\/de\/wp-json\/wp\/v2\/product_brand?post=3913"},{"taxonomy":"product_cat","embeddable":true,"href":"https:\/\/yotavis.ch\/de\/wp-json\/wp\/v2\/product_cat?post=3913"},{"taxonomy":"product_tag","embeddable":true,"href":"https:\/\/yotavis.ch\/de\/wp-json\/wp\/v2\/product_tag?post=3913"}],"curies":[{"name":"wp","href":"https:\/\/api.w.org\/{rel}","templated":true}]}}