{"id":3915,"date":"2025-10-09T00:00:00","date_gmt":"2025-10-08T22:00:00","guid":{"rendered":"https:\/\/yotavis.ch\/product\/t3dso2104hd\/"},"modified":"2026-04-24T13:31:49","modified_gmt":"2026-04-24T11:31:49","slug":"t3dso2104hd","status":"publish","type":"product","link":"https:\/\/yotavis.ch\/de\/produkt\/t3dso2104hd\/","title":{"rendered":"T3DSO2104HD"},"content":{"rendered":"<p>Das T3DSO2104HD von Teledyne Lecroy ist ein voll ausgestattetes digitales Speicheroszilloskop mit vier Kan\u00e4len und einer Bandbreite von 100 MHz. Es bietet eine verschachtelte Abtastrate von 2 GS\/s und eine Abtastrate pro Kanal von 1000 MS\/s, was eine detaillierte Signalanalyse erm\u00f6glicht. Jeder Kanal ist mit einer Speichertiefe von 200 Mpts im Interleaved-Betrieb und 100 Mpts pro Kanal ausgestattet, was ausreichend Speicherplatz f\u00fcr die Erfassung langer Wellenformaufzeichnungen bietet. Das Ger\u00e4t hat eine vertikale Aufl\u00f6sung von 12 Bit, was die Pr\u00e4zision der Signalmessungen erh\u00f6ht. Es verf\u00fcgt \u00fcber eine Touchscreen-Schnittstelle f\u00fcr eine benutzerfreundliche Bedienung und unterst\u00fctzt keine digitalen Kan\u00e4le. Dieses Oszilloskop ist mit seiner Kombination aus hohen Abtastraten, gro\u00dfem Speicher und mehreren Kan\u00e4len f\u00fcr komplexe Signalerfassungsaufgaben ausgelegt.<\/p>","protected":false},"excerpt":{"rendered":"<p>100 MHz, 2 GS\/s interleaved, 4 CH, 200 Mpts\/Ch interleaved, voll belastetes DSO<\/p>","protected":false},"featured_media":7132,"comment_status":"closed","ping_status":"closed","template":"","meta":{"_acf_changed":false,"slim_seo":{"title":"T3DSO2104HD - YOTAVIS AG","description":"100 MHz, 2 GS\/s interleaved, 4 CH, 200 Mpts\/Ch interleaved, voll belastetes DSO"}},"product_brand":[542],"product_cat":[508,507],"product_tag":[],"class_list":{"0":"post-3915","1":"product","2":"type-product","3":"status-publish","4":"has-post-thumbnail","6":"product_brand-lecroy","7":"product_cat-desktop-en","8":"product_cat-oscilloscope","9":"pa_bandwidth-mhz-90","10":"pa_channels-338","11":"pa_digital-channels-no","12":"pa_imax-ac-a-1019","13":"pa_memory-depht-mpts-93","14":"pa_sampling-rate-channels-ms-s-349","15":"pa_touch-screen-yes","16":"pa_vertical-resolution-bits-348","18":"first","19":"instock","20":"taxable","21":"shipping-taxable","22":"purchasable","23":"product-type-simple"},"acf":[],"_links":{"self":[{"href":"https:\/\/yotavis.ch\/de\/wp-json\/wp\/v2\/product\/3915","targetHints":{"allow":["GET"]}}],"collection":[{"href":"https:\/\/yotavis.ch\/de\/wp-json\/wp\/v2\/product"}],"about":[{"href":"https:\/\/yotavis.ch\/de\/wp-json\/wp\/v2\/types\/product"}],"replies":[{"embeddable":true,"href":"https:\/\/yotavis.ch\/de\/wp-json\/wp\/v2\/comments?post=3915"}],"wp:featuredmedia":[{"embeddable":true,"href":"https:\/\/yotavis.ch\/de\/wp-json\/wp\/v2\/media\/7132"}],"wp:attachment":[{"href":"https:\/\/yotavis.ch\/de\/wp-json\/wp\/v2\/media?parent=3915"}],"wp:term":[{"taxonomy":"product_brand","embeddable":true,"href":"https:\/\/yotavis.ch\/de\/wp-json\/wp\/v2\/product_brand?post=3915"},{"taxonomy":"product_cat","embeddable":true,"href":"https:\/\/yotavis.ch\/de\/wp-json\/wp\/v2\/product_cat?post=3915"},{"taxonomy":"product_tag","embeddable":true,"href":"https:\/\/yotavis.ch\/de\/wp-json\/wp\/v2\/product_tag?post=3915"}],"curies":[{"name":"wp","href":"https:\/\/api.w.org\/{rel}","templated":true}]}}