{"id":3916,"date":"2025-10-09T00:00:00","date_gmt":"2025-10-08T22:00:00","guid":{"rendered":"https:\/\/yotavis.ch\/product\/t3dso2104hd-ms\/"},"modified":"2026-04-24T13:31:49","modified_gmt":"2026-04-24T11:31:49","slug":"t3dso2104hd-ms","status":"publish","type":"product","link":"https:\/\/yotavis.ch\/de\/produkt\/t3dso2104hd-ms\/","title":{"rendered":"T3DSO2104HD-MS"},"content":{"rendered":"<p>Das T3DSO2104HD-MS von Teledyne Lecroy ist ein voll ausgestattetes digitales Speicheroszilloskop mit vier Kan\u00e4len und einer Bandbreite von 100 MHz. Es bietet eine verschachtelte Abtastrate von 2 GS\/s und eine Abtastrate pro Kanal von 1000 MS\/s, was eine detaillierte Signalanalyse erm\u00f6glicht. Jeder Kanal verf\u00fcgt \u00fcber eine Speichertiefe von 200 Mpts im Interleaved-Betrieb und 100 Mpts im Einzelbetrieb, was umfangreiche Datenerfassungsm\u00f6glichkeiten bietet. Das Ger\u00e4t verf\u00fcgt \u00fcber 16 digitale Kan\u00e4le, die die Funktionalit\u00e4t eines Mixed-Signal-Oszilloskops erweitern. Es hat eine vertikale Aufl\u00f6sung von 12 Bit, die eine pr\u00e4zise Messung von Signalamplituden erm\u00f6glicht. Das Oszilloskop ist au\u00dferdem mit einer Touchscreen-Oberfl\u00e4che ausgestattet, die dem Benutzer die Interaktion und Steuerung erleichtert. Dieses Modell wurde entwickelt, um komplexe Test- und Debugging-Aufgaben mit seiner Kombination aus analogen und digitalen Kanalfunktionen zu unterst\u00fctzen.<\/p>","protected":false},"excerpt":{"rendered":"<p>100 MHz, 2 GS\/s interleaved, 4 CH, 200 Mpts\/Ch interleaved, voll ausgestattetes DSO mit 16 Dig Ch MSO<\/p>","protected":false},"featured_media":7133,"comment_status":"closed","ping_status":"closed","template":"","meta":{"_acf_changed":false,"slim_seo":{"title":"T3DSO2104HD-MS - YOTAVIS AG","description":"100 MHz, 2 GS\/s interleaved, 4 CH, 200 Mpts\/Ch interleaved, voll ausgestattetes DSO mit 16 Dig Ch MSO"}},"product_brand":[542],"product_cat":[508,507],"product_tag":[],"class_list":{"0":"post-3916","1":"product","2":"type-product","3":"status-publish","4":"has-post-thumbnail","6":"product_brand-lecroy","7":"product_cat-desktop-en","8":"product_cat-oscilloscope","9":"pa_bandwidth-mhz-90","10":"pa_channels-338","11":"pa_digital-channels-yes","12":"pa_imax-ac-a-1019","13":"pa_memory-depht-mpts-93","14":"pa_sampling-rate-channels-ms-s-349","15":"pa_touch-screen-yes","16":"pa_vertical-resolution-bits-348","18":"first","19":"instock","20":"taxable","21":"shipping-taxable","22":"purchasable","23":"product-type-simple"},"acf":[],"_links":{"self":[{"href":"https:\/\/yotavis.ch\/de\/wp-json\/wp\/v2\/product\/3916","targetHints":{"allow":["GET"]}}],"collection":[{"href":"https:\/\/yotavis.ch\/de\/wp-json\/wp\/v2\/product"}],"about":[{"href":"https:\/\/yotavis.ch\/de\/wp-json\/wp\/v2\/types\/product"}],"replies":[{"embeddable":true,"href":"https:\/\/yotavis.ch\/de\/wp-json\/wp\/v2\/comments?post=3916"}],"wp:featuredmedia":[{"embeddable":true,"href":"https:\/\/yotavis.ch\/de\/wp-json\/wp\/v2\/media\/7133"}],"wp:attachment":[{"href":"https:\/\/yotavis.ch\/de\/wp-json\/wp\/v2\/media?parent=3916"}],"wp:term":[{"taxonomy":"product_brand","embeddable":true,"href":"https:\/\/yotavis.ch\/de\/wp-json\/wp\/v2\/product_brand?post=3916"},{"taxonomy":"product_cat","embeddable":true,"href":"https:\/\/yotavis.ch\/de\/wp-json\/wp\/v2\/product_cat?post=3916"},{"taxonomy":"product_tag","embeddable":true,"href":"https:\/\/yotavis.ch\/de\/wp-json\/wp\/v2\/product_tag?post=3916"}],"curies":[{"name":"wp","href":"https:\/\/api.w.org\/{rel}","templated":true}]}}