{"id":3917,"date":"2025-10-09T00:00:00","date_gmt":"2025-10-08T22:00:00","guid":{"rendered":"https:\/\/yotavis.ch\/product\/t3dso2204hd\/"},"modified":"2026-04-24T13:31:50","modified_gmt":"2026-04-24T11:31:50","slug":"t3dso2204hd","status":"publish","type":"product","link":"https:\/\/yotavis.ch\/de\/produkt\/t3dso2204hd\/","title":{"rendered":"T3DSO2204HD"},"content":{"rendered":"<p>Das T3DSO2204HD von Teledyne Lecroy ist ein voll ausgestattetes digitales Speicheroszilloskop mit vier Kan\u00e4len und einer Bandbreite von 200 MHz. Es bietet eine maximale Abtastrate von 2 GS\/s im Interleaved-Betrieb, wobei jeder Kanal mit 1000 MS\/s abtasten kann. Das Ger\u00e4t bietet eine Speichertiefe von 200 Mpts bei Interleaved und 100 Mpts pro Kanal, was eine umfangreiche Datenerfassung erm\u00f6glicht. Es hat eine vertikale Aufl\u00f6sung von 12 Bit, die eine detaillierte Signalanalyse erm\u00f6glicht. Das Oszilloskop verf\u00fcgt \u00fcber eine Touchscreen-Schnittstelle f\u00fcr die Benutzerinteraktion. Es hat keine digitalen Kan\u00e4le und ist f\u00fcr Signale bis zu 200 MHz ausgelegt. Dieses Modell eignet sich f\u00fcr Anwendungen, die eine Hochgeschwindigkeitsdatenerfassung und eine detaillierte Wellenformanalyse \u00fcber mehrere Kan\u00e4le erfordern.<\/p>","protected":false},"excerpt":{"rendered":"<p>200 MHz, 2 GS\/s interleaved, 4 CH, 200 Mpts\/Ch interleaved, voll belastetes DSO<\/p>","protected":false},"featured_media":7135,"comment_status":"closed","ping_status":"closed","template":"","meta":{"_acf_changed":false,"slim_seo":{"title":"T3DSO2204HD - YOTAVIS AG","description":"200 MHz, 2 GS\/s interleaved, 4 CH, 200 Mpts\/Ch interleaved, voll belastetes DSO"}},"product_brand":[542],"product_cat":[508,507],"product_tag":[],"class_list":{"0":"post-3917","1":"product","2":"type-product","3":"status-publish","4":"has-post-thumbnail","6":"product_brand-lecroy","7":"product_cat-desktop-en","8":"product_cat-oscilloscope","9":"pa_bandwidth-mhz-92","10":"pa_channels-338","11":"pa_digital-channels-no","12":"pa_imax-ac-a-1019","13":"pa_memory-depht-mpts-93","14":"pa_sampling-rate-channels-ms-s-349","15":"pa_touch-screen-yes","16":"pa_vertical-resolution-bits-348","18":"first","19":"instock","20":"taxable","21":"shipping-taxable","22":"purchasable","23":"product-type-simple"},"acf":[],"_links":{"self":[{"href":"https:\/\/yotavis.ch\/de\/wp-json\/wp\/v2\/product\/3917","targetHints":{"allow":["GET"]}}],"collection":[{"href":"https:\/\/yotavis.ch\/de\/wp-json\/wp\/v2\/product"}],"about":[{"href":"https:\/\/yotavis.ch\/de\/wp-json\/wp\/v2\/types\/product"}],"replies":[{"embeddable":true,"href":"https:\/\/yotavis.ch\/de\/wp-json\/wp\/v2\/comments?post=3917"}],"wp:featuredmedia":[{"embeddable":true,"href":"https:\/\/yotavis.ch\/de\/wp-json\/wp\/v2\/media\/7135"}],"wp:attachment":[{"href":"https:\/\/yotavis.ch\/de\/wp-json\/wp\/v2\/media?parent=3917"}],"wp:term":[{"taxonomy":"product_brand","embeddable":true,"href":"https:\/\/yotavis.ch\/de\/wp-json\/wp\/v2\/product_brand?post=3917"},{"taxonomy":"product_cat","embeddable":true,"href":"https:\/\/yotavis.ch\/de\/wp-json\/wp\/v2\/product_cat?post=3917"},{"taxonomy":"product_tag","embeddable":true,"href":"https:\/\/yotavis.ch\/de\/wp-json\/wp\/v2\/product_tag?post=3917"}],"curies":[{"name":"wp","href":"https:\/\/api.w.org\/{rel}","templated":true}]}}