{"id":3918,"date":"2025-10-09T00:00:00","date_gmt":"2025-10-08T22:00:00","guid":{"rendered":"https:\/\/yotavis.ch\/product\/t3dso2204hd-ms\/"},"modified":"2026-04-24T13:31:50","modified_gmt":"2026-04-24T11:31:50","slug":"t3dso2204hd-ms","status":"publish","type":"product","link":"https:\/\/yotavis.ch\/de\/produkt\/t3dso2204hd-ms\/","title":{"rendered":"T3DSO2204HD-MS"},"content":{"rendered":"<p>Das Teledyne Lecroy T3DSO2204HD-MS ist ein voll ausgestattetes digitales Speicheroszilloskop mit vier Kan\u00e4len und einer Bandbreite von 200 MHz. Es bietet eine verschachtelte Abtastrate von 2 GS\/s und eine Abtastrate pro Kanal von 1000 MS\/s, was eine detaillierte Signalanalyse erm\u00f6glicht. Jeder Kanal ist mit einer Speichertiefe von 100 Mpts ausgestattet, was umfangreiche Datenerfassungsm\u00f6glichkeiten bietet. Das Ger\u00e4t verf\u00fcgt \u00fcber 16 digitale Kan\u00e4le, die die Funktionalit\u00e4t des Mixed-Signal-Oszilloskops erweitern. Es verf\u00fcgt \u00fcber eine vertikale Aufl\u00f6sung von 12 Bit, die eine pr\u00e4zise Messung und Signaldarstellung erm\u00f6glicht. Das Oszilloskop ist mit einer Touchscreen-Schnittstelle ausgestattet, die die Interaktion und Steuerung durch den Benutzer erleichtert. Dieses Modell eignet sich f\u00fcr Anwendungen, die eine Hochgeschwindigkeitsdatenerfassung und eine umfassende Signalanalyse \u00fcber mehrere Kan\u00e4le hinweg erfordern.<\/p>","protected":false},"excerpt":{"rendered":"<p>200 MHz, 2 GS\/s interleaved, 4 CH, 200 Mpts\/Ch interleaved, voll ausgestattetes DSO mit 16 Dig Ch MSO<\/p>","protected":false},"featured_media":7134,"comment_status":"closed","ping_status":"closed","template":"","meta":{"_acf_changed":false,"slim_seo":{"title":"T3DSO2204HD-MS - YOTAVIS AG","description":"200 MHz, 2 GS\/s interleaved, 4 CH, 200 Mpts\/Ch interleaved, voll ausgestattetes DSO mit 16 Dig Ch MSO"}},"product_brand":[542],"product_cat":[508,507],"product_tag":[],"class_list":{"0":"post-3918","1":"product","2":"type-product","3":"status-publish","4":"has-post-thumbnail","6":"product_brand-lecroy","7":"product_cat-desktop-en","8":"product_cat-oscilloscope","9":"pa_bandwidth-mhz-92","10":"pa_channels-338","11":"pa_digital-channels-yes","12":"pa_imax-ac-a-1019","13":"pa_memory-depht-mpts-93","14":"pa_sampling-rate-channels-ms-s-349","15":"pa_touch-screen-yes","16":"pa_vertical-resolution-bits-348","18":"first","19":"instock","20":"taxable","21":"shipping-taxable","22":"purchasable","23":"product-type-simple"},"acf":[],"_links":{"self":[{"href":"https:\/\/yotavis.ch\/de\/wp-json\/wp\/v2\/product\/3918","targetHints":{"allow":["GET"]}}],"collection":[{"href":"https:\/\/yotavis.ch\/de\/wp-json\/wp\/v2\/product"}],"about":[{"href":"https:\/\/yotavis.ch\/de\/wp-json\/wp\/v2\/types\/product"}],"replies":[{"embeddable":true,"href":"https:\/\/yotavis.ch\/de\/wp-json\/wp\/v2\/comments?post=3918"}],"wp:featuredmedia":[{"embeddable":true,"href":"https:\/\/yotavis.ch\/de\/wp-json\/wp\/v2\/media\/7134"}],"wp:attachment":[{"href":"https:\/\/yotavis.ch\/de\/wp-json\/wp\/v2\/media?parent=3918"}],"wp:term":[{"taxonomy":"product_brand","embeddable":true,"href":"https:\/\/yotavis.ch\/de\/wp-json\/wp\/v2\/product_brand?post=3918"},{"taxonomy":"product_cat","embeddable":true,"href":"https:\/\/yotavis.ch\/de\/wp-json\/wp\/v2\/product_cat?post=3918"},{"taxonomy":"product_tag","embeddable":true,"href":"https:\/\/yotavis.ch\/de\/wp-json\/wp\/v2\/product_tag?post=3918"}],"curies":[{"name":"wp","href":"https:\/\/api.w.org\/{rel}","templated":true}]}}