{"id":3921,"date":"2025-10-09T00:00:00","date_gmt":"2025-10-08T22:00:00","guid":{"rendered":"https:\/\/yotavis.ch\/product\/t3dso1104hd\/"},"modified":"2026-04-24T13:31:51","modified_gmt":"2026-04-24T11:31:51","slug":"t3dso1104hd","status":"publish","type":"product","link":"https:\/\/yotavis.ch\/de\/produkt\/t3dso1104hd\/","title":{"rendered":"T3DSO1104HD"},"content":{"rendered":"<p>Der T3DSO1104HD von Teledyne Lecroy hat eine Bandbreite von 100 MHz und bietet vier Kan\u00e4le f\u00fcr die Signalanalyse. Jeder Kanal unterst\u00fctzt eine Abtastrate von 500 MS\/s, wobei die interleaved Abtastrate bis zu 2 GS\/s erreicht. Das Ger\u00e4t ist mit einer Speichertiefe von 100 Mpts pro Kanal ausgestattet, was eine detaillierte Wellenformerfassung und -analyse erm\u00f6glicht. Es bietet eine vertikale Aufl\u00f6sung von 12 Bit, wodurch die Pr\u00e4zision der Signalmessungen erh\u00f6ht wird. Das Oszilloskop verf\u00fcgt \u00fcber ein 10,1-Zoll-Farbdisplay mit Touchscreen-Funktionalit\u00e4t, das die Interaktion mit dem Benutzer und die Visualisierung der Daten erleichtert. Mit einer Gesamtspeichertiefe von 200 Mpts \u00fcber alle Kan\u00e4le unterst\u00fctzt es erweiterte Datenerfassungssitzungen. Dieses hochaufl\u00f6sende digitale Speicheroszilloskop ist mit seinen fortschrittlichen Abtastfunktionen und seiner Mehrkanalunterst\u00fctzung f\u00fcr komplexe Signaltests und Messaufgaben ausgelegt.<\/p>","protected":false},"excerpt":{"rendered":"<p>100 MHz, 2 GS\/s per Ch, 2 GS\/s interleaved, 4 CH, 200 Mpts\/Ch HD DSO with 10.1&#8243; Color Display<\/p>","protected":false},"featured_media":7141,"comment_status":"closed","ping_status":"closed","template":"","meta":{"_acf_changed":false,"slim_seo":{"title":"T3DSO1104HD - YOTAVIS AG","description":"100 MHz, 2 GS\/s pro Kanal, 2 GS\/s interleaved, 4 Kan\u00e4le, 200 Mpts\/Ch HD DSO mit 10,1\" Farbdisplay"}},"product_brand":[542],"product_cat":[508,507],"product_tag":[],"class_list":{"0":"post-3921","1":"product","2":"type-product","3":"status-publish","4":"has-post-thumbnail","6":"product_brand-lecroy","7":"product_cat-desktop-en","8":"product_cat-oscilloscope","9":"pa_bandwidth-mhz-90","10":"pa_channels-338","11":"pa_digital-channels-opt","12":"pa_imax-ac-a-1019","13":"pa_memory-depht-mpts-93","14":"pa_sampling-rate-channels-ms-s-351","15":"pa_touch-screen-yes","16":"pa_vertical-resolution-bits-348","18":"first","19":"instock","20":"taxable","21":"shipping-taxable","22":"purchasable","23":"product-type-simple"},"acf":[],"_links":{"self":[{"href":"https:\/\/yotavis.ch\/de\/wp-json\/wp\/v2\/product\/3921","targetHints":{"allow":["GET"]}}],"collection":[{"href":"https:\/\/yotavis.ch\/de\/wp-json\/wp\/v2\/product"}],"about":[{"href":"https:\/\/yotavis.ch\/de\/wp-json\/wp\/v2\/types\/product"}],"replies":[{"embeddable":true,"href":"https:\/\/yotavis.ch\/de\/wp-json\/wp\/v2\/comments?post=3921"}],"wp:featuredmedia":[{"embeddable":true,"href":"https:\/\/yotavis.ch\/de\/wp-json\/wp\/v2\/media\/7141"}],"wp:attachment":[{"href":"https:\/\/yotavis.ch\/de\/wp-json\/wp\/v2\/media?parent=3921"}],"wp:term":[{"taxonomy":"product_brand","embeddable":true,"href":"https:\/\/yotavis.ch\/de\/wp-json\/wp\/v2\/product_brand?post=3921"},{"taxonomy":"product_cat","embeddable":true,"href":"https:\/\/yotavis.ch\/de\/wp-json\/wp\/v2\/product_cat?post=3921"},{"taxonomy":"product_tag","embeddable":true,"href":"https:\/\/yotavis.ch\/de\/wp-json\/wp\/v2\/product_tag?post=3921"}],"curies":[{"name":"wp","href":"https:\/\/api.w.org\/{rel}","templated":true}]}}