{"id":3922,"date":"2025-10-09T00:00:00","date_gmt":"2025-10-08T22:00:00","guid":{"rendered":"https:\/\/yotavis.ch\/product\/t3dso1204hd\/"},"modified":"2026-04-24T13:31:51","modified_gmt":"2026-04-24T11:31:51","slug":"t3dso1204hd","status":"publish","type":"product","link":"https:\/\/yotavis.ch\/de\/produkt\/t3dso1204hd\/","title":{"rendered":"T3DSO1204HD"},"content":{"rendered":"<p>Der T3DSO1204HD von Teledyne Lecroy verf\u00fcgt \u00fcber eine Bandbreite von 200 MHz und bietet eine Abtastrate von 500 MS\/s pro Kanal, mit einer verschachtelten Abtastrate von 2 GS\/s. Es ist mit vier Kan\u00e4len ausgestattet, von denen jeder eine Speichertiefe von 100 Mpts bietet, was eine detaillierte Signalanalyse erm\u00f6glicht. Das Ger\u00e4t verf\u00fcgt \u00fcber ein 10,1-Zoll-Farbdisplay, das die Touchscreen-Funktionalit\u00e4t unterst\u00fctzt und so die Interaktion mit dem Benutzer und die Benutzerfreundlichkeit verbessert. Mit einer vertikalen Aufl\u00f6sung von 12 Bit bietet das Oszilloskop pr\u00e4zise Messm\u00f6glichkeiten. Das Modell unterst\u00fctzt eine Gesamtspeichertiefe von 200 Mpts, wenn alle Kan\u00e4le zusammen betrachtet werden. Dieses hochaufl\u00f6sende digitale Speicheroszilloskop wurde entwickelt, um komplexe Signalerfassungsaufgaben effizient zu bew\u00e4ltigen und gleichzeitig eine klare visuelle Darstellung auf seinem gro\u00dfen Display zu bieten.<\/p>","protected":false},"excerpt":{"rendered":"<p>200 MHz, 2 GS\/s per Ch, 2 GS\/s interleaved, 4 CH, 200 Mpts\/Ch HD DSO with 10.1&#8243; Color Display<\/p>","protected":false},"featured_media":7143,"comment_status":"closed","ping_status":"closed","template":"","meta":{"_acf_changed":false,"slim_seo":{"title":"T3DSO1204HD - YOTAVIS AG","description":"200 MHz, 2 GS\/s pro Kanal, 2 GS\/s interleaved, 4 Kan\u00e4le, 200 Mpts\/Ch HD DSO mit 10,1\" Farbdisplay"}},"product_brand":[542],"product_cat":[508,507],"product_tag":[],"class_list":{"0":"post-3922","1":"product","2":"type-product","3":"status-publish","4":"has-post-thumbnail","6":"product_brand-lecroy","7":"product_cat-desktop-en","8":"product_cat-oscilloscope","9":"pa_bandwidth-mhz-92","10":"pa_channels-338","11":"pa_digital-channels-opt","12":"pa_imax-ac-a-1019","13":"pa_memory-depht-mpts-93","14":"pa_sampling-rate-channels-ms-s-351","15":"pa_touch-screen-yes","16":"pa_vertical-resolution-bits-348","18":"first","19":"instock","20":"taxable","21":"shipping-taxable","22":"purchasable","23":"product-type-simple"},"acf":[],"_links":{"self":[{"href":"https:\/\/yotavis.ch\/de\/wp-json\/wp\/v2\/product\/3922","targetHints":{"allow":["GET"]}}],"collection":[{"href":"https:\/\/yotavis.ch\/de\/wp-json\/wp\/v2\/product"}],"about":[{"href":"https:\/\/yotavis.ch\/de\/wp-json\/wp\/v2\/types\/product"}],"replies":[{"embeddable":true,"href":"https:\/\/yotavis.ch\/de\/wp-json\/wp\/v2\/comments?post=3922"}],"wp:featuredmedia":[{"embeddable":true,"href":"https:\/\/yotavis.ch\/de\/wp-json\/wp\/v2\/media\/7143"}],"wp:attachment":[{"href":"https:\/\/yotavis.ch\/de\/wp-json\/wp\/v2\/media?parent=3922"}],"wp:term":[{"taxonomy":"product_brand","embeddable":true,"href":"https:\/\/yotavis.ch\/de\/wp-json\/wp\/v2\/product_brand?post=3922"},{"taxonomy":"product_cat","embeddable":true,"href":"https:\/\/yotavis.ch\/de\/wp-json\/wp\/v2\/product_cat?post=3922"},{"taxonomy":"product_tag","embeddable":true,"href":"https:\/\/yotavis.ch\/de\/wp-json\/wp\/v2\/product_tag?post=3922"}],"curies":[{"name":"wp","href":"https:\/\/api.w.org\/{rel}","templated":true}]}}