{"id":3923,"date":"2025-10-09T00:00:00","date_gmt":"2025-10-08T22:00:00","guid":{"rendered":"https:\/\/yotavis.ch\/product\/t3dso1102\/"},"modified":"2026-04-24T13:31:52","modified_gmt":"2026-04-24T11:31:52","slug":"t3dso1102","status":"publish","type":"product","link":"https:\/\/yotavis.ch\/de\/produkt\/t3dso1102\/","title":{"rendered":"T3DSO1102"},"content":{"rendered":"<p>Das Teledyne Lecroy T3DSO1102 ist ein digitales Speicheroszilloskop mit einer Bandbreite von 100 MHz und zwei Kan\u00e4len. Es bietet eine Abtastrate von 500 MS\/s pro Kanal, die verschachtelt werden kann, um eine kombinierte Rate von 1 GS\/s zu erreichen. Jeder Kanal ist mit einer Speichertiefe von 7 Mpts ausgestattet, insgesamt also 14 Mpts f\u00fcr beide Kan\u00e4le. Das Ger\u00e4t hat eine vertikale Aufl\u00f6sung von 8 Bit und verf\u00fcgt \u00fcber ein 7-Zoll-Farbdisplay zur Signalvisualisierung. Es verf\u00fcgt nicht \u00fcber digitale Kan\u00e4le oder eine Touchscreen-Schnittstelle. Dieses Oszilloskop wurde f\u00fcr die pr\u00e4zise Erfassung und Analyse elektronischer Signale entwickelt und unterst\u00fctzt durch seine umfangreichen Speicher- und Abtastfunktionen eine detaillierte Wellenformanalyse.<\/p>","protected":false},"excerpt":{"rendered":"<p>100 MHz, 500 MS\/s per Ch, 1 GS\/s interleaved, 2 CH, 7 Mpts\/Ch DSO with 7&#8243; Color Display<\/p>","protected":false},"featured_media":7146,"comment_status":"closed","ping_status":"closed","template":"","meta":{"_acf_changed":false,"slim_seo":{"title":"T3DSO1102 - YOTAVIS AG","description":"100 MHz, 500 MS\/s pro Kanal, 1 GS\/s interleaved, 2 Kan\u00e4le, 7 Mpts\/Ch DSO mit 7\" Farbdisplay"}},"product_brand":[542],"product_cat":[508,507],"product_tag":[],"class_list":{"0":"post-3923","1":"product","2":"type-product","3":"status-publish","4":"has-post-thumbnail","6":"product_brand-lecroy","7":"product_cat-desktop-en","8":"product_cat-oscilloscope","9":"pa_bandwidth-mhz-90","10":"pa_channels-350","11":"pa_digital-channels-no","12":"pa_imax-ac-a-1019","13":"pa_memory-depht-mpts-98","14":"pa_sampling-rate-channels-ms-s-351","15":"pa_touch-screen-no","16":"pa_vertical-resolution-bits-340","18":"first","19":"instock","20":"taxable","21":"shipping-taxable","22":"purchasable","23":"product-type-simple"},"acf":[],"_links":{"self":[{"href":"https:\/\/yotavis.ch\/de\/wp-json\/wp\/v2\/product\/3923","targetHints":{"allow":["GET"]}}],"collection":[{"href":"https:\/\/yotavis.ch\/de\/wp-json\/wp\/v2\/product"}],"about":[{"href":"https:\/\/yotavis.ch\/de\/wp-json\/wp\/v2\/types\/product"}],"replies":[{"embeddable":true,"href":"https:\/\/yotavis.ch\/de\/wp-json\/wp\/v2\/comments?post=3923"}],"wp:featuredmedia":[{"embeddable":true,"href":"https:\/\/yotavis.ch\/de\/wp-json\/wp\/v2\/media\/7146"}],"wp:attachment":[{"href":"https:\/\/yotavis.ch\/de\/wp-json\/wp\/v2\/media?parent=3923"}],"wp:term":[{"taxonomy":"product_brand","embeddable":true,"href":"https:\/\/yotavis.ch\/de\/wp-json\/wp\/v2\/product_brand?post=3923"},{"taxonomy":"product_cat","embeddable":true,"href":"https:\/\/yotavis.ch\/de\/wp-json\/wp\/v2\/product_cat?post=3923"},{"taxonomy":"product_tag","embeddable":true,"href":"https:\/\/yotavis.ch\/de\/wp-json\/wp\/v2\/product_tag?post=3923"}],"curies":[{"name":"wp","href":"https:\/\/api.w.org\/{rel}","templated":true}]}}