{"id":3925,"date":"2025-10-09T00:00:00","date_gmt":"2025-10-08T22:00:00","guid":{"rendered":"https:\/\/yotavis.ch\/product\/t3dso1204\/"},"modified":"2026-04-24T13:31:53","modified_gmt":"2026-04-24T11:31:53","slug":"t3dso1204","status":"publish","type":"product","link":"https:\/\/yotavis.ch\/de\/produkt\/t3dso1204\/","title":{"rendered":"T3DSO1204"},"content":{"rendered":"<p>Das T3DSO1204 von Teledyne Lecroy ist ein digitales Speicheroszilloskop mit einer Bandbreite von 200 MHz und vier Eingangskan\u00e4len. Jeder Kanal unterst\u00fctzt eine Abtastrate von 500 MS\/s, mit einer verschachtelten Abtastrate von bis zu 1 GS\/s. Das Ger\u00e4t bietet eine Speichertiefe von 7 Mpts pro Kanal, insgesamt also 14 Mpts \u00fcber alle Kan\u00e4le. Es hat eine vertikale Aufl\u00f6sung von 8 Bit, die eine detaillierte Signalanalyse erm\u00f6glicht. Das Oszilloskop ist mit einem 7-Zoll-Farbdisplay ausgestattet, das eine klare Visualisierung der Wellenformen erm\u00f6glicht. Das Ger\u00e4t verf\u00fcgt nicht \u00fcber eine Touchscreen-Schnittstelle. Dieses Modell ist f\u00fcr die gleichzeitige Verarbeitung mehrerer Kan\u00e4le ausgelegt und eignet sich daher f\u00fcr verschiedene Signalmessanwendungen.<\/p>","protected":false},"excerpt":{"rendered":"<p>200 MHz, 500 MS\/s per Ch, 1 GS\/s interleaved, 4 CH, 7 Mpts\/Ch DSO with 7&#8243; Color Display<\/p>","protected":false},"featured_media":7153,"comment_status":"closed","ping_status":"closed","template":"","meta":{"_acf_changed":false,"slim_seo":{"title":"T3DSO1204 - YOTAVIS AG","description":"200 MHz, 500 MS\/s pro Kanal, 1 GS\/s interleaved, 4 Kan\u00e4le, 7 Mpts\/Ch DSO mit 7\" Farbdisplay"}},"product_brand":[542],"product_cat":[508,507],"product_tag":[],"class_list":{"0":"post-3925","1":"product","2":"type-product","3":"status-publish","4":"has-post-thumbnail","6":"product_brand-lecroy","7":"product_cat-desktop-en","8":"product_cat-oscilloscope","9":"pa_bandwidth-mhz-92","10":"pa_channels-338","11":"pa_digital-channels-opt","12":"pa_imax-ac-a-1019","13":"pa_memory-depht-mpts-98","14":"pa_sampling-rate-channels-ms-s-351","15":"pa_touch-screen-no","16":"pa_vertical-resolution-bits-340","18":"first","19":"instock","20":"taxable","21":"shipping-taxable","22":"purchasable","23":"product-type-simple"},"acf":[],"_links":{"self":[{"href":"https:\/\/yotavis.ch\/de\/wp-json\/wp\/v2\/product\/3925","targetHints":{"allow":["GET"]}}],"collection":[{"href":"https:\/\/yotavis.ch\/de\/wp-json\/wp\/v2\/product"}],"about":[{"href":"https:\/\/yotavis.ch\/de\/wp-json\/wp\/v2\/types\/product"}],"replies":[{"embeddable":true,"href":"https:\/\/yotavis.ch\/de\/wp-json\/wp\/v2\/comments?post=3925"}],"wp:featuredmedia":[{"embeddable":true,"href":"https:\/\/yotavis.ch\/de\/wp-json\/wp\/v2\/media\/7153"}],"wp:attachment":[{"href":"https:\/\/yotavis.ch\/de\/wp-json\/wp\/v2\/media?parent=3925"}],"wp:term":[{"taxonomy":"product_brand","embeddable":true,"href":"https:\/\/yotavis.ch\/de\/wp-json\/wp\/v2\/product_brand?post=3925"},{"taxonomy":"product_cat","embeddable":true,"href":"https:\/\/yotavis.ch\/de\/wp-json\/wp\/v2\/product_cat?post=3925"},{"taxonomy":"product_tag","embeddable":true,"href":"https:\/\/yotavis.ch\/de\/wp-json\/wp\/v2\/product_tag?post=3925"}],"curies":[{"name":"wp","href":"https:\/\/api.w.org\/{rel}","templated":true}]}}