{"id":3926,"date":"2025-10-09T00:00:00","date_gmt":"2025-10-08T22:00:00","guid":{"rendered":"https:\/\/yotavis.ch\/product\/t3vna3200\/"},"modified":"2026-04-24T13:31:53","modified_gmt":"2026-04-24T11:31:53","slug":"t3vna3200","status":"publish","type":"product","link":"https:\/\/yotavis.ch\/de\/produkt\/t3vna3200\/","title":{"rendered":"T3VNA3200"},"content":{"rendered":"<p>Der T3VNA3200 von Teledyne Lecroy ist ein Vektornetzwerkanalysator, der in einem Frequenzbereich von 9 kHz bis 3,2 GHz arbeitet. Er verf\u00fcgt \u00fcber zwei Anschl\u00fcsse und bietet einen Dynamikbereich von 80 dB, wodurch er sich f\u00fcr verschiedene Messanwendungen eignet. Dieses Modell enth\u00e4lt ein Advanced Measurement Kit, eine Distance To Fault-Option sowie Kalibrier- und Utility Kits, die seine Funktionalit\u00e4t und Benutzerfreundlichkeit erh\u00f6hen. Das Ger\u00e4t ist nicht handgehalten, sondern f\u00fcr den Einsatz auf dem Tisch oder im Labor konzipiert. Die Mindestfrequenz betr\u00e4gt 100 kHz, und es kann bis zu einer H\u00f6chstfrequenz von 3,2 GHz messen. Die Einbeziehung dieser Kits und Optionen deutet darauf hin, dass das Ger\u00e4t detaillierte Analyse- und Fehlerortungsfunktionen unterst\u00fctzt. Der Analysator ist f\u00fcr pr\u00e4zise Netzwerkmessungen \u00fcber den gesamten spezifizierten Frequenzbereich ausgelegt.<\/p>","protected":false},"excerpt":{"rendered":"<p>Vektor-Netzwerk-Analysator 9KHz-3.2GHz. Enth\u00e4lt Adv Meas Kit, Distance To Fault Opt, Cal und Utl Kits<\/p>","protected":false},"featured_media":7154,"comment_status":"closed","ping_status":"closed","template":"","meta":{"_acf_changed":false,"slim_seo":{"title":"T3VNA3200 - YOTAVIS AG","description":"Vektor-Netzwerk-Analysator 9KHz-3.2GHz. Enth\u00e4lt Adv Meas Kit, Distance To Fault Opt, Cal und Utl Kits"}},"product_brand":[542],"product_cat":[523,525],"product_tag":[],"class_list":{"0":"post-3926","1":"product","2":"type-product","3":"status-publish","4":"has-post-thumbnail","6":"product_brand-lecroy","7":"product_cat-analyser","8":"product_cat-vna","9":"pa_dynamic-range-db-300","10":"pa_frequency-max-mhz-429","11":"pa_frequency-min-hz-250","12":"pa_handheld-no","13":"pa_imax-ac-a-1019","14":"pa_ports-188","16":"first","17":"instock","18":"taxable","19":"shipping-taxable","20":"purchasable","21":"product-type-simple"},"acf":[],"_links":{"self":[{"href":"https:\/\/yotavis.ch\/de\/wp-json\/wp\/v2\/product\/3926","targetHints":{"allow":["GET"]}}],"collection":[{"href":"https:\/\/yotavis.ch\/de\/wp-json\/wp\/v2\/product"}],"about":[{"href":"https:\/\/yotavis.ch\/de\/wp-json\/wp\/v2\/types\/product"}],"replies":[{"embeddable":true,"href":"https:\/\/yotavis.ch\/de\/wp-json\/wp\/v2\/comments?post=3926"}],"wp:featuredmedia":[{"embeddable":true,"href":"https:\/\/yotavis.ch\/de\/wp-json\/wp\/v2\/media\/7154"}],"wp:attachment":[{"href":"https:\/\/yotavis.ch\/de\/wp-json\/wp\/v2\/media?parent=3926"}],"wp:term":[{"taxonomy":"product_brand","embeddable":true,"href":"https:\/\/yotavis.ch\/de\/wp-json\/wp\/v2\/product_brand?post=3926"},{"taxonomy":"product_cat","embeddable":true,"href":"https:\/\/yotavis.ch\/de\/wp-json\/wp\/v2\/product_cat?post=3926"},{"taxonomy":"product_tag","embeddable":true,"href":"https:\/\/yotavis.ch\/de\/wp-json\/wp\/v2\/product_tag?post=3926"}],"curies":[{"name":"wp","href":"https:\/\/api.w.org\/{rel}","templated":true}]}}