{"id":3927,"date":"2025-10-09T00:00:00","date_gmt":"2025-10-08T22:00:00","guid":{"rendered":"https:\/\/yotavis.ch\/product\/t3nfp3\/"},"modified":"2026-04-24T13:31:54","modified_gmt":"2026-04-24T11:31:54","slug":"t3nfp3","status":"publish","type":"product","link":"https:\/\/yotavis.ch\/de\/produkt\/t3nfp3\/","title":{"rendered":"T3NFP3"},"content":{"rendered":"<p>Das Teledyne Lecroy T3NFP3 Nahfeldsonden-Kit arbeitet in einem Frequenzbereich von 300 kHz bis 3 GHz und eignet sich damit f\u00fcr eine Vielzahl von Anwendungen im Bereich der elektromagnetischen Vertr\u00e4glichkeit und der Signalanalyse. Das Kit verf\u00fcgt \u00fcber eine Bandbreite von 3000 MHz, wodurch es hochfrequente Signale pr\u00e4zise erfassen kann. Es ist mit einer universellen Schnittstelle ausgestattet, die die Kompatibilit\u00e4t mit verschiedenen Messger\u00e4ten und -systemen gew\u00e4hrleistet. Das Kit ist f\u00fcr den Einsatz in Umgebungen vorgesehen, in denen eine detaillierte Erfassung von Nahfeldsignalen erforderlich ist, und bietet dem Benutzer die M\u00f6glichkeit, elektromagnetische Emissionen effektiv zu analysieren. Das Design des Produkts unterst\u00fctzt eine genaue und zuverl\u00e4ssige Datenerfassung \u00fcber den gesamten spezifizierten Frequenzbereich. Seine Konstruktion und Spezifikationen entsprechen den professionellen Standards f\u00fcr Nahfeldsondierungsger\u00e4te und erleichtern detaillierte elektromagnetische Untersuchungen und Fehlersuchaufgaben.<\/p>","protected":false},"excerpt":{"rendered":"<p>Near Field Probe Kit, 300 kHz &#8211; 3 GHz Frequency Range<\/p>","protected":false},"featured_media":7156,"comment_status":"closed","ping_status":"closed","template":"","meta":{"_acf_changed":false,"slim_seo":{"title":"T3NFP3 - YOTAVIS AG","description":"Nahfeldsonden-Kit, Frequenzbereich 300 kHz - 3 GHz"}},"product_brand":[542],"product_cat":[543,509],"product_tag":[],"class_list":{"0":"post-3927","1":"product","2":"type-product","3":"status-publish","4":"has-post-thumbnail","6":"product_brand-lecroy","7":"product_cat-emc-test-equipment-en","8":"product_cat-probes-en","9":"pa_bandwidth-mhz-231","10":"pa_imax-ac-a-1019","11":"pa_interface-universal","13":"first","14":"instock","15":"taxable","16":"shipping-taxable","17":"purchasable","18":"product-type-simple"},"acf":[],"_links":{"self":[{"href":"https:\/\/yotavis.ch\/de\/wp-json\/wp\/v2\/product\/3927","targetHints":{"allow":["GET"]}}],"collection":[{"href":"https:\/\/yotavis.ch\/de\/wp-json\/wp\/v2\/product"}],"about":[{"href":"https:\/\/yotavis.ch\/de\/wp-json\/wp\/v2\/types\/product"}],"replies":[{"embeddable":true,"href":"https:\/\/yotavis.ch\/de\/wp-json\/wp\/v2\/comments?post=3927"}],"wp:featuredmedia":[{"embeddable":true,"href":"https:\/\/yotavis.ch\/de\/wp-json\/wp\/v2\/media\/7156"}],"wp:attachment":[{"href":"https:\/\/yotavis.ch\/de\/wp-json\/wp\/v2\/media?parent=3927"}],"wp:term":[{"taxonomy":"product_brand","embeddable":true,"href":"https:\/\/yotavis.ch\/de\/wp-json\/wp\/v2\/product_brand?post=3927"},{"taxonomy":"product_cat","embeddable":true,"href":"https:\/\/yotavis.ch\/de\/wp-json\/wp\/v2\/product_cat?post=3927"},{"taxonomy":"product_tag","embeddable":true,"href":"https:\/\/yotavis.ch\/de\/wp-json\/wp\/v2\/product_tag?post=3927"}],"curies":[{"name":"wp","href":"https:\/\/api.w.org\/{rel}","templated":true}]}}