{"id":3928,"date":"2025-10-09T00:00:00","date_gmt":"2025-10-08T22:00:00","guid":{"rendered":"https:\/\/yotavis.ch\/product\/t3sa3100\/"},"modified":"2026-04-24T13:31:54","modified_gmt":"2026-04-24T11:31:54","slug":"t3sa3100","status":"publish","type":"product","link":"https:\/\/yotavis.ch\/de\/produkt\/t3sa3100\/","title":{"rendered":"T3SA3100"},"content":{"rendered":"<p>Der Teledyne Lecroy T3SA3100 Spectrum Analyzer arbeitet in einem Frequenzbereich von 9 kHz bis 2,1 GHz und bietet detaillierte Spektralanalysefunktionen. Er weist ein Phasenrauschen von weniger als -98 dBc\/Hz auf und gew\u00e4hrleistet eine pr\u00e4zise Signalcharakterisierung. Das Ger\u00e4t bietet eine Amplitudengenauigkeit von weniger als 0,7 dB und tr\u00e4gt so zu zuverl\u00e4ssigen Messergebnissen bei. Der Analysator ist mit einem 10,1-Zoll-Farbdisplay ausgestattet, das eine klare Visualisierung der Daten erm\u00f6glicht. Die Analysebandbreite betr\u00e4gt 1 MHz, und der angezeigte durchschnittliche Rauschpegel (DANL) liegt bei -161 dBm\/Hz. Die maximale Frequenz, die das Ger\u00e4t unterst\u00fctzt, betr\u00e4gt 2,1 GHz, w\u00e4hrend die minimale Frequenz 9 kHz betr\u00e4gt. Dieser Spektrumanalysator ist als nicht tragbares Ger\u00e4t konzipiert, das sich f\u00fcr den station\u00e4ren Einsatz in verschiedenen Pr\u00fcfumgebungen eignet.<\/p>","protected":false},"excerpt":{"rendered":"<p>9 KHz &#8211; 2.1 GHz, Spectrum Analyzer, Phase Noise &lt;-98 dBc\/Hz, Amplitudengenauigkeit &lt; 0,7 dB, 10,1&quot; Colo\n<\/p>","protected":false},"featured_media":7159,"comment_status":"closed","ping_status":"closed","template":"","meta":{"_acf_changed":false,"slim_seo":{"title":"T3SA3100 - YOTAVIS AG","description":"9 KHz - 2,1 GHz, Spektrum-Analysator, Phasenrauschen &lt;-98 dBc\/Hz, Amplitudengenauigkeit &lt; 0,7 dB, 10,1&quot; Colo"}},"product_brand":[542],"product_cat":[523,524],"product_tag":[],"class_list":{"0":"post-3928","1":"product","2":"type-product","3":"status-publish","4":"has-post-thumbnail","6":"product_brand-lecroy","7":"product_cat-analyser","8":"product_cat-signal-spectrum-analyser","9":"pa_analysis-bandwidth-mhz-178","10":"pa_danl-dbm-hz-179","11":"pa_frequency-max-mhz-426","12":"pa_frequency-min-hz-177","13":"pa_handheld-no","14":"pa_imax-ac-a-1019","15":"pa_rtsa-no","17":"first","18":"instock","19":"taxable","20":"shipping-taxable","21":"purchasable","22":"product-type-simple"},"acf":[],"_links":{"self":[{"href":"https:\/\/yotavis.ch\/de\/wp-json\/wp\/v2\/product\/3928","targetHints":{"allow":["GET"]}}],"collection":[{"href":"https:\/\/yotavis.ch\/de\/wp-json\/wp\/v2\/product"}],"about":[{"href":"https:\/\/yotavis.ch\/de\/wp-json\/wp\/v2\/types\/product"}],"replies":[{"embeddable":true,"href":"https:\/\/yotavis.ch\/de\/wp-json\/wp\/v2\/comments?post=3928"}],"wp:featuredmedia":[{"embeddable":true,"href":"https:\/\/yotavis.ch\/de\/wp-json\/wp\/v2\/media\/7159"}],"wp:attachment":[{"href":"https:\/\/yotavis.ch\/de\/wp-json\/wp\/v2\/media?parent=3928"}],"wp:term":[{"taxonomy":"product_brand","embeddable":true,"href":"https:\/\/yotavis.ch\/de\/wp-json\/wp\/v2\/product_brand?post=3928"},{"taxonomy":"product_cat","embeddable":true,"href":"https:\/\/yotavis.ch\/de\/wp-json\/wp\/v2\/product_cat?post=3928"},{"taxonomy":"product_tag","embeddable":true,"href":"https:\/\/yotavis.ch\/de\/wp-json\/wp\/v2\/product_tag?post=3928"}],"curies":[{"name":"wp","href":"https:\/\/api.w.org\/{rel}","templated":true}]}}