{"id":3929,"date":"2025-10-09T00:00:00","date_gmt":"2025-10-08T22:00:00","guid":{"rendered":"https:\/\/yotavis.ch\/product\/t3sa3200\/"},"modified":"2026-04-24T13:31:54","modified_gmt":"2026-04-24T11:31:54","slug":"t3sa3200","status":"publish","type":"product","link":"https:\/\/yotavis.ch\/de\/produkt\/t3sa3200\/","title":{"rendered":"T3SA3200"},"content":{"rendered":"<p>Der Teledyne Lecroy T3SA3200 Spectrum Analyzer arbeitet in einem Frequenzbereich von 9 kHz bis 3,2 GHz und bietet detaillierte Spektralanalysefunktionen. Er weist einen Phasenrauschpegel von weniger als -98 dBc\/Hz auf, was eine pr\u00e4zise Signalcharakterisierung unterst\u00fctzt. Das Ger\u00e4t bietet eine Amplitudengenauigkeit von besser als 0,7 dB und gew\u00e4hrleistet damit zuverl\u00e4ssige Messergebnisse. Der Analysator ist mit einem 10,1-Zoll-Farbdisplay ausgestattet, das eine klare Visualisierung der Daten erm\u00f6glicht. Seine Analysebandbreite betr\u00e4gt 1 MHz, und der angezeigte Rauschpegel (DANL) von -161 dBm\/Hz tr\u00e4gt zu seiner Empfindlichkeit bei der Erkennung schwacher Signale bei. Das Ger\u00e4t ist nicht tragbar und unterst\u00fctzt keine Echtzeit-Spektrumanalyse (RTSA). Dieser Spektrumanalysator ist f\u00fcr Anwendungen konzipiert, die genaue Frequenz- und Amplitudenmessungen innerhalb seines spezifizierten Bereichs erfordern.<\/p>","protected":false},"excerpt":{"rendered":"<p>9 KHz &#8211; 3.2 GHz, Spectrum Analyzer, Phase Noise &lt;- 98 dBc\/Hz, Amplitudengenauigkeit &lt; 0,7 dB, 10,1&quot; Spalte\n<\/p>","protected":false},"featured_media":7159,"comment_status":"closed","ping_status":"closed","template":"","meta":{"_acf_changed":false,"slim_seo":{"title":"T3SA3200 - YOTAVIS AG","description":"9 KHz - 3,2 GHz, Spektrum-Analysator, Phasenrauschen &lt;- 98 dBc\/Hz, Amplitudengenauigkeit &lt; 0,7 dB, 10,1&quot; Spalte"}},"product_brand":[542],"product_cat":[523,524],"product_tag":[],"class_list":{"0":"post-3929","1":"product","2":"type-product","3":"status-publish","4":"has-post-thumbnail","6":"product_brand-lecroy","7":"product_cat-analyser","8":"product_cat-signal-spectrum-analyser","9":"pa_analysis-bandwidth-mhz-178","10":"pa_danl-dbm-hz-179","11":"pa_frequency-max-mhz-429","12":"pa_frequency-min-hz-177","13":"pa_handheld-no","14":"pa_imax-ac-a-1019","15":"pa_rtsa-no","17":"first","18":"instock","19":"taxable","20":"shipping-taxable","21":"purchasable","22":"product-type-simple"},"acf":[],"_links":{"self":[{"href":"https:\/\/yotavis.ch\/de\/wp-json\/wp\/v2\/product\/3929","targetHints":{"allow":["GET"]}}],"collection":[{"href":"https:\/\/yotavis.ch\/de\/wp-json\/wp\/v2\/product"}],"about":[{"href":"https:\/\/yotavis.ch\/de\/wp-json\/wp\/v2\/types\/product"}],"replies":[{"embeddable":true,"href":"https:\/\/yotavis.ch\/de\/wp-json\/wp\/v2\/comments?post=3929"}],"wp:featuredmedia":[{"embeddable":true,"href":"https:\/\/yotavis.ch\/de\/wp-json\/wp\/v2\/media\/7159"}],"wp:attachment":[{"href":"https:\/\/yotavis.ch\/de\/wp-json\/wp\/v2\/media?parent=3929"}],"wp:term":[{"taxonomy":"product_brand","embeddable":true,"href":"https:\/\/yotavis.ch\/de\/wp-json\/wp\/v2\/product_brand?post=3929"},{"taxonomy":"product_cat","embeddable":true,"href":"https:\/\/yotavis.ch\/de\/wp-json\/wp\/v2\/product_cat?post=3929"},{"taxonomy":"product_tag","embeddable":true,"href":"https:\/\/yotavis.ch\/de\/wp-json\/wp\/v2\/product_tag?post=3929"}],"curies":[{"name":"wp","href":"https:\/\/api.w.org\/{rel}","templated":true}]}}