{"id":3930,"date":"2025-10-09T00:00:00","date_gmt":"2025-10-08T22:00:00","guid":{"rendered":"https:\/\/yotavis.ch\/product\/t3lcr1002\/"},"modified":"2026-04-24T13:31:57","modified_gmt":"2026-04-24T11:31:57","slug":"t3lcr1002","status":"publish","type":"product","link":"https:\/\/yotavis.ch\/de\/produkt\/t3lcr1002\/","title":{"rendered":"T3LCR1002"},"content":{"rendered":"<p>Das Teledyne Lecroy T3LCR1002 ist ein LCR-Messger\u00e4t f\u00fcr hochpr\u00e4zise Messungen in einem Frequenzbereich von 10 Hz bis 2 kHz. Es verf\u00fcgt \u00fcber eine Grundgenauigkeit von 0,05, was zuverl\u00e4ssige und konsistente Ergebnisse w\u00e4hrend der Pr\u00fcfung gew\u00e4hrleistet. Das Ger\u00e4t unterst\u00fctzt die Fernbedienungsfunktion, die eine bequeme Bedienung aus der Ferne erm\u00f6glicht. Das Messger\u00e4t verf\u00fcgt \u00fcber eine Aufl\u00f6sung von 6 Ziffern, was zu detaillierten und genauen Messwerten beitr\u00e4gt. Die maximale Frequenzkapazit\u00e4t betr\u00e4gt 0,002 MHz, was dem angegebenen Frequenzbereich entspricht. Die Kombination dieser Spezifikationen macht das T3LCR1002 geeignet f\u00fcr Anwendungen, die pr\u00e4zise Impedanzmessungen bei niedrigen Frequenzen erfordern.<\/p>","protected":false},"excerpt":{"rendered":"<p>LCR Meter 10Hz &#8211; 2 kHz High Precision<\/p>","protected":false},"featured_media":7161,"comment_status":"closed","ping_status":"closed","template":"","meta":{"_acf_changed":false,"slim_seo":{"title":"T3LCR1002 - YOTAVIS AG","description":"LCR-Messger\u00e4t 10Hz - 2 kHz Hochpr\u00e4zision"}},"product_brand":[542],"product_cat":[544,518],"product_tag":[],"class_list":{"0":"post-3930","1":"product","2":"type-product","3":"status-publish","4":"has-post-thumbnail","6":"product_brand-lecroy","7":"product_cat-lcr-meter-en","8":"product_cat-meters","9":"pa_basic-accuracy-0-05","10":"pa_digits-302","11":"pa_frequency-max-mhz-0-002","12":"pa_frequency-min-hz-304","13":"pa_imax-ac-a-1019","14":"pa_remote-control-yes","16":"first","17":"instock","18":"taxable","19":"shipping-taxable","20":"purchasable","21":"product-type-simple"},"acf":[],"_links":{"self":[{"href":"https:\/\/yotavis.ch\/de\/wp-json\/wp\/v2\/product\/3930","targetHints":{"allow":["GET"]}}],"collection":[{"href":"https:\/\/yotavis.ch\/de\/wp-json\/wp\/v2\/product"}],"about":[{"href":"https:\/\/yotavis.ch\/de\/wp-json\/wp\/v2\/types\/product"}],"replies":[{"embeddable":true,"href":"https:\/\/yotavis.ch\/de\/wp-json\/wp\/v2\/comments?post=3930"}],"wp:featuredmedia":[{"embeddable":true,"href":"https:\/\/yotavis.ch\/de\/wp-json\/wp\/v2\/media\/7161"}],"wp:attachment":[{"href":"https:\/\/yotavis.ch\/de\/wp-json\/wp\/v2\/media?parent=3930"}],"wp:term":[{"taxonomy":"product_brand","embeddable":true,"href":"https:\/\/yotavis.ch\/de\/wp-json\/wp\/v2\/product_brand?post=3930"},{"taxonomy":"product_cat","embeddable":true,"href":"https:\/\/yotavis.ch\/de\/wp-json\/wp\/v2\/product_cat?post=3930"},{"taxonomy":"product_tag","embeddable":true,"href":"https:\/\/yotavis.ch\/de\/wp-json\/wp\/v2\/product_tag?post=3930"}],"curies":[{"name":"wp","href":"https:\/\/api.w.org\/{rel}","templated":true}]}}