{"id":3931,"date":"2025-10-09T00:00:00","date_gmt":"2025-10-08T22:00:00","guid":{"rendered":"https:\/\/yotavis.ch\/product\/t3lcr1100\/"},"modified":"2026-04-24T13:31:57","modified_gmt":"2026-04-24T11:31:57","slug":"t3lcr1100","status":"publish","type":"product","link":"https:\/\/yotavis.ch\/de\/produkt\/t3lcr1100\/","title":{"rendered":"T3LCR1100"},"content":{"rendered":"<p>Das Teledyne Lecroy T3LCR1100 ist ein hochpr\u00e4zises LCR-Messger\u00e4t, das f\u00fcr einen Frequenzbereich von 10 Hz bis 100 kHz ausgelegt ist. Es verf\u00fcgt \u00fcber eine maximale Frequenzkapazit\u00e4t von 0,1 MHz und bietet eine Grundgenauigkeit von 0,05, was pr\u00e4zise Messungen gew\u00e4hrleistet. Das Ger\u00e4t verf\u00fcgt \u00fcber eine 6-stellige Aufl\u00f6sung, die eine detaillierte und genaue Ablesung erm\u00f6glicht. Das Messger\u00e4t unterst\u00fctzt die Fernbedienungsfunktion, so dass der Benutzer es bequem aus der Ferne bedienen kann. Die Minimalfrequenz liegt bei 10 Hz, so dass es auch f\u00fcr niederfrequente Anwendungen geeignet ist. Die Kombination dieser Spezifikationen macht das T3LCR1100 zu einem zuverl\u00e4ssigen Instrument f\u00fcr die Messung von Induktivit\u00e4t, Kapazit\u00e4t und Widerstand mit hoher Pr\u00e4zision.<\/p>","protected":false},"excerpt":{"rendered":"<p>LCR Meter 10Hz &#8211; 100 kHz High Precision<\/p>","protected":false},"featured_media":7161,"comment_status":"closed","ping_status":"closed","template":"","meta":{"_acf_changed":false,"slim_seo":{"title":"T3LCR1100 - YOTAVIS AG","description":"LCR-Messger\u00e4t 10Hz - 100 kHz Hochpr\u00e4zision"}},"product_brand":[542],"product_cat":[544,518],"product_tag":[],"class_list":{"0":"post-3931","1":"product","2":"type-product","3":"status-publish","4":"has-post-thumbnail","6":"product_brand-lecroy","7":"product_cat-lcr-meter-en","8":"product_cat-meters","9":"pa_basic-accuracy-0-05","10":"pa_digits-302","11":"pa_frequency-max-mhz-0-1","12":"pa_frequency-min-hz-304","13":"pa_imax-ac-a-1019","14":"pa_remote-control-yes","16":"first","17":"instock","18":"taxable","19":"shipping-taxable","20":"purchasable","21":"product-type-simple"},"acf":[],"_links":{"self":[{"href":"https:\/\/yotavis.ch\/de\/wp-json\/wp\/v2\/product\/3931","targetHints":{"allow":["GET"]}}],"collection":[{"href":"https:\/\/yotavis.ch\/de\/wp-json\/wp\/v2\/product"}],"about":[{"href":"https:\/\/yotavis.ch\/de\/wp-json\/wp\/v2\/types\/product"}],"replies":[{"embeddable":true,"href":"https:\/\/yotavis.ch\/de\/wp-json\/wp\/v2\/comments?post=3931"}],"wp:featuredmedia":[{"embeddable":true,"href":"https:\/\/yotavis.ch\/de\/wp-json\/wp\/v2\/media\/7161"}],"wp:attachment":[{"href":"https:\/\/yotavis.ch\/de\/wp-json\/wp\/v2\/media?parent=3931"}],"wp:term":[{"taxonomy":"product_brand","embeddable":true,"href":"https:\/\/yotavis.ch\/de\/wp-json\/wp\/v2\/product_brand?post=3931"},{"taxonomy":"product_cat","embeddable":true,"href":"https:\/\/yotavis.ch\/de\/wp-json\/wp\/v2\/product_cat?post=3931"},{"taxonomy":"product_tag","embeddable":true,"href":"https:\/\/yotavis.ch\/de\/wp-json\/wp\/v2\/product_tag?post=3931"}],"curies":[{"name":"wp","href":"https:\/\/api.w.org\/{rel}","templated":true}]}}