{"id":3932,"date":"2025-10-09T00:00:00","date_gmt":"2025-10-08T22:00:00","guid":{"rendered":"https:\/\/yotavis.ch\/product\/t3lcr1300\/"},"modified":"2026-04-24T13:31:57","modified_gmt":"2026-04-24T11:31:57","slug":"t3lcr1300","status":"publish","type":"product","link":"https:\/\/yotavis.ch\/de\/produkt\/t3lcr1300\/","title":{"rendered":"T3LCR1300"},"content":{"rendered":"<p>Das T3LCR1300 von Teledyne Lecroy ist ein LCR-Messger\u00e4t f\u00fcr hochpr\u00e4zise Messungen in einem Frequenzbereich von 10 Hz bis 300 kHz. Es verf\u00fcgt \u00fcber eine Grundgenauigkeit von 0,05, die zuverl\u00e4ssige und konsistente Ergebnisse w\u00e4hrend der Pr\u00fcfung gew\u00e4hrleistet. Das Ger\u00e4t unterst\u00fctzt eine maximale Frequenz von 0,3 MHz und bietet eine Aufl\u00f6sung von 6 Ziffern, was detaillierte und genaue Messungen erm\u00f6glicht. Dieses Modell verf\u00fcgt \u00fcber eine Fernbedienungsfunktion, die es dem Benutzer erm\u00f6glicht, das Ger\u00e4t aus der Ferne zu bedienen, was in verschiedenen Pr\u00fcfumgebungen f\u00fcr Komfort und Flexibilit\u00e4t sorgt. Das Messger\u00e4t eignet sich f\u00fcr Anwendungen, die eine pr\u00e4zise Messung von Induktivit\u00e4t (L), Kapazit\u00e4t (C) und Widerstand (R) \u00fcber ein breites Frequenzspektrum erfordern. Sein Design richtet sich an Fachleute, die eine genaue Charakterisierung und Analyse von Bauteilen ben\u00f6tigen. Die Kombination aus Frequenzbereich, Genauigkeit und Fernsteuerungsm\u00f6glichkeit macht das T3LCR1300 zu einem vielseitigen Werkzeug f\u00fcr elektronische Pr\u00fcf- und Messaufgaben.<\/p>","protected":false},"excerpt":{"rendered":"<p>LCR Meter 10Hz &#8211; 300 kHz High Precision<\/p>","protected":false},"featured_media":7161,"comment_status":"closed","ping_status":"closed","template":"","meta":{"_acf_changed":false,"slim_seo":{"title":"T3LCR1300 - YOTAVIS AG","description":"LCR-Messger\u00e4t 10Hz - 300 kHz Hochpr\u00e4zision"}},"product_brand":[542],"product_cat":[544,518],"product_tag":[],"class_list":{"0":"post-3932","1":"product","2":"type-product","3":"status-publish","4":"has-post-thumbnail","6":"product_brand-lecroy","7":"product_cat-lcr-meter-en","8":"product_cat-meters","9":"pa_basic-accuracy-0-05","10":"pa_digits-302","11":"pa_frequency-max-mhz-0-3","12":"pa_frequency-min-hz-304","13":"pa_imax-ac-a-1019","14":"pa_remote-control-yes","16":"first","17":"instock","18":"taxable","19":"shipping-taxable","20":"purchasable","21":"product-type-simple"},"acf":[],"_links":{"self":[{"href":"https:\/\/yotavis.ch\/de\/wp-json\/wp\/v2\/product\/3932","targetHints":{"allow":["GET"]}}],"collection":[{"href":"https:\/\/yotavis.ch\/de\/wp-json\/wp\/v2\/product"}],"about":[{"href":"https:\/\/yotavis.ch\/de\/wp-json\/wp\/v2\/types\/product"}],"replies":[{"embeddable":true,"href":"https:\/\/yotavis.ch\/de\/wp-json\/wp\/v2\/comments?post=3932"}],"wp:featuredmedia":[{"embeddable":true,"href":"https:\/\/yotavis.ch\/de\/wp-json\/wp\/v2\/media\/7161"}],"wp:attachment":[{"href":"https:\/\/yotavis.ch\/de\/wp-json\/wp\/v2\/media?parent=3932"}],"wp:term":[{"taxonomy":"product_brand","embeddable":true,"href":"https:\/\/yotavis.ch\/de\/wp-json\/wp\/v2\/product_brand?post=3932"},{"taxonomy":"product_cat","embeddable":true,"href":"https:\/\/yotavis.ch\/de\/wp-json\/wp\/v2\/product_cat?post=3932"},{"taxonomy":"product_tag","embeddable":true,"href":"https:\/\/yotavis.ch\/de\/wp-json\/wp\/v2\/product_tag?post=3932"}],"curies":[{"name":"wp","href":"https:\/\/api.w.org\/{rel}","templated":true}]}}