{"id":3933,"date":"2025-10-09T00:00:00","date_gmt":"2025-10-08T22:00:00","guid":{"rendered":"https:\/\/yotavis.ch\/product\/t3dmm4-5\/"},"modified":"2026-04-24T13:31:58","modified_gmt":"2026-04-24T11:31:58","slug":"t3dmm4-5","status":"publish","type":"product","link":"https:\/\/yotavis.ch\/de\/produkt\/t3dmm4-5\/","title":{"rendered":"T3DMM4-5"},"content":{"rendered":"<p>Das Teledyne Lecroy T3DMM4-5 ist ein 4,5-stelliges True RMS-Digitalmultimeter, das bis zu 150 Messwerte pro Sekunde erfassen kann. Es unterst\u00fctzt eine maximale Gleichspannung von 1000 Volt und eine maximale Wechselspannung von 750 Volt, mit einer maximalen Gleichstrombelastung von 10 Ampere. Das Ger\u00e4t kann einen Widerstand von bis zu 100 Megaohm messen und bietet somit eine breite Palette an elektrischen Messm\u00f6glichkeiten. Es verf\u00fcgt \u00fcber eine Fernbedienungsfunktion, die eine bequeme Bedienung aus der Ferne erm\u00f6glicht. Die True-RMS-Messung gew\u00e4hrleistet genaue Messwerte sowohl f\u00fcr Wechsel- als auch f\u00fcr Gleichstromsignale. Dieses Multimeter ist mit seinen robusten Spannungs- und Stromgrenzwerten f\u00fcr verschiedene elektrische Pr\u00fcfszenarien ausgelegt. Dank seiner hohen Abtastgeschwindigkeit und Pr\u00e4zision ist es f\u00fcr detaillierte elektrische Diagnosen und Analysen geeignet.<\/p>","protected":false},"excerpt":{"rendered":"<p>Digitales Multimeter mit 4,5 Ziffern und 150 Messungen\/Sekunde Echteffektivwert<\/p>","protected":false},"featured_media":7163,"comment_status":"closed","ping_status":"closed","template":"","meta":{"_acf_changed":false,"slim_seo":{"title":"T3DMM4-5 - YOTAVIS AG","description":"Digitales Multimeter mit 4,5 Ziffern und 150 Messungen\/Sekunde Echteffektivwert"}},"product_brand":[542],"product_cat":[519,518],"product_tag":[],"class_list":{"0":"post-3933","1":"product","2":"type-product","3":"status-publish","4":"has-post-thumbnail","6":"product_brand-lecroy","7":"product_cat-desktop-meters-en","8":"product_cat-meters","9":"pa_digits-4-5","10":"pa_imax-ac-a-1019","11":"pa_imax-dc-a-306","12":"pa_remote-control-yes","13":"pa_resistance-max-m-162","14":"pa_true-rms-yes","15":"pa_vmax-ac-v-161","16":"pa_vmax-dc-v-159","18":"first","19":"instock","20":"taxable","21":"shipping-taxable","22":"purchasable","23":"product-type-simple"},"acf":[],"_links":{"self":[{"href":"https:\/\/yotavis.ch\/de\/wp-json\/wp\/v2\/product\/3933","targetHints":{"allow":["GET"]}}],"collection":[{"href":"https:\/\/yotavis.ch\/de\/wp-json\/wp\/v2\/product"}],"about":[{"href":"https:\/\/yotavis.ch\/de\/wp-json\/wp\/v2\/types\/product"}],"replies":[{"embeddable":true,"href":"https:\/\/yotavis.ch\/de\/wp-json\/wp\/v2\/comments?post=3933"}],"wp:featuredmedia":[{"embeddable":true,"href":"https:\/\/yotavis.ch\/de\/wp-json\/wp\/v2\/media\/7163"}],"wp:attachment":[{"href":"https:\/\/yotavis.ch\/de\/wp-json\/wp\/v2\/media?parent=3933"}],"wp:term":[{"taxonomy":"product_brand","embeddable":true,"href":"https:\/\/yotavis.ch\/de\/wp-json\/wp\/v2\/product_brand?post=3933"},{"taxonomy":"product_cat","embeddable":true,"href":"https:\/\/yotavis.ch\/de\/wp-json\/wp\/v2\/product_cat?post=3933"},{"taxonomy":"product_tag","embeddable":true,"href":"https:\/\/yotavis.ch\/de\/wp-json\/wp\/v2\/product_tag?post=3933"}],"curies":[{"name":"wp","href":"https:\/\/api.w.org\/{rel}","templated":true}]}}