{"id":3934,"date":"2025-10-09T00:00:00","date_gmt":"2025-10-08T22:00:00","guid":{"rendered":"https:\/\/yotavis.ch\/product\/t3dmm6-5\/"},"modified":"2026-04-24T13:31:58","modified_gmt":"2026-04-24T11:31:58","slug":"t3dmm6-5","status":"publish","type":"product","link":"https:\/\/yotavis.ch\/de\/produkt\/t3dmm6-5\/","title":{"rendered":"T3DMM6-5"},"content":{"rendered":"<p>Das Teledyne Lecroy T3DMM6-5 ist ein Digitalmultimeter mit einer Aufl\u00f6sung von 6,5 Stellen und einer Messgeschwindigkeit von 4.000 Messungen pro Sekunde. Es unterst\u00fctzt die True-RMS-Messung und erm\u00f6glicht so genaue Messungen von Wechselstromsignalen. Das Ger\u00e4t kann Gleichspannungen bis zu 1000 Volt und Wechselspannungen bis zu 750 Volt messen. Au\u00dferdem kann es Gleichstr\u00f6me bis zu 10 Ampere und Widerstandsmessungen bis zu 100 Megaohm durchf\u00fchren. Das Multimeter verf\u00fcgt \u00fcber eine Fernbedienungsfunktion, die eine Bedienung aus der Ferne erm\u00f6glicht. Dank dieser Kombination von Funktionen eignet es sich f\u00fcr pr\u00e4zise elektrische Messungen in einer Reihe von Anwendungen.<\/p>","protected":false},"excerpt":{"rendered":"<p>Digitales Multimeter mit 6,5 Ziffern, 4k Messwerte\/Sekunde Echteffektivwert<\/p>","protected":false},"featured_media":7166,"comment_status":"closed","ping_status":"closed","template":"","meta":{"_acf_changed":false,"slim_seo":{"title":"T3DMM6-5 - YOTAVIS AG","description":"Digitales Multimeter mit 6,5 Ziffern, 4k Messwerte\/Sekunde Echteffektivwert"}},"product_brand":[542],"product_cat":[519,518],"product_tag":[],"class_list":{"0":"post-3934","1":"product","2":"type-product","3":"status-publish","4":"has-post-thumbnail","6":"product_brand-lecroy","7":"product_cat-desktop-meters-en","8":"product_cat-meters","9":"pa_digits-6-5","10":"pa_imax-ac-a-1019","11":"pa_imax-dc-a-306","12":"pa_remote-control-yes","13":"pa_resistance-max-m-162","14":"pa_true-rms-yes","15":"pa_vmax-ac-v-161","16":"pa_vmax-dc-v-159","18":"first","19":"instock","20":"taxable","21":"shipping-taxable","22":"purchasable","23":"product-type-simple"},"acf":[],"_links":{"self":[{"href":"https:\/\/yotavis.ch\/de\/wp-json\/wp\/v2\/product\/3934","targetHints":{"allow":["GET"]}}],"collection":[{"href":"https:\/\/yotavis.ch\/de\/wp-json\/wp\/v2\/product"}],"about":[{"href":"https:\/\/yotavis.ch\/de\/wp-json\/wp\/v2\/types\/product"}],"replies":[{"embeddable":true,"href":"https:\/\/yotavis.ch\/de\/wp-json\/wp\/v2\/comments?post=3934"}],"wp:featuredmedia":[{"embeddable":true,"href":"https:\/\/yotavis.ch\/de\/wp-json\/wp\/v2\/media\/7166"}],"wp:attachment":[{"href":"https:\/\/yotavis.ch\/de\/wp-json\/wp\/v2\/media?parent=3934"}],"wp:term":[{"taxonomy":"product_brand","embeddable":true,"href":"https:\/\/yotavis.ch\/de\/wp-json\/wp\/v2\/product_brand?post=3934"},{"taxonomy":"product_cat","embeddable":true,"href":"https:\/\/yotavis.ch\/de\/wp-json\/wp\/v2\/product_cat?post=3934"},{"taxonomy":"product_tag","embeddable":true,"href":"https:\/\/yotavis.ch\/de\/wp-json\/wp\/v2\/product_tag?post=3934"}],"curies":[{"name":"wp","href":"https:\/\/api.w.org\/{rel}","templated":true}]}}