{"id":3936,"date":"2025-10-09T00:00:00","date_gmt":"2025-10-08T22:00:00","guid":{"rendered":"https:\/\/yotavis.ch\/product\/t3mil50\/"},"modified":"2026-04-24T13:31:59","modified_gmt":"2026-04-24T11:31:59","slug":"t3mil50","status":"publish","type":"product","link":"https:\/\/yotavis.ch\/de\/produkt\/t3mil50\/","title":{"rendered":"T3MIL50"},"content":{"rendered":"<p>Das T3MIL50 ist ein Gleichstrom-Milli-\u03a9-Messger\u00e4t mit einem 4-Leiter-Messverfahren und verf\u00fcgt \u00fcber eine Handler-Schnittstelle sowie RS-232C- und USB-Anschlussm\u00f6glichkeiten. Das von Teledyne Lecroy hergestellte Ger\u00e4t unterst\u00fctzt Fernsteuerungsfunktionen, die einen automatisierten Betrieb und die Integration in verschiedene Testaufbauten erm\u00f6glichen. Es ist in der Lage, Widerstandswerte bis maximal 5 M\u03a9 zu messen, wodurch es sich f\u00fcr pr\u00e4zise Niederohmmessungen eignet. Die RS-232C- und USB-Schnittstellen erm\u00f6glichen vielseitige Kommunikationsm\u00f6glichkeiten mit externen Ger\u00e4ten oder Computern. Die 4-Leiter-Messtechnik tr\u00e4gt dazu bei, die Auswirkungen von Leitungs- und Kontaktwiderst\u00e4nden zu minimieren, was die Genauigkeit der Widerstandsmessungen erh\u00f6ht. Dieses Messger\u00e4t ist f\u00fcr den Einsatz in Umgebungen konzipiert, in denen eine Fernsteuerung erforderlich ist, was die Effizienz von Pr\u00fcfprozessen verbessert. Die Kombination dieser Merkmale macht das T3MIL50 zu einem Spezialwerkzeug f\u00fcr die detaillierte Analyse elektrischer Widerst\u00e4nde.<\/p>","protected":false},"excerpt":{"rendered":"<p>D.C. Milli-\u03a9-Z\u00e4hler, 4-Leiter mit Handler\/RS-232C\/USB-Ger\u00e4t<\/p>","protected":false},"featured_media":7171,"comment_status":"closed","ping_status":"closed","template":"","meta":{"_acf_changed":false,"slim_seo":{"title":"T3MIL50 - YOTAVIS AG","description":"D.C. Milli-\u03a9-Z\u00e4hler, 4-Leiter mit Handler\/RS-232C\/USB-Ger\u00e4t"}},"product_brand":[542],"product_cat":[518,538],"product_tag":[],"class_list":{"0":"post-3936","1":"product","2":"type-product","3":"status-publish","4":"has-post-thumbnail","6":"product_brand-lecroy","7":"product_cat-meters","8":"product_cat-others-meters","9":"pa_imax-ac-a-1019","10":"pa_remote-control-yes","11":"pa_resistance-max-m-307","13":"first","14":"instock","15":"taxable","16":"shipping-taxable","17":"purchasable","18":"product-type-simple"},"acf":[],"_links":{"self":[{"href":"https:\/\/yotavis.ch\/de\/wp-json\/wp\/v2\/product\/3936","targetHints":{"allow":["GET"]}}],"collection":[{"href":"https:\/\/yotavis.ch\/de\/wp-json\/wp\/v2\/product"}],"about":[{"href":"https:\/\/yotavis.ch\/de\/wp-json\/wp\/v2\/types\/product"}],"replies":[{"embeddable":true,"href":"https:\/\/yotavis.ch\/de\/wp-json\/wp\/v2\/comments?post=3936"}],"wp:featuredmedia":[{"embeddable":true,"href":"https:\/\/yotavis.ch\/de\/wp-json\/wp\/v2\/media\/7171"}],"wp:attachment":[{"href":"https:\/\/yotavis.ch\/de\/wp-json\/wp\/v2\/media?parent=3936"}],"wp:term":[{"taxonomy":"product_brand","embeddable":true,"href":"https:\/\/yotavis.ch\/de\/wp-json\/wp\/v2\/product_brand?post=3936"},{"taxonomy":"product_cat","embeddable":true,"href":"https:\/\/yotavis.ch\/de\/wp-json\/wp\/v2\/product_cat?post=3936"},{"taxonomy":"product_tag","embeddable":true,"href":"https:\/\/yotavis.ch\/de\/wp-json\/wp\/v2\/product_tag?post=3936"}],"curies":[{"name":"wp","href":"https:\/\/api.w.org\/{rel}","templated":true}]}}