{"id":3937,"date":"2025-10-09T00:00:00","date_gmt":"2025-10-08T22:00:00","guid":{"rendered":"https:\/\/yotavis.ch\/product\/t3mil50x\/"},"modified":"2026-04-24T13:31:59","modified_gmt":"2026-04-24T11:31:59","slug":"t3mil50x","status":"publish","type":"product","link":"https:\/\/yotavis.ch\/de\/produkt\/t3mil50x\/","title":{"rendered":"T3MIL50X"},"content":{"rendered":"<p>Das T3MIL50X von Teledyne Lecroy ist ein Gleichstrom-Milli-\u03a9-Messger\u00e4t mit fortschrittlichen Funktionen f\u00fcr pr\u00e4zise Widerstandsmessungen bis zu 5 M\u03a9. Es verwendet eine 4-Leiter-Messtechnik, die die Genauigkeit durch Minimierung der Auswirkungen von Leitungs- und Kontaktwiderst\u00e4nden verbessert. Dieses Ger\u00e4t unterst\u00fctzt mehrere Kommunikationsschnittstellen, einschlie\u00dflich Handler, RS-232C, USB-Ger\u00e4t und GPIB, und erm\u00f6glicht so vielseitige Anschlussm\u00f6glichkeiten und Fernbetrieb. Eine Fernsteuerungsfunktion ist ebenfalls enthalten, die es dem Benutzer erm\u00f6glicht, das Messger\u00e4t aus der Ferne zu bedienen und in automatisierte Pr\u00fcfsysteme zu integrieren. Durch die Kombination dieser Funktionen eignet sich das T3MIL50X f\u00fcr Anwendungen, die detaillierte und zuverl\u00e4ssige Niederohmmessungen mit flexiblen Steuerungsoptionen erfordern.<\/p>","protected":false},"excerpt":{"rendered":"<p>D.C. Milli-\u03a9-Meter mit erweiterten Funktionen, 4-Leiter, Handler\/RS-232C\/USB-Ger\u00e4t\/GPIB<\/p>","protected":false},"featured_media":7171,"comment_status":"closed","ping_status":"closed","template":"","meta":{"_acf_changed":false,"slim_seo":{"title":"T3MIL50X - YOTAVIS AG","description":"D.C. Milli-\u03a9-Meter mit erweiterten Funktionen, 4-Leiter, Handler\/RS-232C\/USB-Ger\u00e4t\/GPIB"}},"product_brand":[542],"product_cat":[518,538],"product_tag":[],"class_list":{"0":"post-3937","1":"product","2":"type-product","3":"status-publish","4":"has-post-thumbnail","6":"product_brand-lecroy","7":"product_cat-meters","8":"product_cat-others-meters","9":"pa_imax-ac-a-1019","10":"pa_remote-control-yes","11":"pa_resistance-max-m-307","13":"first","14":"instock","15":"taxable","16":"shipping-taxable","17":"purchasable","18":"product-type-simple"},"acf":[],"_links":{"self":[{"href":"https:\/\/yotavis.ch\/de\/wp-json\/wp\/v2\/product\/3937","targetHints":{"allow":["GET"]}}],"collection":[{"href":"https:\/\/yotavis.ch\/de\/wp-json\/wp\/v2\/product"}],"about":[{"href":"https:\/\/yotavis.ch\/de\/wp-json\/wp\/v2\/types\/product"}],"replies":[{"embeddable":true,"href":"https:\/\/yotavis.ch\/de\/wp-json\/wp\/v2\/comments?post=3937"}],"wp:featuredmedia":[{"embeddable":true,"href":"https:\/\/yotavis.ch\/de\/wp-json\/wp\/v2\/media\/7171"}],"wp:attachment":[{"href":"https:\/\/yotavis.ch\/de\/wp-json\/wp\/v2\/media?parent=3937"}],"wp:term":[{"taxonomy":"product_brand","embeddable":true,"href":"https:\/\/yotavis.ch\/de\/wp-json\/wp\/v2\/product_brand?post=3937"},{"taxonomy":"product_cat","embeddable":true,"href":"https:\/\/yotavis.ch\/de\/wp-json\/wp\/v2\/product_cat?post=3937"},{"taxonomy":"product_tag","embeddable":true,"href":"https:\/\/yotavis.ch\/de\/wp-json\/wp\/v2\/product_tag?post=3937"}],"curies":[{"name":"wp","href":"https:\/\/api.w.org\/{rel}","templated":true}]}}