{"id":3938,"date":"2025-10-09T00:00:00","date_gmt":"2025-10-08T22:00:00","guid":{"rendered":"https:\/\/yotavis.ch\/product\/t3pm1006\/"},"modified":"2026-04-24T13:31:59","modified_gmt":"2026-04-24T11:31:59","slug":"t3pm1006","status":"publish","type":"product","link":"https:\/\/yotavis.ch\/de\/produkt\/t3pm1006\/","title":{"rendered":"T3PM1006"},"content":{"rendered":"<p>Das T3PM1006 von Teledyne Lecroy ist ein einphasiges digitales AC\/DC-Leistungsmessger\u00e4t, das f\u00fcr den Betrieb mit einer maximalen Frequenz von 6 kHz ausgelegt ist. Dieses Ger\u00e4t unterst\u00fctzt die Fernbedienungsfunktionalit\u00e4t, die eine bequeme Bedienung aus der Ferne erm\u00f6glicht. Es misst die Leistung sowohl bei Wechselstrom- (AC) als auch bei Gleichstromanwendungen (DC) und ist damit vielseitig f\u00fcr verschiedene elektrische Messaufgaben einsetzbar. Das Messger\u00e4t deckt einen Frequenzbereich von 0 Hz bis 0,006 MHz ab und eignet sich damit auch f\u00fcr die Leistungsanalyse im Niederfrequenzbereich. Seine digitale Schnittstelle gew\u00e4hrleistet eine pr\u00e4zise Datenerfassung und -\u00fcberwachung. Das kompakte Design f\u00fcgt sich nahtlos in bestehende Anlagen ein und erweitert die Messm\u00f6glichkeiten, ohne dass umfangreiche Modifikationen erforderlich sind. Dieses Leistungsmessger\u00e4t wurde entwickelt, um genaue und zuverl\u00e4ssige Messwerte f\u00fcr einphasige Stromsysteme zu liefern.<\/p>","protected":false},"excerpt":{"rendered":"<p>Einphasiger digitaler AC\/DC-Leistungsmesser 6 kHz<\/p>","protected":false},"featured_media":7172,"comment_status":"closed","ping_status":"closed","template":"","meta":{"_acf_changed":false,"slim_seo":{"title":"T3PM1006 - YOTAVIS AG","description":"Einphasiger digitaler AC\/DC-Leistungsmesser 6 kHz"}},"product_brand":[542],"product_cat":[518,545],"product_tag":[],"class_list":{"0":"post-3938","1":"product","2":"type-product","3":"status-publish","4":"has-post-thumbnail","6":"product_brand-lecroy","7":"product_cat-meters","8":"product_cat-power-meter-en","9":"pa_channels-384","10":"pa_frequency-max-mhz-0-006","11":"pa_imax-ac-a-1019","12":"pa_remote-control-yes","14":"first","15":"instock","16":"taxable","17":"shipping-taxable","18":"purchasable","19":"product-type-simple"},"acf":[],"_links":{"self":[{"href":"https:\/\/yotavis.ch\/de\/wp-json\/wp\/v2\/product\/3938","targetHints":{"allow":["GET"]}}],"collection":[{"href":"https:\/\/yotavis.ch\/de\/wp-json\/wp\/v2\/product"}],"about":[{"href":"https:\/\/yotavis.ch\/de\/wp-json\/wp\/v2\/types\/product"}],"replies":[{"embeddable":true,"href":"https:\/\/yotavis.ch\/de\/wp-json\/wp\/v2\/comments?post=3938"}],"wp:featuredmedia":[{"embeddable":true,"href":"https:\/\/yotavis.ch\/de\/wp-json\/wp\/v2\/media\/7172"}],"wp:attachment":[{"href":"https:\/\/yotavis.ch\/de\/wp-json\/wp\/v2\/media?parent=3938"}],"wp:term":[{"taxonomy":"product_brand","embeddable":true,"href":"https:\/\/yotavis.ch\/de\/wp-json\/wp\/v2\/product_brand?post=3938"},{"taxonomy":"product_cat","embeddable":true,"href":"https:\/\/yotavis.ch\/de\/wp-json\/wp\/v2\/product_cat?post=3938"},{"taxonomy":"product_tag","embeddable":true,"href":"https:\/\/yotavis.ch\/de\/wp-json\/wp\/v2\/product_tag?post=3938"}],"curies":[{"name":"wp","href":"https:\/\/api.w.org\/{rel}","templated":true}]}}