{"id":3939,"date":"2025-10-09T00:00:00","date_gmt":"2025-10-08T22:00:00","guid":{"rendered":"https:\/\/yotavis.ch\/product\/t3pm1100\/"},"modified":"2026-04-24T13:32:00","modified_gmt":"2026-04-24T11:32:00","slug":"t3pm1100","status":"publish","type":"product","link":"https:\/\/yotavis.ch\/de\/produkt\/t3pm1100\/","title":{"rendered":"T3PM1100"},"content":{"rendered":"<p>Das T3PM1100 von Teledyne Lecroy ist ein einphasiges digitales AC\/DC-Leistungsmessger\u00e4t, das f\u00fcr den Betrieb mit einer maximalen Frequenz von 0,1 MHz ausgelegt ist. Es verf\u00fcgt \u00fcber eine Fernsteuerungsfunktion, die eine bequeme Bedienung und Integration in verschiedene Pr\u00fcfumgebungen erm\u00f6glicht. Dieses Leistungsmessger\u00e4t eignet sich f\u00fcr die Leistungsmessung in einphasigen AC- und DC-Systemen und bietet digitale Messgenauigkeit. Das Ger\u00e4t unterst\u00fctzt Frequenzmessungen von 0 Hz bis zu seiner maximalen Frequenzgrenze. Sein Design konzentriert sich auf eine pr\u00e4zise Leistungs\u00fcberwachung mit digitaler Steuerung, wodurch es f\u00fcr verschiedene Anwendungen, die einen Fernzugriff erfordern, geeignet ist. Das T3PM1100 ist f\u00fcr eine Reihe von Leistungsmessaufgaben innerhalb seines spezifizierten Frequenzbereichs ausgelegt.<\/p>","protected":false},"excerpt":{"rendered":"<p>Einphasiger digitaler AC\/DC-Leistungsmesser 100 kHz<\/p>","protected":false},"featured_media":7175,"comment_status":"closed","ping_status":"closed","template":"","meta":{"_acf_changed":false,"slim_seo":{"title":"T3PM1100 - YOTAVIS AG","description":"Einphasiger digitaler AC\/DC-Leistungsmesser 100 kHz"}},"product_brand":[542],"product_cat":[518,545],"product_tag":[],"class_list":{"0":"post-3939","1":"product","2":"type-product","3":"status-publish","4":"has-post-thumbnail","6":"product_brand-lecroy","7":"product_cat-meters","8":"product_cat-power-meter-en","9":"pa_channels-384","10":"pa_frequency-max-mhz-0-1","11":"pa_imax-ac-a-1019","12":"pa_remote-control-yes","14":"first","15":"instock","16":"taxable","17":"shipping-taxable","18":"purchasable","19":"product-type-simple"},"acf":[],"_links":{"self":[{"href":"https:\/\/yotavis.ch\/de\/wp-json\/wp\/v2\/product\/3939","targetHints":{"allow":["GET"]}}],"collection":[{"href":"https:\/\/yotavis.ch\/de\/wp-json\/wp\/v2\/product"}],"about":[{"href":"https:\/\/yotavis.ch\/de\/wp-json\/wp\/v2\/types\/product"}],"replies":[{"embeddable":true,"href":"https:\/\/yotavis.ch\/de\/wp-json\/wp\/v2\/comments?post=3939"}],"wp:featuredmedia":[{"embeddable":true,"href":"https:\/\/yotavis.ch\/de\/wp-json\/wp\/v2\/media\/7175"}],"wp:attachment":[{"href":"https:\/\/yotavis.ch\/de\/wp-json\/wp\/v2\/media?parent=3939"}],"wp:term":[{"taxonomy":"product_brand","embeddable":true,"href":"https:\/\/yotavis.ch\/de\/wp-json\/wp\/v2\/product_brand?post=3939"},{"taxonomy":"product_cat","embeddable":true,"href":"https:\/\/yotavis.ch\/de\/wp-json\/wp\/v2\/product_cat?post=3939"},{"taxonomy":"product_tag","embeddable":true,"href":"https:\/\/yotavis.ch\/de\/wp-json\/wp\/v2\/product_tag?post=3939"}],"curies":[{"name":"wp","href":"https:\/\/api.w.org\/{rel}","templated":true}]}}