{"id":3940,"date":"2025-10-09T00:00:00","date_gmt":"2025-10-08T22:00:00","guid":{"rendered":"https:\/\/yotavis.ch\/product\/t3ps062001p\/"},"modified":"2026-04-24T13:32:00","modified_gmt":"2026-04-24T11:32:00","slug":"t3ps062001p","status":"publish","type":"product","link":"https:\/\/yotavis.ch\/de\/produkt\/t3ps062001p\/","title":{"rendered":"T3PS062001P"},"content":{"rendered":"<p>Das Teledyne Lecroy T3PS062001P ist ein 1200W Einkanal-Gleichstromnetzteil, das f\u00fcr die Rack-Montage in einem 19-Zoll, 1U-Formfaktor konzipiert ist. Es liefert eine Ausgangsspannung von 6 Volt und einen Ausgangsstrom von 200 Ampere und ist damit eine robuste Stromquelle f\u00fcr verschiedene Anwendungen. Das Ger\u00e4t verf\u00fcgt \u00fcber einen einzigen Ausgangskanal und unterst\u00fctzt die Fernsteuerungsfunktionalit\u00e4t, was einen bequemen Betrieb und die Integration in automatisierte Systeme erm\u00f6glicht. Das kompakte Design eignet sich f\u00fcr den Einbau in Standard-Ger\u00e4teracks und optimiert so die Raumnutzung in professionellen Umgebungen. Mit seiner hohen Leistungskapazit\u00e4t und den pr\u00e4zisen Spannungs- und Stromspezifikationen ist dieses Netzteil f\u00fcr anspruchsvolle elektrische Anforderungen ausgelegt. Die Fernsteuerungsfunktion erh\u00f6ht seine Vielseitigkeit und erm\u00f6glicht es dem Benutzer, die Stromzufuhr aus der Ferne zu steuern. Dieses Modell ist Teil der Produktpalette von Teledyne Lecroy, die f\u00fcr zuverl\u00e4ssige und effiziente Stromversorgungsl\u00f6sungen bekannt ist.<\/p>","protected":false},"excerpt":{"rendered":"<p>1200W Single Channel 19&#8243;, 1U, Rack Mounted DC Power Supply<\/p>","protected":false},"featured_media":7177,"comment_status":"closed","ping_status":"closed","template":"","meta":{"_acf_changed":false,"slim_seo":{"title":"T3PS062001P - YOTAVIS AG","description":"1200W Einkanal-DC-Netzteil f\u00fcr 19\", 1U, Rackmontage"}},"product_brand":[542],"product_cat":[516,515],"product_tag":[],"class_list":{"0":"post-3940","1":"product","2":"type-product","3":"status-publish","4":"has-post-thumbnail","6":"product_brand-lecroy","7":"product_cat-dc-source-en","8":"product_cat-power-en","9":"pa_current-a-480","10":"pa_imax-ac-a-1019","11":"pa_output-number-146","12":"pa_power-w-479","13":"pa_remote-control-yes","14":"pa_voltage-v-310","16":"first","17":"instock","18":"taxable","19":"shipping-taxable","20":"purchasable","21":"product-type-simple"},"acf":[],"_links":{"self":[{"href":"https:\/\/yotavis.ch\/de\/wp-json\/wp\/v2\/product\/3940","targetHints":{"allow":["GET"]}}],"collection":[{"href":"https:\/\/yotavis.ch\/de\/wp-json\/wp\/v2\/product"}],"about":[{"href":"https:\/\/yotavis.ch\/de\/wp-json\/wp\/v2\/types\/product"}],"replies":[{"embeddable":true,"href":"https:\/\/yotavis.ch\/de\/wp-json\/wp\/v2\/comments?post=3940"}],"wp:featuredmedia":[{"embeddable":true,"href":"https:\/\/yotavis.ch\/de\/wp-json\/wp\/v2\/media\/7177"}],"wp:attachment":[{"href":"https:\/\/yotavis.ch\/de\/wp-json\/wp\/v2\/media?parent=3940"}],"wp:term":[{"taxonomy":"product_brand","embeddable":true,"href":"https:\/\/yotavis.ch\/de\/wp-json\/wp\/v2\/product_brand?post=3940"},{"taxonomy":"product_cat","embeddable":true,"href":"https:\/\/yotavis.ch\/de\/wp-json\/wp\/v2\/product_cat?post=3940"},{"taxonomy":"product_tag","embeddable":true,"href":"https:\/\/yotavis.ch\/de\/wp-json\/wp\/v2\/product_tag?post=3940"}],"curies":[{"name":"wp","href":"https:\/\/api.w.org\/{rel}","templated":true}]}}