{"id":3941,"date":"2025-10-09T00:00:00","date_gmt":"2025-10-08T22:00:00","guid":{"rendered":"https:\/\/yotavis.ch\/product\/t3ps100011p\/"},"modified":"2026-04-24T13:32:01","modified_gmt":"2026-04-24T11:32:01","slug":"t3ps100011p","status":"publish","type":"product","link":"https:\/\/yotavis.ch\/de\/produkt\/t3ps100011p\/","title":{"rendered":"T3PS100011P"},"content":{"rendered":"<p>Das Teledyne Lecroy T3PS100011P ist ein programmierbares Hochpr\u00e4zisions-Gleichstromnetzteil mit einem Einzelausgang mit einem Spannungsbereich von 0 bis 100 Volt und einer Stromkapazit\u00e4t von bis zu 1 Ampere. Es liefert eine maximale Ausgangsleistung von 100 Watt und eignet sich damit f\u00fcr verschiedene Anwendungen, die eine kontrollierte und stabile Stromversorgung erfordern. Dieses Netzteil unterst\u00fctzt die Fernbedienungsfunktion, die es dem Benutzer erm\u00f6glicht, das Ger\u00e4t aus der Ferne zu bedienen und Einstellungen vorzunehmen. Das Ger\u00e4t ist so konzipiert, dass es pr\u00e4zise Spannungs- und Stromausg\u00e4nge bereitstellt und so eine genaue Leistung in Test- und Entwicklungsumgebungen gew\u00e4hrleistet. Mit seinem einzigen Ausgangskanal vereinfacht es das Energiemanagement f\u00fcr die zu testenden Ger\u00e4te. Die Kombination aus hohen Spannungs-, Strom- und Leistungswerten macht es vielseitig einsetzbar f\u00fcr eine Reihe von elektronischen Testszenarien. Durch die M\u00f6glichkeit der Fernsteuerung wird die Nutzbarkeit in automatisierten Testaufbauten verbessert.<\/p>","protected":false},"excerpt":{"rendered":"<p>Programmierbare hochpr\u00e4zise DC-Stromversorgung 1 Ausgang 0-100V, 0-1A, 100W<\/p>","protected":false},"featured_media":7180,"comment_status":"closed","ping_status":"closed","template":"","meta":{"_acf_changed":false,"slim_seo":{"title":"T3PS100011P - YOTAVIS AG","description":"Programmierbare hochpr\u00e4zise DC-Stromversorgung 1 Ausgang 0-100V, 0-1A, 100W"}},"product_brand":[542],"product_cat":[516,515],"product_tag":[],"class_list":{"0":"post-3941","1":"product","2":"type-product","3":"status-publish","4":"has-post-thumbnail","6":"product_brand-lecroy","7":"product_cat-dc-source-en","8":"product_cat-power-en","9":"pa_current-a-482","10":"pa_imax-ac-a-1019","11":"pa_output-number-146","12":"pa_power-w-481","13":"pa_remote-control-yes","14":"pa_voltage-v-151","16":"first","17":"instock","18":"taxable","19":"shipping-taxable","20":"purchasable","21":"product-type-simple"},"acf":[],"_links":{"self":[{"href":"https:\/\/yotavis.ch\/de\/wp-json\/wp\/v2\/product\/3941","targetHints":{"allow":["GET"]}}],"collection":[{"href":"https:\/\/yotavis.ch\/de\/wp-json\/wp\/v2\/product"}],"about":[{"href":"https:\/\/yotavis.ch\/de\/wp-json\/wp\/v2\/types\/product"}],"replies":[{"embeddable":true,"href":"https:\/\/yotavis.ch\/de\/wp-json\/wp\/v2\/comments?post=3941"}],"wp:featuredmedia":[{"embeddable":true,"href":"https:\/\/yotavis.ch\/de\/wp-json\/wp\/v2\/media\/7180"}],"wp:attachment":[{"href":"https:\/\/yotavis.ch\/de\/wp-json\/wp\/v2\/media?parent=3941"}],"wp:term":[{"taxonomy":"product_brand","embeddable":true,"href":"https:\/\/yotavis.ch\/de\/wp-json\/wp\/v2\/product_brand?post=3941"},{"taxonomy":"product_cat","embeddable":true,"href":"https:\/\/yotavis.ch\/de\/wp-json\/wp\/v2\/product_cat?post=3941"},{"taxonomy":"product_tag","embeddable":true,"href":"https:\/\/yotavis.ch\/de\/wp-json\/wp\/v2\/product_tag?post=3941"}],"curies":[{"name":"wp","href":"https:\/\/api.w.org\/{rel}","templated":true}]}}