{"id":3943,"date":"2025-10-09T00:00:00","date_gmt":"2025-10-08T22:00:00","guid":{"rendered":"https:\/\/yotavis.ch\/product\/t3ps12415\/"},"modified":"2026-04-24T13:32:01","modified_gmt":"2026-04-24T11:32:01","slug":"t3ps12415","status":"publish","type":"product","link":"https:\/\/yotavis.ch\/de\/produkt\/t3ps12415\/","title":{"rendered":"T3PS12415"},"content":{"rendered":"<p>Das Teledyne Lecroy T3PS12415 ist ein Tischnetzteil mit einem einstellbaren DC-Ausgang. Es bietet einen Spannungsbereich von 0 bis 24 Volt und einen Strombereich von 0 bis 15 Ampere, wodurch es f\u00fcr verschiedene Test- und Entwicklungsanwendungen geeignet ist. Das Netzteil liefert eine maximale Ausgangsleistung von 360 Watt. Es arbeitet ohne Fernbedienungsm\u00f6glichkeiten und konzentriert sich auf unkomplizierte manuelle Einstellungen. Das Ger\u00e4t ist so konzipiert, dass es eine stabile und zuverl\u00e4ssige Leistung mit einem Ausgangskanal bietet. Das schaltende DC-Design erm\u00f6glicht eine effiziente Leistungsumwandlung und -regelung. Dieses Netzteil ist f\u00fcr den Einsatz in Umgebungen vorgesehen, in denen eine pr\u00e4zise Spannungs- und Stromregelung erforderlich ist.<\/p>","protected":false},"excerpt":{"rendered":"<p>Tischnetzteil, schaltend DC, einstellbar, 1 Ausgang, 0 V, 24 V, 0 A, 15 A<\/p>","protected":false},"featured_media":7184,"comment_status":"closed","ping_status":"closed","template":"","meta":{"_acf_changed":false,"slim_seo":{"title":"T3PS12415 - YOTAVIS AG","description":"Tischnetzteil, schaltend DC, einstellbar, 1 Ausgang, 0 V, 24 V, 0 A, 15 A"}},"product_brand":[542],"product_cat":[516,515],"product_tag":[],"class_list":{"0":"post-3943","1":"product","2":"type-product","3":"status-publish","4":"has-post-thumbnail","6":"product_brand-lecroy","7":"product_cat-dc-source-en","8":"product_cat-power-en","9":"pa_current-a-410","10":"pa_imax-ac-a-1019","11":"pa_output-number-146","12":"pa_power-w-403","13":"pa_remote-control-no","14":"pa_voltage-v-313","16":"first","17":"instock","18":"taxable","19":"shipping-taxable","20":"purchasable","21":"product-type-simple"},"acf":[],"_links":{"self":[{"href":"https:\/\/yotavis.ch\/de\/wp-json\/wp\/v2\/product\/3943","targetHints":{"allow":["GET"]}}],"collection":[{"href":"https:\/\/yotavis.ch\/de\/wp-json\/wp\/v2\/product"}],"about":[{"href":"https:\/\/yotavis.ch\/de\/wp-json\/wp\/v2\/types\/product"}],"replies":[{"embeddable":true,"href":"https:\/\/yotavis.ch\/de\/wp-json\/wp\/v2\/comments?post=3943"}],"wp:featuredmedia":[{"embeddable":true,"href":"https:\/\/yotavis.ch\/de\/wp-json\/wp\/v2\/media\/7184"}],"wp:attachment":[{"href":"https:\/\/yotavis.ch\/de\/wp-json\/wp\/v2\/media?parent=3943"}],"wp:term":[{"taxonomy":"product_brand","embeddable":true,"href":"https:\/\/yotavis.ch\/de\/wp-json\/wp\/v2\/product_brand?post=3943"},{"taxonomy":"product_cat","embeddable":true,"href":"https:\/\/yotavis.ch\/de\/wp-json\/wp\/v2\/product_cat?post=3943"},{"taxonomy":"product_tag","embeddable":true,"href":"https:\/\/yotavis.ch\/de\/wp-json\/wp\/v2\/product_tag?post=3943"}],"curies":[{"name":"wp","href":"https:\/\/api.w.org\/{rel}","templated":true}]}}