{"id":3944,"date":"2025-10-09T00:00:00","date_gmt":"2025-10-08T22:00:00","guid":{"rendered":"https:\/\/yotavis.ch\/product\/t3ps13206\/"},"modified":"2026-04-24T13:32:02","modified_gmt":"2026-04-24T11:32:02","slug":"t3ps13206","status":"publish","type":"product","link":"https:\/\/yotavis.ch\/de\/produkt\/t3ps13206\/","title":{"rendered":"T3PS13206"},"content":{"rendered":"<p>Das Teledyne Lecroy T3PS13206 ist ein Tischnetzteil mit einem einzigen einstellbaren Ausgang. Es bietet einen Spannungsbereich von 0 bis 32 Volt und einen Strombereich von 0 bis 6 Ampere und erm\u00f6glicht so eine pr\u00e4zise Steuerung der Leistungsabgabe. Das Netzteil hat eine maximale Ausgangsleistung von 192 Watt und ist damit f\u00fcr verschiedene Test- und Entwicklungsanwendungen geeignet. Dieses Modell verf\u00fcgt nicht \u00fcber eine Fernbedienungsfunktion und konzentriert sich auf eine einfache manuelle Bedienung. Mit nur einem Ausgangskanal ist es auf Einfachheit und Benutzerfreundlichkeit in Labor- oder Werkstattumgebungen ausgelegt. Die Spezifikationen des Ger\u00e4ts betonen seine F\u00e4higkeit, eine stabile und einstellbare Leistung innerhalb der angegebenen Spannungs- und Stromgrenzen zu liefern.<\/p>","protected":false},"excerpt":{"rendered":"<p>Tischnetzteil, einstellbar, 1 Ausgang, 0 V, 32 V, 0 A, 6 A<\/p>","protected":false},"featured_media":7187,"comment_status":"closed","ping_status":"closed","template":"","meta":{"_acf_changed":false,"slim_seo":{"title":"T3PS13206 - YOTAVIS AG","description":"Tischnetzteil, einstellbar, 1 Ausgang, 0 V, 32 V, 0 A, 6 A"}},"product_brand":[542],"product_cat":[516,515],"product_tag":[],"class_list":{"0":"post-3944","1":"product","2":"type-product","3":"status-publish","4":"has-post-thumbnail","6":"product_brand-lecroy","7":"product_cat-dc-source-en","8":"product_cat-power-en","9":"pa_current-a-399","10":"pa_imax-ac-a-1019","11":"pa_output-number-146","12":"pa_power-w-483","13":"pa_remote-control-no","14":"pa_voltage-v-140","16":"first","17":"instock","18":"taxable","19":"shipping-taxable","20":"purchasable","21":"product-type-simple"},"acf":[],"_links":{"self":[{"href":"https:\/\/yotavis.ch\/de\/wp-json\/wp\/v2\/product\/3944","targetHints":{"allow":["GET"]}}],"collection":[{"href":"https:\/\/yotavis.ch\/de\/wp-json\/wp\/v2\/product"}],"about":[{"href":"https:\/\/yotavis.ch\/de\/wp-json\/wp\/v2\/types\/product"}],"replies":[{"embeddable":true,"href":"https:\/\/yotavis.ch\/de\/wp-json\/wp\/v2\/comments?post=3944"}],"wp:featuredmedia":[{"embeddable":true,"href":"https:\/\/yotavis.ch\/de\/wp-json\/wp\/v2\/media\/7187"}],"wp:attachment":[{"href":"https:\/\/yotavis.ch\/de\/wp-json\/wp\/v2\/media?parent=3944"}],"wp:term":[{"taxonomy":"product_brand","embeddable":true,"href":"https:\/\/yotavis.ch\/de\/wp-json\/wp\/v2\/product_brand?post=3944"},{"taxonomy":"product_cat","embeddable":true,"href":"https:\/\/yotavis.ch\/de\/wp-json\/wp\/v2\/product_cat?post=3944"},{"taxonomy":"product_tag","embeddable":true,"href":"https:\/\/yotavis.ch\/de\/wp-json\/wp\/v2\/product_tag?post=3944"}],"curies":[{"name":"wp","href":"https:\/\/api.w.org\/{rel}","templated":true}]}}