{"id":3945,"date":"2025-10-09T00:00:00","date_gmt":"2025-10-08T22:00:00","guid":{"rendered":"https:\/\/yotavis.ch\/product\/t3ps16006\/"},"modified":"2026-04-24T13:32:02","modified_gmt":"2026-04-24T11:32:02","slug":"t3ps16006","status":"publish","type":"product","link":"https:\/\/yotavis.ch\/de\/produkt\/t3ps16006\/","title":{"rendered":"T3PS16006"},"content":{"rendered":"<p>Das Teledyne Lecroy T3PS16006 ist ein Tischnetzteil mit einem schaltenden Gleichstromdesign und einstellbarem Ausgang. Es bietet einen einzelnen Ausgangskanal mit einem Spannungsbereich von 0 bis 60 Volt und einem Strombereich von 0 bis 6 Ampere. Das Netzteil liefert eine maximale Ausgangsleistung von 360 Watt und ist damit f\u00fcr verschiedene Labor- und Pr\u00fcfanwendungen geeignet. Dieses Modell enth\u00e4lt keine Fernbedienungsfunktion. Das Ger\u00e4t ist so konzipiert, dass es eine pr\u00e4zise Steuerung der Spannungs- und Stromeinstellungen innerhalb der angegebenen Bereiche erm\u00f6glicht. Sein kompaktes Design erm\u00f6glicht eine effiziente Stromversorgung f\u00fcr elektronische Test- und Entwicklungsaufgaben. Der T3PS16006 wurde entwickelt, um die Anforderungen von Anwendern zu erf\u00fcllen, die eine zuverl\u00e4ssige und einstellbare Gleichstromquelle ben\u00f6tigen.<\/p>","protected":false},"excerpt":{"rendered":"<p>Tischnetzteil, schaltend DC, einstellbar, 1 Ausgang, 0 V, 60 V, 0 A, 6 A<\/p>","protected":false},"featured_media":7189,"comment_status":"closed","ping_status":"closed","template":"","meta":{"_acf_changed":false,"slim_seo":{"title":"T3PS16006 - YOTAVIS AG","description":"Tischnetzteil, schaltend DC, einstellbar, 1 Ausgang, 0 V, 60 V, 0 A, 6 A"}},"product_brand":[542],"product_cat":[516,515],"product_tag":[],"class_list":{"0":"post-3945","1":"product","2":"type-product","3":"status-publish","4":"has-post-thumbnail","6":"product_brand-lecroy","7":"product_cat-dc-source-en","8":"product_cat-power-en","9":"pa_current-a-399","10":"pa_imax-ac-a-1019","11":"pa_output-number-146","12":"pa_power-w-403","13":"pa_remote-control-no","14":"pa_voltage-v-314","16":"first","17":"instock","18":"taxable","19":"shipping-taxable","20":"purchasable","21":"product-type-simple"},"acf":[],"_links":{"self":[{"href":"https:\/\/yotavis.ch\/de\/wp-json\/wp\/v2\/product\/3945","targetHints":{"allow":["GET"]}}],"collection":[{"href":"https:\/\/yotavis.ch\/de\/wp-json\/wp\/v2\/product"}],"about":[{"href":"https:\/\/yotavis.ch\/de\/wp-json\/wp\/v2\/types\/product"}],"replies":[{"embeddable":true,"href":"https:\/\/yotavis.ch\/de\/wp-json\/wp\/v2\/comments?post=3945"}],"wp:featuredmedia":[{"embeddable":true,"href":"https:\/\/yotavis.ch\/de\/wp-json\/wp\/v2\/media\/7189"}],"wp:attachment":[{"href":"https:\/\/yotavis.ch\/de\/wp-json\/wp\/v2\/media?parent=3945"}],"wp:term":[{"taxonomy":"product_brand","embeddable":true,"href":"https:\/\/yotavis.ch\/de\/wp-json\/wp\/v2\/product_brand?post=3945"},{"taxonomy":"product_cat","embeddable":true,"href":"https:\/\/yotavis.ch\/de\/wp-json\/wp\/v2\/product_cat?post=3945"},{"taxonomy":"product_tag","embeddable":true,"href":"https:\/\/yotavis.ch\/de\/wp-json\/wp\/v2\/product_tag?post=3945"}],"curies":[{"name":"wp","href":"https:\/\/api.w.org\/{rel}","templated":true}]}}